{"id":1976027,"date":"2021-03-05T13:58:07","date_gmt":"2021-03-05T12:58:07","guid":{"rendered":"https:\/\/de.tilta.com\/partnerprogramm\/"},"modified":"2025-01-15T06:43:52","modified_gmt":"2025-01-15T05:43:52","slug":"affiliate-program","status":"publish","type":"page","link":"https:\/\/eu.tilta.com\/de\/affiliate-program\/","title":{"rendered":"Partnerprogramm"},"content":{"rendered":"<p><a href=\"\/affiliate-area\"><img loading=\"lazy\" decoding=\"async\" class=\"alignnone wp-image-980520 size-full\" style=\"width: 100%; height: auto;\" src=\"https:\/\/static.tilta.com\/wp-content\/uploads\/2021\/03\/22133107\/join-tilta-affiliate.jpg\" alt=\"WERDEN SIE PARTNER DES TILTA AFFILIATE PROGRAMS UND VERDIENEN SIE KOMMISSIONEN - Werden Sie unser Partner und verdienen Sie 5% am Umsatz auf Tilta.com  \" width=\"1920\" height=\"1080\" srcset=\"https:\/\/static.tilta.com\/wp-content\/uploads\/2021\/03\/22133107\/join-tilta-affiliate.jpg 1920w, https:\/\/static.tilta.com\/wp-content\/uploads\/2021\/03\/22133107\/join-tilta-affiliate-1440x810.jpg 1440w, https:\/\/static.tilta.com\/wp-content\/uploads\/2021\/03\/22133107\/join-tilta-affiliate-64x36.jpg 64w, https:\/\/static.tilta.com\/wp-content\/uploads\/2021\/03\/22133107\/join-tilta-affiliate-300x169.jpg 300w, https:\/\/static.tilta.com\/wp-content\/uploads\/2021\/03\/22133107\/join-tilta-affiliate-1024x576.jpg 1024w, https:\/\/static.tilta.com\/wp-content\/uploads\/2021\/03\/22133107\/join-tilta-affiliate-1536x864.jpg 1536w, https:\/\/static.tilta.com\/wp-content\/uploads\/2021\/03\/22133107\/join-tilta-affiliate-800x450.jpg 800w\" sizes=\"(max-width: 1920px) 100vw, 1920px\" \/><\/a><\/p>\n<h1>Partnerprogramm<\/h1>\n<div class=\"row\">\n<div class=\"col-md-9\">\n<p class=\"lead\">Wenn Sie Partner werden, k\u00f6nnen Sie Ihren Umsatz steigern, indem Sie unsere meistverkauften Produkte vermarkten, darunter unsere <a href=\"\/product-category\/lens-control-systems\/\">Objektivsteuerungssysteme<\/a>, das <a href=\"\/product-category\/dji-ecosystem\/\">DJI Ecosystem<\/a>, <a href=\"\/product-category\/shop-by-camera\/\">Kamera-Rigs<\/a> f\u00fcr zahlreiche Kamerasysteme und vieles mehr.<\/p>\n<p><strong>Vorteile des Partnerprogramms:<\/strong><\/p>\n<ul>\n<li>5% Kommission auf Verk\u00e4ufe<\/li>\n<li>7-Tage-Cookie-Fenster<\/li>\n<li>Sie k\u00f6nnen unbegrenzt viel verdienen<\/li>\n<li>Beinhaltet alle Produkte auf eu.tilta.com<\/li>\n<li>Kostenlos beitreten<\/li>\n<\/ul>\n<\/div>\n<div class=\"col-md-3\">\n<div class=\"panel panel-info\">\n<div class=\"panel-heading\">Beginnen Sie heute<\/div>\n<div class=\"panel-body\">\n<p>F\u00fcllen Sie einen Antrag aus, um ein eu.tilta.com Partner zu werden.<\/p>\n<p><a class=\"btn btn-primary\" href=\"\/affiliate-area\">Jetzt bewerben<\/a><\/p>\n<\/div>\n<\/div>\n<\/div>\n<\/div>\n<style>.entry-header {display:none;}<\/style>\n","protected":false},"excerpt":{"rendered":"<p>Partnerprogramm Wenn Sie Partner werden, k\u00f6nnen Sie Ihren Umsatz steigern, indem Sie unsere meistverkauften Produkte vermarkten, darunter unsere Objektivsteuerungssysteme, das DJI Ecosystem, Kamera-Rigs f\u00fcr zahlreiche Kamerasysteme und vieles mehr. Vorteile des Partnerprogramms: 5% Kommission auf Verk\u00e4ufe 7-Tage-Cookie-Fenster Sie k\u00f6nnen unbegrenzt [&hellip;]<\/p>\n","protected":false},"author":208,"featured_media":0,"parent":0,"menu_order":0,"comment_status":"closed","ping_status":"closed","template":"","meta":{"footnotes":""},"acf":[],"_links":{"self":[{"href":"https:\/\/eu.tilta.com\/de\/wp-json\/wp\/v2\/pages\/1976027"}],"collection":[{"href":"https:\/\/eu.tilta.com\/de\/wp-json\/wp\/v2\/pages"}],"about":[{"href":"https:\/\/eu.tilta.com\/de\/wp-json\/wp\/v2\/types\/page"}],"author":[{"embeddable":true,"href":"https:\/\/eu.tilta.com\/de\/wp-json\/wp\/v2\/users\/208"}],"replies":[{"embeddable":true,"href":"https:\/\/eu.tilta.com\/de\/wp-json\/wp\/v2\/comments?post=1976027"}],"version-history":[{"count":3,"href":"https:\/\/eu.tilta.com\/de\/wp-json\/wp\/v2\/pages\/1976027\/revisions"}],"predecessor-version":[{"id":2026234,"href":"https:\/\/eu.tilta.com\/de\/wp-json\/wp\/v2\/pages\/1976027\/revisions\/2026234"}],"wp:attachment":[{"href":"https:\/\/eu.tilta.com\/de\/wp-json\/wp\/v2\/media?parent=1976027"}],"curies":[{"name":"wp","href":"https:\/\/api.w.org\/{rel}","templated":true}]}}