{"id":1976028,"date":"2018-10-23T12:30:47","date_gmt":"2018-10-23T10:30:47","guid":{"rendered":"https:\/\/de.tilta.com\/richtlinien-fuer-das-tilta-partnerprogramm\/"},"modified":"2025-01-15T06:43:59","modified_gmt":"2025-01-15T05:43:59","slug":"program-policies","status":"publish","type":"page","link":"https:\/\/eu.tilta.com\/de\/affiliate-area\/program-policies\/","title":{"rendered":"Richtlinien f\u00fcr das Tilta Partnerprogramm"},"content":{"rendered":"<p>&nbsp;<\/p>\n<p><strong>Erlaubte Werbemethoden<\/strong><\/p>\n<p>Wie Sie f\u00fcr Tilta werben, spiegelt sich in der Provision wider, die Sie verdienen! Wir f\u00f6rdern den Einsatz von Werbemethoden, die einen Mehrwert f\u00fcr Tilta darstellen und uns legitime, loyale Kunden bringen. Wir freuen uns, wenn unser Team von Partnern \u00fcber Affiliate Marketing bloggt und Tilta erw\u00e4hnt.<\/p>\n<p>Hier finden Sie einige Beispiele f\u00fcr gro\u00dfartige Werbemethoden, mit denen Sie mehr Provisionen verdienen k\u00f6nnen:<\/p>\n<ul>\n<li>Erz\u00e4hlen Sie Ihren Kunden oder Freunden von Tilta und geben Sie ihnen Ihren Empfehlungslink.<\/li>\n<li>Schreiben Sie eine Rezension oder einen Blogbeitrag \u00fcber Affiliate Marketing oder Tilta und verlinken Sie mit Ihrem Empfehlungslink auf unsere Seite.<\/li>\n<li>Erreichen Sie \u00fcber Ihre Konten in den sozialen Netzwerken ein breites Publikum. Twittern Sie \u00fcber uns auf Twitter mit Ihrem Affiliate-Empfehlungslink, posten Sie \u00fcber uns auf Facebook mit Ihrem Affiliate-Link oder informieren Sie Ihre Linkedin-Follower \u00fcber Affiliate-Marketing mit Ihrem Affiliate-Link. Spamfreie Werbung ist eine gro\u00dfartige M\u00f6glichkeit, mehr Empfehlungen zu erhalten!<\/li>\n<li>Bieten Sie anderen einen Mehrwert, indem Sie auf verwandte Fragen auf anderen Websites mit hilfreichen Antworten antworten und Ihren Empfehlungslink in Ihren Antworten verwenden.<\/li>\n<\/ul>\n<p>&nbsp;<\/p>\n<p><strong>Verbotene Werbemethoden<\/strong><\/p>\n<p>Wir lieben und unterst\u00fctzen unser Produkt zu 100%, und wir sind sehr vorsichtig damit, wie es beworben wird, also wollen wir Partner, die ebenfalls zu 100% hinter uns stehen! Die unten aufgef\u00fchrten verbotenen Werbemethoden sollen Sie nicht abschrecken &#8211; sie sind dazu da, Sie, uns und unsere Kunden vor irren oder betr\u00fcgerischen Aktivit\u00e4ten zu sch\u00fctzen, was wir sehr ernst nehmen. Wir wissen, dass Sie das verstehen werden. Hier sind sie schriftlich, nur f\u00fcr den Fall, dass Sie sich nicht ganz sicher sind, was erlaubt und was nicht erlaubt ist.<\/p>\n<ul>\n<li><strong>Tilta darf nicht auf Coupon-Seiten beworben werden.<\/strong><\/li>\n<li><strong>Jede Website, die Marken- oder Produktnamen im Domainnamen verwendet<\/strong><br \/>\nDomainnamen, die W\u00f6rter wie Tilta, Nucleus M, G2X oder andere Marken-\/Produktnamen und deren falsche Schreibweisen verwenden, sind verboten.<\/li>\n<li><strong>Jede Art von Spam ist verboten<\/strong><br \/>\nLinks, Werbung, E-Mails, Kommentare&#8230; jede Art von Spam. Bitte beachten Sie die Regeln f\u00fcr die Ver\u00f6ffentlichung auf Websites von Drittanbietern, die Sie zur Werbung f\u00fcr Tilta verwenden. Dies ist keine ersch\u00f6pfende Liste von Spam-Methoden; wenn wir entscheiden, dass Ihre Aktivit\u00e4t Spam ist, ist es Spam.<\/li>\n<li><strong>Jegliche illegale oder von uns als anst\u00f6\u00dfig erachtete Aktivit\u00e4t ist verboten<br \/>\n<\/strong>Dies kann dazu f\u00fchren, dass Empfehlungen abgelehnt werden und\/oder Ihr Partnerkonto deaktiviert wird. Siehe oben f\u00fcr erlaubte und supercoole Werbemethoden!<\/li>\n<li><strong>Wir f\u00fchlen uns geschmeichelt, aber bitte geben Sie nicht vor, beruflich mit Tilta verbunden zu sein<br \/>\n<\/strong>. Sie d\u00fcrfen sich nicht als Angestellter oder etwas anderes als ein Partner von Tilta darstellen.<\/li>\n<li><strong>Es ist verboten, sich <em>als<\/em> Tilta auszugeben<br \/>\n<\/strong>. Das Klonen unserer Website, das Kopieren unserer Website, die Verwendung unserer urheberrechtlich gesch\u00fctzten Website-Assets und das Vort\u00e4uschen, dass eine von Ihnen erstellte Website eine offizielle Tilta-Website ist, ist unethisch und verboten (dies schlie\u00dft die Verwendung von Diensten ein, die Websites automatisch klonen oder in Iframes platzieren).<\/li>\n<li><strong>Die Verwendung des Google-Werbenetzwerks ist verboten.<\/strong>  Andere Werbenetzwerke k\u00f6nnen von Fall zu Fall in Betracht gezogen werden.<\/li>\n<li><strong>Auch hier gilt: Falsche Werbung gegen\u00fcber Kunden<\/strong>, dass Sie von Tilta unterst\u00fctzt oder betrieben werden, ist verboten.<\/li>\n<\/ul>\n<p>Wenn Sie unsicher sind oder bef\u00fcrchten, dass eine Aktivit\u00e4t, die Sie vorhaben, als verboten gelten k\u00f6nnte, fragen Sie uns bitte.<\/p>\n<p>&nbsp;<\/p>\n<p><strong>Konsequenzen von verbotenen Werbemethoden<\/strong><\/p>\n<p>Wenn Ihre Werbemethoden nicht mit diesen Bedingungen \u00fcbereinstimmen, k\u00f6nnen Ihre Empfehlungen abgelehnt werden und wir k\u00f6nnen Ihr Partnerkonto deaktivieren. Wir behalten uns das Recht vor, dies zu tun und k\u00f6nnen Sie in diesem Fall benachrichtigen oder auch nicht. Bitte nutzen Sie die erlaubten Werbemethoden und helfen Sie uns, Ihnen zum Erfolg als Partner zu verhelfen!<\/p>\n<p>&nbsp;<\/p>\n<p><strong>Ungeeignete Websites<\/strong><\/p>\n<p>Die folgenden Arten von Websites d\u00fcrfen keine Partner werden: Websites f\u00fcr Erwachsene, Websites, die nicht jugendfreies Material oder Banner anzeigen, Websites, die Gewalt, Hass oder Fanatismus f\u00f6rdern, Websites, die illegale Aktivit\u00e4ten f\u00f6rdern oder betreiben, einschlie\u00dflich (aber nicht beschr\u00e4nkt auf) nicht autorisierte Wiederverkaufs-Websites, Coupon-Sites und andere. Affiliate-Antr\u00e4ge f\u00fcr unangemessene Websites werden abgelehnt, und wir behalten uns das Recht vor, eine Begr\u00fcndung f\u00fcr die Ablehnung zu liefern oder nicht.<\/p>\n","protected":false},"excerpt":{"rendered":"<p>&nbsp; Erlaubte Werbemethoden Wie Sie f\u00fcr Tilta werben, spiegelt sich in der Provision wider, die Sie verdienen! Wir f\u00f6rdern den Einsatz von Werbemethoden, die einen Mehrwert f\u00fcr Tilta darstellen und uns legitime, loyale Kunden bringen. Wir freuen uns, wenn unser [&hellip;]<\/p>\n","protected":false},"author":208,"featured_media":0,"parent":2026239,"menu_order":0,"comment_status":"closed","ping_status":"closed","template":"","meta":{"footnotes":""},"acf":[],"_links":{"self":[{"href":"https:\/\/eu.tilta.com\/de\/wp-json\/wp\/v2\/pages\/1976028"}],"collection":[{"href":"https:\/\/eu.tilta.com\/de\/wp-json\/wp\/v2\/pages"}],"about":[{"href":"https:\/\/eu.tilta.com\/de\/wp-json\/wp\/v2\/types\/page"}],"author":[{"embeddable":true,"href":"https:\/\/eu.tilta.com\/de\/wp-json\/wp\/v2\/users\/208"}],"replies":[{"embeddable":true,"href":"https:\/\/eu.tilta.com\/de\/wp-json\/wp\/v2\/comments?post=1976028"}],"version-history":[{"count":1,"href":"https:\/\/eu.tilta.com\/de\/wp-json\/wp\/v2\/pages\/1976028\/revisions"}],"predecessor-version":[{"id":2026235,"href":"https:\/\/eu.tilta.com\/de\/wp-json\/wp\/v2\/pages\/1976028\/revisions\/2026235"}],"up":[{"embeddable":true,"href":"https:\/\/eu.tilta.com\/de\/wp-json\/wp\/v2\/pages\/2026239"}],"wp:attachment":[{"href":"https:\/\/eu.tilta.com\/de\/wp-json\/wp\/v2\/media?parent=1976028"}],"curies":[{"name":"wp","href":"https:\/\/api.w.org\/{rel}","templated":true}]}}