{"id":1996489,"date":"2018-10-23T12:45:28","date_gmt":"2018-10-23T10:45:28","guid":{"rendered":"https:\/\/de.tilta.com\/garantie\/"},"modified":"2018-10-23T12:45:28","modified_gmt":"2018-10-23T10:45:28","slug":"warranty","status":"publish","type":"page","link":"https:\/\/eu.tilta.com\/de\/warranty\/","title":{"rendered":"Garantie"},"content":{"rendered":"<p><strong>DIESE EINGESCHR\u00c4NKTE GARANTIE GIBT IHNEN BESTIMMTE RECHTE UND SIE K\u00d6NNEN AUCH ANDERE RECHTE HABEN, DIE VON STAAT ZU STAAT VARIIEREN.<\/strong><\/p>\n<p><strong>DIESE BESCHR\u00c4NKTE GARANTIE FINDEN SIE AUCH UNTER DE.TILTA.COM\/WARRANTY UND IN DER DOKUMENTATION, DIE WIR MIT DEN PRODUKTEN LIEFERN.<\/strong><\/p>\n<p><strong>WIR GARANTIEREN, DASS DIE AUF DER WEBSITE GEKAUFTEN PRODUKTE W\u00c4HREND DER GARANTIEZEIT FREI VON MATERIAL- UND VERARBEITUNGSFEHLERN SIND.<\/strong><\/p>\n<p><strong>WIR GARANTIEREN AUSSERDEM, DASS DIE AUF DER WEBSITE ERWORBENEN DIENSTLEISTUNGEN W\u00c4HREND DER GARANTIEZEIT AUF PROFESSIONELLE WEISE UND IN \u00dcBEREINSTIMMUNG MIT ALLGEMEIN ANERKANNTEN INDUSTRIESTANDARDS F\u00dcR \u00c4HNLICHE DIENSTLEISTUNGEN ERBRACHT WERDEN.<\/strong><\/p>\n<p><strong>WIR BESCHR\u00c4NKEN DIE DAUER UND DIE RECHTSMITTEL ALLER STILLSCHWEIGENDEN GARANTIEN, EINSCHLIESSLICH UND OHNE EINSCHR\u00c4NKUNG DER GARANTIEN DER MARKTG\u00c4NGIGKEIT UND DER EIGNUNG F\u00dcR EINEN BESTIMMTEN ZWECK, AUF DIE DAUER DIESER BESCHR\u00c4NKTEN GARANTIE.<\/strong><\/p>\n<p><strong> <\/strong><strong>EINIGE STAATEN ERLAUBEN KEINE EINSCHR\u00c4NKUNG DER DAUER EINER STILLSCHWEIGENDEN GARANTIE, SO DASS DIE OBIGE EINSCHR\u00c4NKUNG F\u00dcR SIE M\u00d6GLICHERWEISE NICHT GILT.<\/strong><\/p>\n<p><strong>UNSERE VERANTWORTUNG F\u00dcR FEHLERHAFTE PRODUKTE BESCHR\u00c4NKT SICH AUF DIE REPARATUR, DEN ERSATZ ODER DIE R\u00dcCKERSTATTUNG, WIE IN DIESER GARANTIEERKL\u00c4RUNG DARGELEGT. UNSERE VERANTWORTUNG F\u00dcR MANGELHAFTE DIENSTLEISTUNGEN BESCHR\u00c4NKT SICH AUF DIE REPARATUR, NACHERF\u00dcLLUNG ODER R\u00dcCKERSTATTUNG, WIE IN DIESER GARANTIEERKL\u00c4RUNG DARGELEGT. WEDER EINE LEISTUNG ODER EIN ANDERES VERHALTEN, NOCH EINE M\u00dcNDLICHE ODER SCHRIFTLICHE INFORMATION, ERKL\u00c4RUNG ODER BERATUNG DURCH UNS ODER EINEN UNSERER VERTRETER ODER MITARBEITER BEGR\u00dcNDEN EINE GARANTIE ODER ERH\u00d6HEN IN IRGENDEINER WEISE DEN UMFANG ODER DIE DAUER DIESER BESCHR\u00c4NKTEN GARANTIE.<\/strong><\/p>\n<p>&nbsp;<\/p>\n<p><u>Wer kann diese Garantie in Anspruch nehmen<\/u>?<\/p>\n<p>Diese eingeschr\u00e4nkte Garantie gilt nur f\u00fcr den Erstk\u00e4ufer von Produkten und Dienstleistungen von dieser Website. Sie erstreckt sich nicht auf sp\u00e4tere oder andere Eigent\u00fcmer oder \u00dcbernehmer des Produkts oder auf \u00dcbernehmer oder andere Nutznie\u00dfer der Dienstleistung.<\/p>\n<p>&nbsp;<\/p>\n<p><u>Was deckt diese Garantie ab<\/u>?<\/p>\n<p>Diese eingeschr\u00e4nkte Garantie deckt w\u00e4hrend der Garantiezeit (wie unten definiert) Material- und Verarbeitungsfehler an Produkten und Dienstleistungen ab, die Sie auf der Website erworben haben.<\/p>\n<p>&nbsp;<\/p>\n<p><u>Was deckt diese Garantie nicht ab<\/u>?<\/p>\n<p>Diese beschr\u00e4nkte Garantie deckt keine Sch\u00e4den ab, die auf Folgendes zur\u00fcckzuf\u00fchren sind:<\/p>\n<p>(i) Transport;<br \/>\n(ii) Lagerung;<br \/>\n(iii) unsachgem\u00e4\u00dfe Verwendung;<br \/>\n(iv) Nichtbeachtung der Produktanweisungen oder Nichtdurchf\u00fchrung einer vorbeugenden Wartung;<br \/>\n(v) \u00c4nderungen;<br \/>\n(vi) die Kombination oder Verwendung mit Produkten, Materialien, Verfahren, Systemen oder anderen Dingen, die nicht von Tilta Inc. bereitgestellt oder schriftlich genehmigt wurden;<br \/>\n(vii) nicht autorisierte Reparatur;<br \/>\n(viii) normale Abnutzung oder Verschlei\u00df; oder<br \/>\n(ix) externe Ursachen wie Unf\u00e4lle, Missbrauch oder andere Handlungen oder Ereignisse, die sich unserer Kontrolle entziehen.<\/p>\n<p>&nbsp;<\/p>\n<p><u>Wie lange ist der Versicherungsschutz<\/u>?<\/p>\n<p>Diese eingeschr\u00e4nkte Garantie beginnt mit dem Datum Ihres Kaufs und dauert zwei Jahre f\u00fcr Maschinenteile, ein Jahr f\u00fcr elektronische Teile und 30 Tage f\u00fcr Kabelteile (die<strong>&#8220;Garantiezeit<\/strong>&#8220;). Die Garantiezeit wird nicht verl\u00e4ngert, wenn wir ein garantiertes Produkt reparieren oder ersetzen oder eine garantierte Dienstleistung erneut erbringen. Wir k\u00f6nnen die Verf\u00fcgbarkeit dieser eingeschr\u00e4nkten Garantie nach eigenem Ermessen \u00e4ndern, aber alle \u00c4nderungen sind nicht r\u00fcckwirkend.<\/p>\n<p>&nbsp;<\/p>\n<p><u>Welche Rechtsmittel stehen Ihnen im Rahmen dieser Garantie<\/u> zur Verf\u00fcgung?<\/p>\n<p>Bei defekten Produkten w\u00e4hrend der Garantiezeit reparieren oder ersetzen wir diese Produkte (oder das defekte Teil) nach eigenem Ermessen kostenlos. Wir \u00fcbernehmen auch die Versandkosten f\u00fcr die R\u00fccksendung des reparierten oder ausgetauschten Produkts an Sie.<\/p>\n<p>&nbsp;<\/p>\n<p><u>Wie erhalten Sie den Garantieservice<\/u>?<\/p>\n<p>Um eine Garantieleistung zu erhalten, m\u00fcssen Sie w\u00e4hrend der Garantiezeit telefonisch unter 818-561-4991 oder per E-Mail unter <a href=\"mailto:support@tilta.com\">support@tilta.com<\/a> eine RMA-Nummer anfordern. Ohne eine RMA-Nummer wird keine Garantieleistung erbracht, und alle Garantier\u00fcckgaben m\u00fcssen den R\u00fcckgaberichtlinien von Tilta Inc. entsprechen. M\u00f6glicherweise werden Sie auch gebeten, Fotos des Schadens einzureichen.<\/p>\n<p>&nbsp;<\/p>\n<p><u>Einschr\u00e4nkung der Haftung<\/u>.<\/p>\n<p><strong>DIE OBEN BESCHRIEBENEN RECHTSMITTEL SIND IHRE EINZIGEN UND AUSSCHLIESSLICHEN RECHTSMITTEL UND UNSERE GESAMTE VERPFLICHTUNG UND HAFTUNG F\u00dcR EINE VERLETZUNG DIESER BESCHR\u00c4NKTEN GARANTIE. UNSERE HAFTUNG \u00dcBERSTEIGT UNTER KEINEN UMST\u00c4NDEN DEN TATS\u00c4CHLICHEN BETRAG, DEN SIE F\u00dcR DAS MANGELHAFTE PRODUKT ODER DIE MANGELHAFTE DIENSTLEISTUNG, DIE SIE \u00dcBER DIE WEBSITE ERWORBEN HABEN, GEZAHLT HABEN, NOCH HAFTEN WIR UNTER KEINEN UMST\u00c4NDEN F\u00dcR PRODUKTIONS-, ARBEITS-, DATEN-, NUTZUNGS-, GESCH\u00c4FTS-, FIRMENWERT-, RUF-, EINKOMMENS- ODER GEWINNVERLUSTE, WERTMINDERUNGEN, KOSTEN F\u00dcR ERSATZWAREN ODER -DIENSTLEISTUNGEN ODER JEGLICHE FOLGESCH\u00c4DEN, BEIL\u00c4UFIG ENTSTANDENE SCH\u00c4DEN ODER VERLUSTE MIT STRAFCHARAKTER, OB DIREKT ODER INDIREKT.<\/strong><\/p>\n<p><strong> <\/strong><\/p>\n<p><strong>IN EINIGEN STAATEN IST DER AUSSCHLUSS ODER DIE BESCHR\u00c4NKUNG VON ZUF\u00c4LLIGEN SCH\u00c4DEN ODER FOLGESCH\u00c4DEN NICHT ZUL\u00c4SSIG, SO DASS DIE OBIGE BESCHR\u00c4NKUNG ODER DER AUSSCHLUSS M\u00d6GLICHERWEISE NICHT AUF SIE ZUTRIFFT.<\/strong><\/p>\n","protected":false},"excerpt":{"rendered":"<p>DIESE EINGESCHR\u00c4NKTE GARANTIE GIBT IHNEN BESTIMMTE RECHTE UND SIE K\u00d6NNEN AUCH ANDERE RECHTE HABEN, DIE VON STAAT ZU STAAT VARIIEREN. DIESE BESCHR\u00c4NKTE GARANTIE FINDEN SIE AUCH UNTER DE.TILTA.COM\/WARRANTY UND IN DER DOKUMENTATION, DIE WIR MIT DEN PRODUKTEN LIEFERN. WIR GARANTIEREN, [&hellip;]<\/p>\n","protected":false},"author":208,"featured_media":0,"parent":0,"menu_order":0,"comment_status":"closed","ping_status":"closed","template":"","meta":{"footnotes":""},"acf":[],"_links":{"self":[{"href":"https:\/\/eu.tilta.com\/de\/wp-json\/wp\/v2\/pages\/1996489"}],"collection":[{"href":"https:\/\/eu.tilta.com\/de\/wp-json\/wp\/v2\/pages"}],"about":[{"href":"https:\/\/eu.tilta.com\/de\/wp-json\/wp\/v2\/types\/page"}],"author":[{"embeddable":true,"href":"https:\/\/eu.tilta.com\/de\/wp-json\/wp\/v2\/users\/208"}],"replies":[{"embeddable":true,"href":"https:\/\/eu.tilta.com\/de\/wp-json\/wp\/v2\/comments?post=1996489"}],"version-history":[{"count":0,"href":"https:\/\/eu.tilta.com\/de\/wp-json\/wp\/v2\/pages\/1996489\/revisions"}],"wp:attachment":[{"href":"https:\/\/eu.tilta.com\/de\/wp-json\/wp\/v2\/media?parent=1996489"}],"curies":[{"name":"wp","href":"https:\/\/api.w.org\/{rel}","templated":true}]}}