{"id":1996622,"date":"2015-07-29T22:22:35","date_gmt":"2015-07-29T20:22:35","guid":{"rendered":"https:\/\/de.tilta.com\/ueber\/"},"modified":"2015-07-29T22:22:35","modified_gmt":"2015-07-29T20:22:35","slug":"about","status":"publish","type":"page","link":"https:\/\/eu.tilta.com\/de\/about\/","title":{"rendered":"\u00dcber"},"content":{"rendered":"<p>Das 2010 gegr\u00fcndete Unternehmen Tilta hat sich schon immer der Bereitstellung hochwertiger Foto- und Filmausr\u00fcstung verschrieben.<\/p>\n<p>Als ehrgeiziges Start-up-Unternehmen haben wir unsere Produktlinie von Zubeh\u00f6rkits f\u00fcr DSLRs auf die vollst\u00e4ndige Unterst\u00fctzung branchenf\u00fchrender Kinokameras erweitert. Durch diesen Prozess hat sich Tilta von einem Hersteller zu einem Anbieter integrierter L\u00f6sungen entwickelt, der sich durch drahtlose Objektivsteuerung, Kamerak\u00e4fige, kardanische St\u00fctzsysteme, sto\u00dfd\u00e4mpfende Autohalterungen usw. auszeichnet.<\/p>\n<p>Tilta hat seinen Sitz in Shenzhen, das weithin als Chinas Silicon Valley bekannt ist, und wurde mit Blick auf eine weltweite Expansion gegr\u00fcndet. Kurz nachdem wir unsere erste Flagge in Nordamerika gehisst hatten, konnte Tilta Inc. bereits beeindruckende Ergebnisse verzeichnen. Unser US-Hauptsitz ist stolz darauf, eine der ersten Adressen f\u00fcr die Filmproduktion f\u00fcr Hollywood- und Independent-Filmemacher zu sein.<\/p>\n<p>Unsere Arbeit mit dem ASC Clubhouse hat uns viele Gelegenheiten gegeben, mit lokalen High-End-Produktionsteams in den USA zusammenzuarbeiten. Dank dieser Partnerschaft k\u00f6nnen wir einen Blick hinter die Kulissen von Gro\u00dfproduktionen werfen, Einblicke in verschiedene Bereiche der Unterhaltungsindustrie gewinnen und unser Fundament ausbauen, um unsere Produkte st\u00e4ndig zu verbessern und die Bed\u00fcrfnisse von Berufst\u00e4tigen zu unterst\u00fctzen.<\/p>\n<p>Auf globaler Ebene haben wir durch die Zusammenarbeit mit renommierten Filmemachern unsere Produkte unter Ber\u00fccksichtigung ihrer Erfahrungen und Anregungen weiterentwickelt. Wir hoffen, dass unsere kleinen Schritte zu gro\u00dfen Spr\u00fcngen f\u00fcr die gesamte Branche f\u00fchren k\u00f6nnen.<\/p>\n<p>Nach jahrelanger unerm\u00fcdlicher Arbeit gelang Tilta 2016 der Durchbruch auf dem Hollywood-Markt f\u00fcr elektronisches Steuerungszubeh\u00f6r. Im selben Jahr wurde Tilta Inc. gegr\u00fcndet und sein Showroom in Los Angeles im April 2017 er\u00f6ffnet.<\/p>\n<p>2020 war ein Jahr wie kein anderes. Viele Bereiche unserer Branche haben sich ver\u00e4ndert, aber Tilta hat sich weiterhin f\u00fcr die Bed\u00fcrfnisse unserer Filmgemeinschaft eingesetzt und sie bei der Bew\u00e4ltigung der neuen Herausforderungen, die die Pandemie mit sich bringt, unterst\u00fctzt. Mit der kontinuierlichen Ver\u00f6ffentlichung neuer Produkte konnte Tilta den Nutzern helfen, mit weniger mehr zu erreichen und mit kleineren Crews High-End-Visuals zu erstellen, um die Produktionsbeschr\u00e4nkungen von Covid einzuhalten. Ob es sich um das Hydra Alien Auto-Montagesystem und das anpassbare RED Komodo Zubeh\u00f6r-Kit oder das DJI RS 2 \u00d6kosystem handelt, jede neue Ver\u00f6ffentlichung von Tilta regt die Fantasie der Benutzer an und f\u00fchrt zu endloser Kreativit\u00e4t und M\u00f6glichkeiten.<\/p>\n<p>Das Tilta Float Handheld Gimbal Support System bietet den Benutzern die gleiche Flexibilit\u00e4t und Bewegungsfreiheit wie die weitaus teureren traditionellen Steadicam-Systeme, die bisher nur auf Big-Budget-Sets zu sehen waren.<\/p>\n<p>Die Hydra Alien hat einen revolution\u00e4ren Weg eingeschlagen, indem sie eine leicht zug\u00e4ngliche Auto-Montagel\u00f6sung f\u00fcr spiegellose Consumer-Kameras anbot, die allen Filmemachern die gleichen Voraussetzungen bot.<\/p>\n<p>Tilta hat sein Streben nach st\u00e4ndiger Verbesserung, innovativem Design und hochwertigen Produkten nie aufgegeben.<\/p>\n<p>Wir sind immer noch auf der Stra\u00dfe unterwegs.<\/p>\n","protected":false},"excerpt":{"rendered":"<p>Das 2010 gegr\u00fcndete Unternehmen Tilta hat sich schon immer der Bereitstellung hochwertiger Foto- und Filmausr\u00fcstung verschrieben. Als ehrgeiziges Start-up-Unternehmen haben wir unsere Produktlinie von Zubeh\u00f6rkits f\u00fcr DSLRs auf die vollst\u00e4ndige Unterst\u00fctzung branchenf\u00fchrender Kinokameras erweitert. Durch diesen Prozess hat sich Tilta [&hellip;]<\/p>\n","protected":false},"author":1,"featured_media":0,"parent":0,"menu_order":7,"comment_status":"open","ping_status":"open","template":"","meta":{"footnotes":""},"acf":[],"_links":{"self":[{"href":"https:\/\/eu.tilta.com\/de\/wp-json\/wp\/v2\/pages\/1996622"}],"collection":[{"href":"https:\/\/eu.tilta.com\/de\/wp-json\/wp\/v2\/pages"}],"about":[{"href":"https:\/\/eu.tilta.com\/de\/wp-json\/wp\/v2\/types\/page"}],"author":[{"embeddable":true,"href":"https:\/\/eu.tilta.com\/de\/wp-json\/wp\/v2\/users\/1"}],"replies":[{"embeddable":true,"href":"https:\/\/eu.tilta.com\/de\/wp-json\/wp\/v2\/comments?post=1996622"}],"version-history":[{"count":0,"href":"https:\/\/eu.tilta.com\/de\/wp-json\/wp\/v2\/pages\/1996622\/revisions"}],"wp:attachment":[{"href":"https:\/\/eu.tilta.com\/de\/wp-json\/wp\/v2\/media?parent=1996622"}],"curies":[{"name":"wp","href":"https:\/\/api.w.org\/{rel}","templated":true}]}}