{"id":2016768,"date":"2024-11-13T11:27:44","date_gmt":"2024-11-13T10:27:44","guid":{"rendered":"https:\/\/eu.tilta.com\/agb\/"},"modified":"2024-11-13T11:27:44","modified_gmt":"2024-11-13T10:27:44","slug":"agb","status":"publish","type":"page","link":"https:\/\/eu.tilta.com\/de\/agb\/","title":{"rendered":"AGB"},"content":{"rendered":"<style>\n  h1.entry-title{display:none;}\n<\/style>\n<p style=\"text-align: center;\"><strong>ALLGEMEINE GESCH\u00c4FTSBEDINGUNGEN f\u00fcr Webshop (AGB)<\/strong><\/p>\n<p style=\"text-align: center;\">(Stand: 10.2024)<\/p>\n<p>&nbsp;<\/p>\n<p><strong>1. Geltungsbereich der AGB<\/strong><\/p>\n<p><strong>1.1<br \/>\n<\/strong>Diese Gesch\u00e4ftsbedingungen in der zum Zeitpunkt der Bestellung im Internet vorliegenden Fassung gelten stets und ausschlie\u00dflich f\u00fcr den Kauf von Waren aus dem Webshop-Sortiment der UTT Technology GmbH<strong>(UTT<\/strong>) unter <a href=\"https:\/\/eu.tilta.com\">eu.tilta.com<\/a>.<\/p>\n<p><strong>1.2<\/strong><br \/>\nAbweichende, entgegenstehende Gesch\u00e4ftsbedingungen des Kunden gelten in keinem Fall, es sei denn, <strong>UTT<\/strong> stimmt ihrer Geltung im Einzelfall ausdr\u00fccklich in schriftlicher Form zu.<\/p>\n<p>Im Einzelfall getroffene, individuelle Vereinbarungen mit dem Kunden (einschlie\u00dflich Nebenabreden, Erg\u00e4nzungen und \u00c4nderungen) haben in jedem Fall Vorrang vor diesen Gesch\u00e4ftsbedingungen. F\u00fcr den Inhalt derartiger Vereinbarungen ist, vorbehaltlich des Gegenbeweises, ein schriftlicher Vertrag bzw. eine schriftliche Vereinbarung erforderlich. die schriftliche Best\u00e4tigung von <strong>UTT<\/strong> ma\u00dfgebend.<\/p>\n<p><strong>1.3<\/strong><br \/>\nHinweise auf die Geltung gesetzlicher Vorschriften haben nur klarstellende Bedeutung. Auch ohne eine derartige Klarstellung gelten daher die gesetzlichen Vorschriften, soweit sie in diesen Gesch\u00e4ftsbedingungen nicht unmittelbar abge\u00e4ndert oder ausdr\u00fccklich ausgeschlossen werden.<\/p>\n<p>&nbsp;<\/p>\n<p><strong>2. <\/strong><strong>Angaben zur Anbieterin\/ Definitionen<\/strong><\/p>\n<p><strong>2.1<\/strong><\/p>\n<p>Anbieterin: UTT Technology GmbH<\/p>\n<p>Anschrift: Lise-Meinter-Allee 13, D-44801 Bochum<\/p>\n<p>Registergericht: Amtsgericht Bochum<\/p>\n<p>Registernummer: HRB 21934<\/p>\n<p>Gesch\u00e4ftsf\u00fchrer: Huang Wang<\/p>\n<p>Ust.-ID: DE370356389<\/p>\n<p><strong>2.2<\/strong><\/p>\n<p>Kunden k\u00f6nnen sowohl Verbraucher (\u00a7 13 BGB) als auch Unternehmer (\u00a7 14 BGB) sein.<\/p>\n<p><u>Verbraucher<\/u> i.S.d. \u00a7 13 BGB ist jede nat\u00fcrliche Person, die den Vertrag zu einem Zweck abschlie\u00dft, der \u00fcberwiegend (d.h. zu mehr als 50 %) weder ihrer gewerblichen noch ihrer selbst\u00e4ndigen beruflichen T\u00e4tigkeit zugerechnet werden kann.<\/p>\n<p><u>Unternehmer<\/u> i.S.d. 14 BGB ist eine nat\u00fcrliche oder juristische Person oder eine rechtsf\u00e4hige Personengesellschaft, die bei Abschluss eines Rechtsgesch\u00e4fts in Aus\u00fcbung ihrer gewerblichen oder selbst\u00e4ndigen beruflichen T\u00e4tigkeit handelt.<\/p>\n<p>&nbsp;<\/p>\n<p><strong>3. <\/strong><strong>Bestellablauf und Vertragsschluss\/ Vertragssprache<\/strong><\/p>\n<p><strong>3.1<\/strong><br \/>\nDer Kunde kann aus dem Sortiment von <strong>UTT<\/strong> im Web-Shop unter <a href=\"https:\/\/eu.tilta.com\">eu.tilta.com<\/a> ein oder mehrere Produkte ausw\u00e4hlen und diese \u00fcber den Button <u>&#8220;in den Warenkorb legen<\/u>&#8221; in einen sogenannten Warenkorb sammeln.<\/p>\n<p>Hat der Kunde alle Produkte gesammelt, die er bestellen m\u00f6chte, best\u00e4tigt er dies im Warenkorb mit dem Button &#8220;<u>weiter zur Kasse&#8221;.<\/u><\/p>\n<p>Der Kunde hat nun die Wahl, ob er die Bestellung als sogenannter Gast, also ohne Registrierung, durchf\u00fchren m\u00f6chte oder ein Kundenkonto zu er\u00f6ffnen bzw. zu verkaufen. sich in ein bestehendes Kundenkonto einzuloggen. Sofern der Kunde die<\/p>\n<p>Bestellung als Gast durchf\u00fchrt, hat er die Rechnungsdetails in der Eingabemaske angegeben.<\/p>\n<p>Im Anschluss muss der Kunde die Zahlungsart ausw\u00e4hlen. Dabei kann er jeweils aus den ihm angezeigten Zahlarten ausw\u00e4hlen.<\/p>\n<p>Sodann erh\u00e4lt der Kunde nochmals eine Zusammenfassung der gesamten Bestellung. \u00dcber den Button <em>&#8220;<\/em><u>kostenpflichtig bestellen<\/u><em>&#8220;<\/em> gibt er schlie\u00dflich ein <strong>verbindliches Angebot<\/strong> zum Kauf der im Warenkorb befindlichen Produkte ab.<\/p>\n<p>Vor Abschicken der Bestellung kann der Kunde die Angaben jederzeit einsehen und etwaige Eingabefehler \u00e4ndern oder den Bestellvorgang sogar ganz abbrechen.<\/p>\n<p>Das verbindliche Angebot zum Vertragsschluss kann der Kunde nur abgeben, wenn er durch Klicken auf den Button <em>&#8220;<\/em><u>AGB akzeptieren<\/u><em>&#8220;<\/em> diese Gesch\u00e4ftsbedingungen akzeptiert und dadurch in sein Angebot aufgenommen hat.<\/p>\n<p><strong>3.2<\/strong><br \/>\nUTT wird daraufhin dem Kunden eine automatische Empfangsbest\u00e4tigung per E-Mail zuschicken, in welcher die Bestellung des Kunden nochmals aufgef\u00fchrt wird und die der Kunde \u00fcber die Funktion &#8220;<u>Drucken<\/u>&#8221; ausdrucken kann.<\/p>\n<p>Die automatische Empfangsbest\u00e4tigung dokumentiert lediglich, dass die Bestellung des Kunden bei UTT eingegangen ist und stellt keine Annahme des Angebots dar.<\/p>\n<p>Der Kaufvertrag kommt erst durch die Abgabe einer gesonderten Annahmeerkl\u00e4rung von UTT zustande, die per E-Mail (Auftragsbest\u00e4tigung) an den Kunden versandt wird.<\/p>\n<p><strong>3.3<\/strong><br \/>\nDer Vertragsabschluss erfolgt ausschlie\u00dflich in deutscher Sprache.<\/p>\n<p>&nbsp;<\/p>\n<p><strong>4. Warenverf\u00fcgbarkeit\/ Lieferbedingungen<\/strong><\/p>\n<p><strong>4.1<\/strong><br \/>\nSind zum Zeitpunkt der Bestellung des Kunden keine Exemplare des von ihm ausgew\u00e4hlten Produkts verf\u00fcgbar, so teilt <strong>UTT<\/strong> dem Kunden dies in der Auftragsbest\u00e4tigung unverz\u00fcglich mit.<\/p>\n<p>Ist das Produkt dauerhaft nicht lieferbar, wird <strong>UTT<\/strong> keine Annahmeerkl\u00e4rung abgeben. Ein Vertrag kommt in diesem Fall dann nicht zustande.<\/p>\n<p><strong>4.2<\/strong><br \/>\nIst das von dem Kunden in der Bestellung bezeichnete Produkt nur vor\u00fcbergehend nicht verf\u00fcgbar, teilt <strong>UTT<\/strong> dem Kunden dies unverz\u00fcglich in der Auftragsbest\u00e4tigung per E-Mail mit.<\/p>\n<p>Bei einer Lieferverz\u00f6gerung von mehr als drei Wochen hat der Kunde das Recht, vom Vertrag zur\u00fcckzutreten.<\/p>\n<p>Im \u00dcbrigen ist in diesem Fall auch <strong>UTT<\/strong> berechtigt, sich vom Vertrag zu l\u00f6sen. Hierbei wird sie eventuell bereits geleistete Zahlungen des Kunden unverz\u00fcglich diesem erstatten.<strong> <\/strong><\/p>\n<p><strong>4.3<\/strong><br \/>\nDer Versand der Ware erfolgt per Postversand. Eine Selbstabholung ist nicht m\u00f6glich.<\/p>\n<p>Das Versandrisiko tr\u00e4gt UTT, wenn der Kunde Verbraucher ist.<\/p>\n<p>Ist der Kunde Unternehmer, tr\u00e4gt er hingegen das Versandrisiko.<\/p>\n<p><strong>4.4<\/strong><br \/>\nDie Lieferung der Waren erfolgt durch die innerhalb des Bestellvorgangs angegebenen Logistikdienstleister und ausschlie\u00dflich an die vom Kunden bei der Bestellung hinterlegte Lieferanschrift. Der Kunde ist mit einer Ersatzzustellung an Haushaltsangeh\u00f6rige und Nachbarn einverstanden.<\/p>\n<p>Es bestehen die folgenden Lieferbeschr\u00e4nkungen: <strong>UTT<\/strong> liefert nur an Kunden, die ihren gew\u00f6hnlichen Aufenthalt (Rechnungsadresse) in der europ\u00e4ischen Union haben und dort eine Lieferadresse angeben k\u00f6nnen.<\/p>\n<p>Derzeit erfolgt die Auslieferung der Waren \u00fcber die Logistikanbieter DHL auf Grundlage ihrer Bedingungen. <strong>UTT<\/strong> beh\u00e4lt sich aber das Recht vor, jederzeit anderweitige Dienstanbieter einzuschalten.<\/p>\n<p><strong>4.5<\/strong><br \/>\nDie voraussichtliche Lieferzeit f\u00fcr die Ware wird in dem Warenangebot von <strong>UTT<\/strong> konkret angegeben.<\/p>\n<p>Die Lieferzeit beginnt bei Zahlung mittels Vorkasse an dem Folgetag der Zahlungsanweisung an das Kreditinstitut. Bei allen anderen Zahlungsarten beginnt die Lieferfrist am Tag nach dem Vertragsschluss. Die Frist endet jeweils mit dem Ablauf des letzten Tages der angegebenen Frist. Ist dies ein Sonn- oder am Lieferort ein gesetzlich anerkannter Feiertag, tritt an die Stelle des Tages der n\u00e4chste Werktag.<\/p>\n<p>&nbsp;<\/p>\n<p><strong>5. Eigentumsvorbehalt<\/strong><\/p>\n<p><strong>5.1<\/strong><br \/>\nBis zur vollst\u00e4ndigen Bezahlung verbleibt die gelieferte Ware im Eigentum von <strong>UTT<\/strong>.<\/p>\n<p><strong>5.2<\/strong><br \/>\n<strong>UTT<\/strong> beh\u00e4lt sich bei einem Zahlungsverzug des Kunden vor, weitere Bestellungen des Kunden nicht anzunehmen.<\/p>\n<p>&nbsp;<\/p>\n<p><strong>6.<\/strong><strong>Preise und Versandkosten<\/strong><\/p>\n<p><strong>6.1<\/strong><br \/>\nAlle angegebenen Preise verstehen sich einschlie\u00dflich der jeweils g\u00fcltigen gesetzlichen Umsatzsteuer.<\/p>\n<p><strong>6.2<\/strong><br \/>\nDie jeweils anfallenden Versandkosten werden dem Kunden vor dem den Bestellvorgang abschlie\u00dfenden Button entsprechend bekannt gegeben und sind vom Kunden zu tragen.<\/p>\n<p><strong> <\/strong><\/p>\n<p><strong>7. <\/strong><strong>Zahlungsmodalit\u00e4ten<\/strong><\/p>\n<p><strong>7.1<\/strong><br \/>\nDer Kunde kann die Zahlung mit den im Bestellprozess angegebenen Zahlungsarten vornehmen. Derzeit ist dies per Kreditkarte (Mastercard und Visa), Vorkasse oder PayPal m\u00f6glich. <strong>UTT<\/strong> beh\u00e4lt sich vor, die Auswahl der Zahlungsarten zu beschr\u00e4nken.<\/p>\n<p><strong> <\/strong><strong>7.2<\/strong><br \/>\nF\u00fcr die Zahlung mit PayPal ist eine Registrierung beim Online-Anbieter PayPal sowie die Anmeldung im PayPal-Konto erforderlich (E-Mail, Kennwort). Der Kaufbetrag wird dem Konto von <strong>UTT<\/strong> gutgeschrieben, sobald der Kunde die Zahlung autorisiert. Weitere Informationen finden Sie unter:<\/p>\n<p><a href=\"http:\/\/www.paypal.com\/de\" target=\"_blank\" rel=\"noopener\">www.paypal.com\/de<\/a>.  <strong> <\/strong><\/p>\n<p><strong>7.3<\/strong><br \/>\nBei Zahlung mittels Vorkasse erfolgt eine Bearbeitung der Bestellung erst, wenn der gesamte Rechnungsbetrag auf dem Konto von <strong>UTT<\/strong> gutgeschrieben worden ist. Die insoweit bestellte Ware wird f\u00fcr einen Zeitraum von zehn Kalendertagen ab dem jeweiligen Vertragsschluss von <strong>UTT<\/strong> f\u00fcr den Kunden reserviert. Sollte nach Ablauf der Reservierungsfrist der Zahlungseingang nicht erfolgt sein, beh\u00e4lt sich <strong>UTT<\/strong> das Recht vor, die Bestellung zu stornieren.<\/p>\n<p>&nbsp;<\/p>\n<p><strong>8. M\u00e4ngelanspr\u00fcche des Kunden (Gew\u00e4hrleistung)<\/strong><\/p>\n<p><strong>8.1<\/strong><br \/>\n<strong>UTT<\/strong> haftet f\u00fcr Sach- und Rechtsm\u00e4ngel nach den hierf\u00fcr geltenden gesetzlichen Vorschriften, insbesondere \u00a7\u00a7 434 ff. BGB.<\/p>\n<p><strong>8.2<\/strong><br \/>\nSollte beim Kunden Ware mit offensichtlichen Transportsch\u00e4den angeliefert werden, wird gebeten, dies unmittelbar beim Zusteller zu beanstanden und UTT ebenfalls dar\u00fcber zu informieren. Eine Verpflichtung hierzu besteht f\u00fcr den Kunden nicht. Auswirkungen auf Gew\u00e4hrleistungsrechte des Kunden hat eine Nichtbeanstandung und unterbliebene Meldung an UTT ebenfalls nicht.<\/p>\n<p><strong> <\/strong><\/p>\n<p><strong>9. <\/strong><strong>Widerrufsrecht<\/strong><\/p>\n<p><strong>9.1<\/strong><\/p>\n<p>Nachfolgendes Widerrufsrecht gilt nur f\u00fcr Kunden, die als Verbraucher (vgl. zur Definition Ziffer 2.2) den Vertrag mit UTT geschlossen haben:<\/p>\n<p><strong><em>Widerrufsbelehrung<\/em><\/strong><\/p>\n<p><em>Widerrufsrecht<\/em><\/p>\n<p><em>Sie haben das Recht, binnen vierzehn Tagen ohne Angabe von Gr\u00fcnden diesen Vertrag zu widerrufen.<\/em><\/p>\n<p><em>Die Widerrufsfrist betr\u00e4gt vierzehn Tage ab dem Tag an dem Sie oder ein von Ihnen benannter Dritter, der nicht der Bef\u00f6rderer ist, die letzte Teilsendung oder Ware in Besitz genommen haben bzw.. Hut.<\/em><\/p>\n<p><em>Um Ihr Widerrufsrecht auszu\u00fcben, m\u00fcssen Sie uns<\/em><\/p>\n<p><em>(UTT Technology GmbH,  <\/em><\/p>\n<p><em>Lise-Meinter-Allee 13, D-44801 Bochum,<\/em><\/p>\n<p><em>Telefon 0234-79449565,<\/em><\/p>\n<p><em>E-Mail: <\/em><a href=\"mailto:info@tilta.com\"><em>info@tilta.com<\/em><\/a><\/p>\n<p><em>mittels einer eindeutigen Erkl\u00e4rung (z.B. ein mit der Post versandter Brief oder E-Mail) \u00fcber Ihren Entschluss, diesen Vertrag zu widerrufen, informieren.  <\/em><\/p>\n<p><em>Sie k\u00f6nnen daf\u00fcr das beigef\u00fcgte Muster &#8211; Widerrufsformular verwenden, das jedoch nicht vorgeschrieben ist.<\/em><\/p>\n<p><em>Zur Wahrung der Widerrufsfrist reicht es aus, dass Sie die Mitteilung \u00fcber die Aus\u00fcbung des Widerrufsrechts vor Ablauf der Widerrufsfrist absenden.<\/em><\/p>\n<p><strong><em>Folgen des Widerrufs<\/em><\/strong><\/p>\n<p><em>Wenn Sie diesen Vertrag widerrufen, haben wir Ihnen alle Zahlungen, die wir von Ihnen erhalten haben, einschlie\u00dflich der Lieferkosten (mit Ausnahme der zus\u00e4tzlichen Kosten, die sich daraus ergeben, dass Sie eine andere Art der Lieferung als die von uns angebotene, g\u00fcnstigste Standardlieferung gew\u00e4hlt haben), unverz\u00fcglich und sp\u00e4testens binnen vierzehn Tagen ab dem Tag zur\u00fcckzuzahlen, an dem die Mitteilung \u00fcber Ihren Widerruf dieses Vertrages bei uns eingegangen ist. F\u00fcr diese R\u00fcckzahlung verwenden wir dasselbe Zahlungsmittel, das Sie bei der urspr\u00fcnglichen Transaktion eingesetzt haben, es sei denn, mit Ihnen wurde ausdr\u00fccklich etwas anderes vereinbart; in keinem Fall werden Ihnen wegen dieser R\u00fcckzahlung Entgelte berechnet.  <\/em><\/p>\n<p><em>Wir k\u00f6nnen die R\u00fcckzahlung verweigern, bis wir die Waren wieder zur\u00fcckerhalten haben oder bis Sie den Nachweis erbracht haben, dass Sie die Waren zur\u00fcckgesandt haben, je nachdem, welcher der fr\u00fchere Zeitpunkt ist.<\/em><\/p>\n<p><em>Sie haben die Waren unverz\u00fcglich und in jedem Fall sp\u00e4testens binnen vierzehn Tagen ab dem Tag, an dem Sie uns \u00fcber den Widerruf dieses Vertrages unterrichten, an uns zur\u00fcckzusenden oder zu \u00fcbergeben. Die Frist ist gewahrt, wenn Sie die Waren vor Ablauf der Frist von vierzehn Tagen absenden.<\/em><\/p>\n<p><em>Sie tragen die unmittelbaren Kosten der R\u00fccksendung der Waren.<\/em><\/p>\n<p><em>Sie m\u00fcssen f\u00fcr einen etwaigen Wertverlust der Waren nur aufkommen, wenn dieser Wertverlust auf einen zur Pr\u00fcfung der Beschaffenheit, Eigenschaften und Funktionsweise der Waren nicht notwendigen Umfang mit ihnen zur\u00fcckzuf\u00fchren ist.<\/em><\/p>\n<p><strong>Muster- Widerrufsformular<\/strong><\/p>\n<p><em>(Wenn Sie den Vertrag widerrufen wollen, dann f\u00fcllen Sie bitte dieses Formular aus und senden Sie es zur\u00fcck)<\/em><\/p>\n<p><em>Eine<\/em><\/p>\n<p><em>UTT Technology GmbH,  <\/em><\/p>\n<p><em>Lise-Meinter-Allee 13, D-44801 Bochum;<\/em><\/p>\n<p><em>E-Mail: <\/em><a href=\"mailto:info@tilta.com\"><em>info@tilta.com<\/em><\/a><\/p>\n<p><em>Hiermit widerrufe(n) ich\/wir den von mir\/uns (*) abgeschlossenen Vertrag \u00fcber den Kauf der folgenden Waren (*)\/die Erbringung der folgenden Dienstleistung (*)<\/em><\/p>\n<p><em>Bestellt am (*)\/ erhalten am (*)<\/em><\/p>\n<p><em>Name des\/der Verbraucher(s):<\/em><\/p>\n<p><em>Anschrift des\/der Verbraucher(s):<\/em><\/p>\n<p><em>Unterschrift des\/der Verbraucher(s) (nur bei Mitteilung auf Papier):<\/em><\/p>\n<p><em>Datum:<\/em><\/p>\n<p><em>(*) Unzutreffendes streichen.<\/em><\/p>\n<p>&nbsp;<\/p>\n<p><strong>10. Hinweise zur Datenverarbeitung\/ Speicherung des Vertragstextes<\/strong><\/p>\n<p><strong>10.1<\/strong><br \/>\n<strong>UTT<\/strong> verarbeitet im Rahmen der Abwicklung von Vertr\u00e4gen Daten des Kunden. <strong>UTT<\/strong> beachtet dabei die jeweils aktuell g\u00fcltigen Datenschutzbestimmungen, insbesondere des Bundesdatenschutzgesetzes (BDSG) und der Datenschutz-Grundverordnung (DS-GVO).<\/p>\n<p>Ohne Einwilligung des Kunden wird <strong>UTT<\/strong> Bestands- und Nutzungsdaten des Kunden nur verarbeiten, soweit dies f\u00fcr die Abwicklung des Vertragsverh\u00e4ltnisses oder zur Erf\u00fcllung einer rechtlichen Verpflichtung erforderlich ist, der <strong>UTT<\/strong> als Verantwortlicher unterliegt. Weitere Einzelheiten zur Datenverarbeitung sind in der jeweils aktuellen Datenschutzerkl\u00e4rung, die unter<a href=\"\/datenschutz\/\">[Hyperlink einf\u00fcgen<\/a>], abgerufen werden kann, zu finden.<\/p>\n<p><strong>10.2<\/strong><br \/>\nDer Vertragstext wird von <strong>UTT<\/strong> nicht gespeichert und ist f\u00fcr den Kunden nicht zug\u00e4nglich. <strong>UTT<\/strong> sendet dem Kunden jedoch nach Vertragsabschluss eine Abschrift des Vertragstextes per E-Mail zu.<\/p>\n<p>&nbsp;<\/p>\n<p><strong>11. Rechtswahl\/ Gerichtsstand<\/strong><\/p>\n<p><strong>11.1<\/strong><br \/>\nEs gilt ausschlie\u00dflich deutsches Recht unter Ausschluss des UN-Kaufrechts (CISG) und anderer Einheitsrechte.<\/p>\n<p>Diese Rechtswahlklausel gilt insoweit nicht gegen\u00fcber Verbrauchern, welche ihren st\u00e4ndigen Aufenthalt im Ausland haben, als das nationale Recht des Verbrauchers Regelungen enth\u00e4lt, von denen zu Lasten des Verbrauchers nicht durch Vertrag abgewichen werden kann.<\/p>\n<p>Voraussetzungen und Wirkungen des Eigentumsvorbehalts gem\u00e4\u00df Ziffer 5 unterliegen dem Recht am jeweiligen Lagerort der Sache, soweit danach die getroffene Rechtswahl zugunsten des deutschen Rechts unzul\u00e4ssig oder unwirksam ist.<\/p>\n<p>11.2<br \/>\nSofern es sich beim Kunden nicht um einen Verbraucher (vgl. Ziffer 2.2.), sondern um einen Kaufmann, eine juristische Person des \u00f6ffentlichen Rechts oder um ein \u00f6ffentlich-rechtliches Sonderverm\u00f6gen handelt, ist Gerichtsstand f\u00fcr alle Streitigkeiten aus Vertragsverh\u00e4ltnissen zwischen dem Kunden und UTT in Bochum, Deutschland.<\/p>\n<p>11.3<\/p>\n<p>Hat der Kunde, der kein Kaufmann ist, seinen allgemeinen Gerichtsstand nicht in Deutschland oder ist sein Wohnort oder gew\u00f6hnlicher Aufenthalt zum Zeitpunkt der gerichtlichen Geltendmachung nicht bekannt, ist der Gerichtsstand ebenfalls Bochum.<\/p>\n<p>&nbsp;<\/p>\n<p><strong>12. Schlussbestimmungen<\/strong><\/p>\n<p><strong>12.1<\/strong><\/p>\n<p>Die Europ\u00e4ische Kommission stellt eine Plattform zur Online-Streitbeilegung (OS) bereit, die der Kunde unter <a href=\"https:\/\/ec.europa.eu\/consumers\/odr\/\" target=\"_blank\" rel=\"noopener\">https:\/\/ec.europa.eu\/consumers\/odr<\/a> findet.<\/p>\n<p><strong>12.2<\/strong><\/p>\n<p><strong>UTT<\/strong> ist weder bereit noch verpflichtet, an Streitbeilegungsverfahren vor einer Verbraucherschlichtungsstelle nach VSBG teilzunehmen.<\/p>\n<p><strong>12.3<\/strong><\/p>\n<p><strong>UTT<\/strong> unterwirft sich keinem Verhaltenskodizes.<\/p>\n<p><strong>12.4<\/strong><\/p>\n<p>Sollte eine dieser Bestimmungen ganz oder teilweise unwirksam, nichtig oder nicht durchf\u00fchrbar sein oder sollte sich eine L\u00fccke in diesen Bestimmungen herausstellen, wird da-durch die Wirksamkeit der \u00fcbrigen Bestimmungen nicht ber\u00fchrt. \u00a7 306 Abs. 2 und 3 BGB bleibt davon unber\u00fchrt.<\/p>\n","protected":false},"excerpt":{"rendered":"<p>ALLGEMEINE GESCH\u00c4FTSBEDINGUNGEN f\u00fcr Webshop (AGB) (Stand: 10.2024) &nbsp; 1. Geltungsbereich der AGB 1.1 Diese Gesch\u00e4ftsbedingungen in der zum Zeitpunkt der Bestellung im Internet vorliegenden Fassung gelten stets und ausschlie\u00dflich f\u00fcr den Kauf von Waren aus dem Webshop-Sortiment der UTT Technology [&hellip;]<\/p>\n","protected":false},"author":57023,"featured_media":0,"parent":0,"menu_order":0,"comment_status":"closed","ping_status":"closed","template":"","meta":{"footnotes":""},"acf":[],"_links":{"self":[{"href":"https:\/\/eu.tilta.com\/de\/wp-json\/wp\/v2\/pages\/2016768"}],"collection":[{"href":"https:\/\/eu.tilta.com\/de\/wp-json\/wp\/v2\/pages"}],"about":[{"href":"https:\/\/eu.tilta.com\/de\/wp-json\/wp\/v2\/types\/page"}],"author":[{"embeddable":true,"href":"https:\/\/eu.tilta.com\/de\/wp-json\/wp\/v2\/users\/57023"}],"replies":[{"embeddable":true,"href":"https:\/\/eu.tilta.com\/de\/wp-json\/wp\/v2\/comments?post=2016768"}],"version-history":[{"count":0,"href":"https:\/\/eu.tilta.com\/de\/wp-json\/wp\/v2\/pages\/2016768\/revisions"}],"wp:attachment":[{"href":"https:\/\/eu.tilta.com\/de\/wp-json\/wp\/v2\/media?parent=2016768"}],"curies":[{"name":"wp","href":"https:\/\/api.w.org\/{rel}","templated":true}]}}