{"id":2016769,"date":"2024-11-13T10:47:05","date_gmt":"2024-11-13T09:47:05","guid":{"rendered":"https:\/\/eu.tilta.com\/datenschutz\/"},"modified":"2024-11-13T10:47:05","modified_gmt":"2024-11-13T09:47:05","slug":"datenschutz","status":"publish","type":"page","link":"https:\/\/eu.tilta.com\/de\/datenschutz\/","title":{"rendered":"Datenschutz"},"content":{"rendered":"<p><strong>\u00a7 1 Informationen \u00fcber die Erhebung personenbezogener Daten<\/strong><br \/>\n(1) Im Folgenden informieren wir \u00fcber die Erhebung personenbezogener Daten bei Nutzung unserer Website. Personenbezogene Daten sind alle Daten, die auf Sie pers\u00f6nlich beziehbar sind, z. B. B. Name, Adresse, E-Mail-Adressen, Nutzerverhalten.<br \/>\n(2) Verantwortliche gem. Art. 4 Abs. 7 EU-Datenschutz-Grundverordnung (DS-GVO) ist die UTT Technology GmbH<br \/>\nLise-Meinter-Allee 13, D-44801 Bochum<a href=\"\/impressum\/\" target=\"_blank\" rel=\"noopener\">(siehe auch erg\u00e4nzend unser Impressum<\/a>).<br \/>\n(3) Bei Ihrer Kontaktaufnahme mit uns per E-Mail oder \u00fcber ein Kontaktformular werden die von Ihnen mitgeteilten Daten (Ihre E-Mail-Adresse, ggf. Ihr Name, Ihre Adressdaten und Ihre Telefonnummer) von uns gespeichert, um Ihre Fragen zu beantworten. Die in diesem Zusammenhang anfallenden Daten l\u00f6schen wir, nachdem die Speicherung nicht mehr erforderlich ist, oder schr\u00e4nken die Verarbeitung ein, falls gesetzliche Aufbewahrungspflichten bestehen.<br \/>\n(4) Falls wir f\u00fcr einzelne Funktionen unseres Angebots auf beauftragte Dienstleister zur\u00fcckgreifen oder Ihre Daten f\u00fcr werbliche Zwecke nutzen m\u00f6chten, werden wir Sie untenstehend im Detail \u00fcber die jeweiligen Vorg\u00e4nge informieren. Dabei nennen wir auch die festgelegten Kriterien der Speicherdauer.<\/p>\n<p><strong>\u00a7 2 Ihre Rechte<\/strong><br \/>\n(1) Sie haben gegen\u00fcber uns folgende Rechte hinsichtlich der Sie betreffenden personenbezogenen Daten: &#8211; Recht auf Auskunft, &#8211; Recht auf Berichtigung oder L\u00f6schung, &#8211; Recht auf Einschr\u00e4nkung der Verarbeitung, &#8211; Recht auf Widerspruch gegen die Verarbeitung, &#8211; Recht auf Daten\u00fcbertragbarkeit.<br \/>\n(2) Sie haben zudem das Recht, sich bei einer Datenschutz-Aufsichtsbeh\u00f6rde \u00fcber die Verarbeitung Ihrer personenbezogenen Daten durch uns zu beschweren.<\/p>\n<p><strong>\u00a7 3 Erhebung personenbezogener Daten bei Besuch unserer Website<\/strong><br \/>\n(1) Bei der blo\u00df informatorischen Nutzung der Website, auch wenn Sie sich nicht registrieren oder uns anderweitig Informationen \u00fcbermitteln, erheben wir nur die personenbezogenen Daten, die Ihr Browser an unseren Server \u00fcbermittelt. Wenn Sie unsere Website betrachten m\u00f6chten, erheben wir die folgenden Daten, die f\u00fcr uns technisch erforderlich sind, um Ihnen unsere Website anzuzeigen und die Stabilit\u00e4t und Sicherheit zu gew\u00e4hrleisten (Rechtsgrundlage ist Art. 6 Abs. 1 S. 1 lit. f DS-GVO):- IP-Adresse &#8211; Datum und Uhrzeit der Anfrage &#8211; Zeitzonendifferenz zur Greenwich Mean Time (GMT) &#8211; Inhalt der Anforderung (konkrete Seite) &#8211; Zugriffsstatus\/HTTP-Statuscode &#8211; jeweils \u00fcbertragene Datenmenge &#8211; Website, von der die Anforderung kommt &#8211; Browser &#8211; Betriebssystem und dessen Oberfl\u00e4che &#8211; Sprache und Version der Browsersoftware.<br \/>\n(2) Zus\u00e4tzlich zu den zuvor genannten Daten werden bei Ihrer Nutzung unserer Website Cookies auf Ihrem Rechner gespeichert. Bei Cookies handelt es sich um kleine Textdateien, die auf Ihrer Festplatte dem von Ihnen verwendeten Browser zugeordnet gespeichert werden und durch welche der Stelle, die den Cookie setzt (hier durch uns), bestimmte Informationen zu flie\u00dfen. Cookies k\u00f6nnen keine Programme ausf\u00fchren oder Viren auf Ihren Computer \u00fcbertragen. Sie dienen dazu, das Internetangebot insgesamt nutzerfreundlicher und effektiver zu machen.<br \/>\n(3) Einsatz von Cookies: a) Diese Website nutzt folgende Arten von Cookies, deren Umfang und Funktionsweise im Folgenden erl\u00e4utert werden: &#8211; Transiente Cookies (dazu b) &#8211; Persistente Cookies (dazu c). b) Transiente Cookies werden automatisiert gel\u00f6scht, wenn Sie den Browser schlie\u00dfen. Dazu z\u00e4hlen insbesondere die Session-Cookies. Diese speichern eine sogenannte Session-ID, mit welcher sich verschiedene Anfragen Ihres Browsers der gemeinsamen Sitzung zuordnen lassen. Dadurch kann Ihr Rechner wiedererkannt werden, wenn Sie auf unsere Website zur\u00fcckkehren. Die Session-Cookies werden gel\u00f6scht, wenn Sie sich ausloggen oder den Browser schlie\u00dfen. c) Persistente Cookies werden automatisiert nach einer vorgegebenen Dauer gel\u00f6scht, die sich je nach Cookie unterscheiden kann. Sie k\u00f6nnen die Cookies in den Sicherheitseinstellungen Ihres Browsers jederzeit l\u00f6schen. d) Sie k\u00f6nnen Ihre Browser-Einstellung entsprechend Ihren W\u00fcnschen konfigurieren und z. B. die Annahme von Third-Party-Cookies oder allen Cookies ablehnen. Wir weisen Sie darauf hin, dass Sie eventuell nicht alle Funktionen dieser Website nutzen k\u00f6nnen. e) Weiterhin nutzen wir HTML5-Speicherobjekte, die auf Ihrem Endger\u00e4t abgelegt werden. Diese Objekte speichern die erforderlichen Daten unabh\u00e4ngig von Ihrem verwendeten Browser und haben kein automatisches Ablaufdatum. Die Nutzung von HTML5-Speicherobjekten k\u00f6nnen Sie verhindern, indem Sie in Ihrem Browser den privaten Modus einsetzen. Zudem empfehlen wir, regelm\u00e4\u00dfig Ihre Cookies und den Browser-Verlauf manuell zu l\u00f6schen.<\/p>\n<p><strong>\u00a7 4 Einsatz von Google Analytics<\/strong><br \/>\n(1) Diese Website benutzt Google Analytics, einen Webanalysedienst der Google Inc. (&#8220;Google&#8221;). Google Analytics verwendet sog. &#8220;Cookies&#8221;, Textdateien, die auf Ihrem Computer gespeichert werden und die eine Analyse der Benutzung der Website durch Sie erm\u00f6glichen. Die durch den Cookie erzeugten Informationen \u00fcber Ihre Benutzung dieser Website werden in der Regel an einen Server von Google in den USA \u00fcbertragen und dort gespeichert. Im Falle der Aktivierung der IP-Anonymisierung auf dieser Website, wird Ihre IP-Adresse von Google jedoch innerhalb von Mitgliedstaaten der Europ\u00e4ischen Union oder in anderen Vertragsstaaten des Abkommens \u00fcber den Europ\u00e4ischen Wirtschaftsraum zuvor gek\u00fcrzt. Nur in Ausnahmef\u00e4llen wird die volle IP-Adresse an einen Server von Google in den USA \u00fcbertragen und dort gek\u00fcrzt. Im Auftrag des Betreibers dieser Website wird Google diese Informationen benutzen, um Ihre Nutzung der Website auszuwerten, um Berichte \u00fcber die Website-Aktivit\u00e4ten zusammenzustellen und um weitere mit der Website-Nutzung und der Internetnutzung verbundene Dienstleistungen gegen\u00fcber dem Website-Betreiber zu erbringen.<br \/>\n(2) Die im Rahmen von Google Analytics von Ihrem Browser \u00fcbermittelte IP-Adresse wird nicht mit anderen Daten von Google zusammengef\u00fchrt.<br \/>\n(3) Sie k\u00f6nnen die Speicherung der Cookies durch eine entsprechende Einstellung Ihrer Browser-Software verhindern; wir weisen Sie jedoch darauf hin, dass Sie in diesem Fall gegebenenfalls nicht s\u00e4mtliche Funktionen dieser Website vollumf\u00e4nglich nutzen k\u00f6nnen. Sie k\u00f6nnen dar\u00fcber hinaus die Erfassung der durch das Cookie erzeugten und auf Ihre Nutzung der Website bezogenen Daten (inkl. Ihrer IP-Adresse) an Google sowie die Verarbeitung dieser Daten durch Google verhindern, indem sie das unter dem folgenden Link verf\u00fcgbare Browser-Plug-in herunterladen und installieren: http:\/\/tools.google.com\/dlpage\/gaoptout?hl=de.<br \/>\n(4) Diese Website verwendet Google Analytics mit der Erweiterung &#8220;_anonymizeIp()&#8221;. Dadurch werden IP-Adressen gek\u00fcrzt weiterverarbeitet, eine Personenbeziehbarkeit kann damit ausgeschlossen werden. Soweit den \u00fcber Sie erhobenen Daten ein Personenbezug zukommt, wird dieser auch sofort ausgeschlossen und die personenbezogenen Daten damit umgehend gel\u00f6scht.<br \/>\n(5) Wir nutzen Google Analytics, um die Nutzung unserer Website analysieren und regelm\u00e4\u00dfig verbessern zu k\u00f6nnen. \u00dcber die gewonnenen Statistiken k\u00f6nnen wir unser Angebot verbessern und f\u00fcr Sie als Nutzer interessanter ausgestalten. F\u00fcr die Ausnahmef\u00e4lle, in denen personenbezogene Daten in die USA \u00fcbertragen werden, hat sich Google dem EU-US Privacy Shield unterworfen, https:\/\/www.privacyshield.gov\/EU-US-Framework. Rechtsgrundlage f\u00fcr die Nutzung von Google Analytics ist Art. 6 Abs. 1 S. 1 Lit. f DS-GVO.<br \/>\n(6) Informationen des Drittanbieters: Google Dublin, Google Ireland Ltd., Gordon House, Barrow Street, Dublin 4, Irland, Fax: +353 (1) 436 1001. Nutzerbedingungen: http:\/\/www.google.com\/analytics\/terms\/de.html, \u00dcbersicht zum Datenschutz: http:\/\/www.google.com\/intl\/de\/analytics\/learn\/privacy.html, sowie die Datenschutzerkl\u00e4rung: http:\/\/www.google.de\/intl\/de\/policies\/privacy.<\/p>\n<p><strong>\u00a7 5 Einsatz von Google Maps<\/strong><br \/>\n(1) Auf dieser Webseite nutzen wir das Angebot von Google Maps. Dadurch k\u00f6nnen wir Ihnen interaktive Karten direkt in der Website anzeigen und erm\u00f6glichen Ihnen die komfortable Nutzung der Karten-Funktion.<br \/>\n(2) Durch den Besuch auf der Website erh\u00e4lt Google die Information, dass Sie die entsprechende Unterseite unserer Website aufgerufen haben. Zudem werden die unter \u00a7 3 dieser Erkl\u00e4rung genannten Daten \u00fcbermittelt. Dies erfolgt unabh\u00e4ngig davon, ob Google ein Nutzerkonto bereitstellt, \u00fcber das Sie eingeloggt sind, oder ob kein Nutzerkonto besteht. Wenn Sie bei Google eingeloggt sind, werden Ihre Daten direkt Ihrem Konto zugeordnet. Wenn Sie die Zuordnung mit Ihrem Profil bei Google nicht w\u00fcnschen, m\u00fcssen Sie sich vor Aktivierung des Buttons ausloggen. Google speichert Ihre Daten als Nutzungsprofile und nutzt sie f\u00fcr Zwecke der Werbung, Marktforschung und\/oder bedarfsgerechten Gestaltung seiner Website. Eine solche Auswertung erfolgt insbesondere (selbst f\u00fcr nicht eingeloggte Nutzer) zur Erbringung von bedarfsgerechter Werbung und um andere Nutzer des sozialen Netzwerks \u00fcber Ihre Aktivit\u00e4ten auf unserer Website zu informieren. Ihnen steht ein Widerspruchsrecht zu gegen die Bildung dieser Nutzerprofile, wobei Sie sich zur Aus\u00fcbung dessen an Google richten m\u00fcssen.<br \/>\n(3) Weitere Informationen zu Zweck und Umfang der Datenerhebung und ihrer Verarbeitung durch den Plug-in-Anbieter erhalten Sie in den Datenschutzerkl\u00e4rungen des Anbieters. Dort erhalten Sie auch weitere Informationen zu Ihren diesbez\u00fcglichen Rechten und Einstellungsm\u00f6glichkeiten zum Schutze Ihrer Privatsph\u00e4re: http:\/\/www.google.de\/intl\/de\/policies\/privacy. Google verarbeitet Ihre personenbezogenen Daten auch in den USA und hat sich dem EU-US Privacy Shield unterworfen, https:\/\/www.privacyshield.gov\/EU-US-Framework.<\/p>\n<p><strong>\u00a7 6 Verwendung von Google reCaptcha<\/strong><br \/>\nZum Schutz ihrer Auftr\u00e4ge per Internetformular verwenden wir den Dienst reCAPTCHA des Unternehmens Google Inc. (Google). Die Abfrage dient der Unterscheidung, ob die Eingabe durch einen Menschen oder missbr\u00e4uchlich durch automatisierte, maschinelle Verarbeitung erfolgt. Die Abfrage schlie\u00dft den Versand der IP-Adresse und ggf. den Versand der Daten ab. weiterer von Google f\u00fcr den Dienst reCAPTCHA ben\u00f6tigter Daten an Google ein. Zu diesem Zweck wird Ihre Eingabe an Google \u00fcbermittelt und dort weiter verwendet. Durch die Nutzung von reCaptcha erkl\u00e4ren Sie sich damit einverstanden, dass die von Ihnen geleistete Erkennung in die Digitalisierung alter Werke einflie\u00dft. Im Falle der Aktivierung der IP-Anonymisierung auf dieser Webseite wird Ihre IP-Adresse von Google jedoch innerhalb von Mitgliedstaaten der Europ\u00e4ischen Union oder in anderen Vertragsstaaten des Abkommens \u00fcber den Europ\u00e4ischen Wirtschaftsraum zuvor gek\u00fcrzt. Nur in Ausnahmef\u00e4llen wird die volle IP-Adresse an einen Server von Google in den USA \u00fcbertragen und dort gek\u00fcrzt. Im Auftrag des Betreibers dieser Website wird Google diese Informationen benutzen, um Ihre Nutzung dieses Dienstes auszuwerten. Die im Rahmen von reCaptcha von Ihrem Browser \u00fcbermittelte IP-Adresse wird nicht mit anderen Daten von Google zusammengef\u00fchrt. F\u00fcr diese Daten gelten die abweichenden Datenschutzbestimmungen des Unternehmens Google. Weitere Informationen zu den Datenschutzrichtlinien von Google finden Sie unter: https:\/\/www.google.com\/intl\/de\/policies\/privacy\/.<\/p>\n<p>(Stand: November 2024)<\/p>\n","protected":false},"excerpt":{"rendered":"<p>\u00a7 1 Informationen \u00fcber die Erhebung personenbezogener Daten (1) Im Folgenden informieren wir \u00fcber die Erhebung personenbezogener Daten bei Nutzung unserer Website. Personenbezogene Daten sind alle Daten, die auf Sie pers\u00f6nlich beziehbar sind, z. B. B. Name, Adresse, E-Mail-Adressen, Nutzerverhalten. [&hellip;]<\/p>\n","protected":false},"author":57023,"featured_media":0,"parent":0,"menu_order":0,"comment_status":"closed","ping_status":"closed","template":"","meta":{"footnotes":""},"acf":[],"_links":{"self":[{"href":"https:\/\/eu.tilta.com\/de\/wp-json\/wp\/v2\/pages\/2016769"}],"collection":[{"href":"https:\/\/eu.tilta.com\/de\/wp-json\/wp\/v2\/pages"}],"about":[{"href":"https:\/\/eu.tilta.com\/de\/wp-json\/wp\/v2\/types\/page"}],"author":[{"embeddable":true,"href":"https:\/\/eu.tilta.com\/de\/wp-json\/wp\/v2\/users\/57023"}],"replies":[{"embeddable":true,"href":"https:\/\/eu.tilta.com\/de\/wp-json\/wp\/v2\/comments?post=2016769"}],"version-history":[{"count":0,"href":"https:\/\/eu.tilta.com\/de\/wp-json\/wp\/v2\/pages\/2016769\/revisions"}],"wp:attachment":[{"href":"https:\/\/eu.tilta.com\/de\/wp-json\/wp\/v2\/media?parent=2016769"}],"curies":[{"name":"wp","href":"https:\/\/api.w.org\/{rel}","templated":true}]}}