{"id":1972777,"date":"2020-11-18T16:27:48","date_gmt":"2020-11-18T15:27:48","guid":{"rendered":"https:\/\/de.tilta.com\/shop\/erweiterter-ring-griff-fuer-dji-ronin\/"},"modified":"2026-04-02T11:41:39","modified_gmt":"2026-04-02T09:41:39","slug":"advanced-ring-grip-for-dji-ronin","status":"publish","type":"product","link":"https:\/\/eu.tilta.com\/de\/shop\/advanced-ring-grip-for-dji-ronin\/","title":{"rendered":"Erweiterter Ring-Griff f\u00fcr DJI Ronin"},"content":{"rendered":"<p><strong>WARNUNG: Seien Sie bitte \u00e4u\u00dferst vorsichtig, wenn Sie die P-Tap Stromkabel an das Stromversorgungsmodul (nicht im Lieferumfang enthalten) anschlie\u00dfen, da ein verkehrter Anschluss der Kabel Ihren Gimbal besch\u00e4digen kann.<\/strong><\/p>\n<p>Der Advanced Ring Grip f\u00fcr <a href=\"https:\/\/de.tilta.com\/de\/2022\/07\/rs3-rs2-kompatibilitaet-fuer-tilta-ecosystem-fuer-dji-ronin\/\">RS 2, RS 3 Pro, RS 4\/4 Pro<\/a> erm\u00f6glicht Ihnen mehr Flexibilit\u00e4t bei der Stromversorgung Ihres Gimbals, der Montage von Zubeh\u00f6r, der Steuerung von kabellosen Follow Focus Motoren und der Bedienung des Gimbal-Geh\u00e4uses.<\/p>\n<p>Das Design des Ringgriffs sorgt f\u00fcr zus\u00e4tzliche Stabilit\u00e4t durch mehrere Kontaktpunkte bei der Bedienung des RS 2 und die mitgelieferten Fu\u00dfst\u00fctzen erm\u00f6glichen es Ihnen, den Gimbal nach langen Aufnahmen abzusetzen, damit der Bediener nicht erm\u00fcdet.<\/p>\n<p>Mit dem Ring Grip k\u00f6nnen Sie den Batteriegriff des DJI Ronin (RS BG21\/30\/70) in einen oberen Griff verwandeln, so dass Sie schnell zu Aufnahmen aus niedrigen Winkeln \u00fcbergehen k\u00f6nnen und gleichzeitig Ihren Gimbal mit zus\u00e4tzlicher Energie versorgen k\u00f6nnen.<\/p>\n<p>Mit diesem System k\u00f6nnen Sie Ihren Ronin Gimbal entweder mit einer Gold Mount Batterie, einer V-Mount Batterie oder dem Batteriegriff des Gimbals betreiben. Mit dem Advanced Ring Grip k\u00f6nnen Sie den Batteriegriff an der Oberseite des Rings befestigen, der gleichzeitig als Stromquelle und oberer Griff dient.<\/p>\n<p>Diese kann in Kombination mit einer Gold- oder V-Mount-Akkuplatte verwendet werden, was Ihnen mehr Flexibilit\u00e4t bei der Stromversorgung von Zubeh\u00f6r und eine l\u00e4ngere Akkulaufzeit am Set bietet.<\/p>\n<p>Der mitgelieferte Fernbedienungsgriff wird an der rechten Seite des Advanced Ring Grip befestigt und erm\u00f6glicht Ihnen einen einfachen Zugriff auf die Einstellungen Ihres Gimbals sowie auf die Aufnahme- und Fotofunktionen Ihrer Kamera.<\/p>\n<p>Mit dem Thumbstick k\u00f6nnen Sie das Schwenken und Neigen Ihres Gimbals f\u00fcr maximale Pr\u00e4zision bei der Bedienung steuern und mit dem Focus Wheel k\u00f6nnen Sie entweder einen DJI oder Nucleus Series Lens Control Motor kabellos steuern.<\/p>\n<p>Der mitgelieferte kabellose Zweikanal-Objektivsteuerungsgriff wird an der linken Seite des Advanced Ring Grip befestigt und erm\u00f6glicht Ihnen die Steuerung von zwei Kan\u00e4len der Objektivsteuerungsmotoren der Nucleus Serie.<\/p>\n<p>Stellen Sie den Fokus, die Blende oder den Zoom Ihres Objektivs ganz einfach mit den beiden Fokusr\u00e4dern am Griff ein &#8211; eines auf der R\u00fcckseite des Griffs, das Sie mit dem Daumen drehen k\u00f6nnen, und eines auf der Vorderseite f\u00fcr Ihren Zeigefinger.<\/p>\n<p>Enth\u00e4lt eine begrenzte Steuerung der Men\u00fceinstellungen des Ronin Gimbal \u00fcber die Men\u00fctaste und verf\u00fcgt \u00fcber einen Ausl\u00f6ser f\u00fcr den schnellen Wechsel zwischen den Gimbal-Modi.<\/p>\n<p>Jeder Griff ben\u00f6tigt eine einzelne 18650er Batterie f\u00fcr den kabellosen Betrieb.<\/p>\n<p>Sie k\u00f6nnen \u00fcber den oberen Handgriff oder die Batterieplatte mit Strom versorgt werden, wenn sie mit dem Ringgriff verbunden sind.<\/p>\n<p><strong>HINWEIS: Bitte gehen Sie beim Einsetzen der 18650er Batterien \u00e4u\u00dferst vorsichtig vor, da die Griffe durch eine falsche Ausrichtung besch\u00e4digt werden k\u00f6nnen.  <\/strong><\/p>\n<p><strong>RS3\/RS3 Pro: Die M-Taste ist NICHT in der Lage, die Funktion des Gimbals zu imitieren. Mit der Taste M auf diesem Ger\u00e4t k\u00f6nnen Sie NUR die Moduseinstellung \u00e4ndern.<\/strong><\/p>\n","protected":false},"excerpt":{"rendered":"<p>WARNUNG: Seien Sie bitte \u00e4u\u00dferst vorsichtig, wenn Sie die P-Tap Stromkabel an das Stromversorgungsmodul (nicht im Lieferumfang enthalten) anschlie\u00dfen, da ein verkehrter Anschluss der Kabel Ihren Gimbal besch\u00e4digen kann. Der Advanced Ring Grip f\u00fcr RS 2, RS 3 Pro, RS [&hellip;]<\/p>\n","protected":false},"featured_media":1964911,"comment_status":"closed","ping_status":"closed","template":"","meta":[],"product_cat":[1057],"product_tag":[],"acf":[],"gallery_images":[1937080,1937079,1937081,1937083,1937082,1937122,1937123,1937074,1937072],"_links":{"self":[{"href":"https:\/\/eu.tilta.com\/de\/wp-json\/wp\/v2\/product\/1972777"}],"collection":[{"href":"https:\/\/eu.tilta.com\/de\/wp-json\/wp\/v2\/product"}],"about":[{"href":"https:\/\/eu.tilta.com\/de\/wp-json\/wp\/v2\/types\/product"}],"replies":[{"embeddable":true,"href":"https:\/\/eu.tilta.com\/de\/wp-json\/wp\/v2\/comments?post=1972777"}],"wp:featuredmedia":[{"embeddable":true,"href":"https:\/\/eu.tilta.com\/de\/wp-json\/wp\/v2\/media\/1964911"}],"wp:attachment":[{"href":"https:\/\/eu.tilta.com\/de\/wp-json\/wp\/v2\/media?parent=1972777"}],"wp:term":[{"taxonomy":"product_cat","embeddable":true,"href":"https:\/\/eu.tilta.com\/de\/wp-json\/wp\/v2\/product_cat?post=1972777"},{"taxonomy":"product_tag","embeddable":true,"href":"https:\/\/eu.tilta.com\/de\/wp-json\/wp\/v2\/product_tag?post=1972777"}],"curies":[{"name":"wp","href":"https:\/\/api.w.org\/{rel}","templated":true}]}}