{"id":1972860,"date":"2022-03-01T14:34:03","date_gmt":"2022-03-01T13:34:03","guid":{"rendered":"https:\/\/de.tilta.com\/shop\/tilta-float-handheld-support-system\/"},"modified":"2026-02-11T06:55:37","modified_gmt":"2026-02-11T05:55:37","slug":"tilta-float-handheld-support-system","status":"publish","type":"product","link":"https:\/\/eu.tilta.com\/de\/shop\/tilta-float-handheld-support-system\/","title":{"rendered":"Tilta Float Handgetragenes St\u00fctzsystem"},"content":{"rendered":"<p><strong>BITTE BEACHTEN SIE: Der Float Post ist NICHT separat erh\u00e4ltlich. Die EINZIGE M\u00f6glichkeit, den Pfosten f\u00fcr den Float zu erwerben, ist das vollst\u00e4ndige <a href=\"https:\/\/tilta.com\/shop\/tilta-float-handheld-gimbal-support-system\/\">Handheld Gimbal Support System<\/a><\/strong><\/p>\n<p>Diese Variante des urspr\u00fcnglichen Tilta Float Kits wurde speziell f\u00fcr die Unterst\u00fctzung von Kameras in Handheld-Konfigurationen ohne RS2 Gimbal entwickelt.<\/p>\n<p>Dieses Kit enth\u00e4lt die St\u00fctzweste, den Stabilisierungsarm und die Tragetasche aus dem Original-Kit und verf\u00fcgt \u00fcber den neuen Manfrotto-Adapter speziell f\u00fcr das handgef\u00fchrte Rigging.<\/p>\n<p>Mit diesem Adapter k\u00f6nnen Sie Ihr Kamerasystem direkt an den Tilta Float Stabilisierungsarm montieren, was eine kontrolliertere und komfortablere Aufnahme aus der Hand erm\u00f6glicht.<\/p>\n<p>Dieser Adapter verwendet eine Manfrotto Platte in Standardgr\u00f6\u00dfe, mit der Sie schnell zwischen kompatiblen Manfrotto Stativk\u00f6pfen und dem Tilta Float Arm wechseln k\u00f6nnen.<\/p>\n<p>Dieser Adapter wurde in Zusammenarbeit mit dem Modifikationsexperten unserer <a href=\"https:\/\/www.facebook.com\/groups\/1398011240547585\/\">DJI Ecosystem User Group<\/a>, Vaho Mat, entwickelt, der den Nutzern unserer schnell wachsenden Community hilft, die Funktionalit\u00e4t ihrer RS2-Rigs zu erweitern.<\/p>\n<p>Dieses Kit ist die perfekte Option zur Unterst\u00fctzung der DJI Ronin 4D. Es erm\u00f6glicht Ihnen eine bessere Stabilisierung und eine komfortable Bedienung der Kamera \u00fcber einen l\u00e4ngeren Zeitraum, w\u00e4hrend Sie gleichzeitig die Vorteile der eingebauten Stabilisierung der 4D voll aussch\u00f6pfen.<\/p>\n<p>Dieser Adapter kann auch f\u00fcr andere Kamerasysteme verwendet werden, da er komfortable Aufnahmen aus der Hand \u00fcber l\u00e4ngere Zeitr\u00e4ume erm\u00f6glicht.<\/p>\n<p>Der gefederte Stabilisierungsarm und die St\u00fctzweste sind so konzipiert, dass sie das Gewicht n\u00e4her an Ihrem K\u00f6rper halten, so dass Sie das Ger\u00e4t l\u00e4nger bedienen k\u00f6nnen als bei herk\u00f6mmlichen Handger\u00e4ten.<\/p>\n<p>Die untere R\u00fcckenst\u00fctze sorgt f\u00fcr eine zus\u00e4tzliche Gewichtsverteilung, die ein komfortables Arbeiten \u00fcber einen l\u00e4ngeren Zeitraum erm\u00f6glicht.<\/p>\n<p>Mit diesem neuen Tilta Float Kit f\u00fcr Handger\u00e4te k\u00f6nnen Sie die Vorteile des Float-Arms voll aussch\u00f6pfen: mehr Komfort bei der Bedienung, h\u00f6here Stabilit\u00e4t und ein organisches Aussehen des Handger\u00e4ts.<\/p>\n","protected":false},"excerpt":{"rendered":"<p>BITTE BEACHTEN SIE: Der Float Post ist NICHT separat erh\u00e4ltlich. Die EINZIGE M\u00f6glichkeit, den Pfosten f\u00fcr den Float zu erwerben, ist das vollst\u00e4ndige Handheld Gimbal Support System Diese Variante des urspr\u00fcnglichen Tilta Float Kits wurde speziell f\u00fcr die Unterst\u00fctzung von [&hellip;]<\/p>\n","protected":false},"featured_media":1967620,"comment_status":"closed","ping_status":"closed","template":"","meta":[],"product_cat":[1049,1050],"product_tag":[],"acf":[],"gallery_images":[1967695,1967658,1967659],"_links":{"self":[{"href":"https:\/\/eu.tilta.com\/de\/wp-json\/wp\/v2\/product\/1972860"}],"collection":[{"href":"https:\/\/eu.tilta.com\/de\/wp-json\/wp\/v2\/product"}],"about":[{"href":"https:\/\/eu.tilta.com\/de\/wp-json\/wp\/v2\/types\/product"}],"replies":[{"embeddable":true,"href":"https:\/\/eu.tilta.com\/de\/wp-json\/wp\/v2\/comments?post=1972860"}],"wp:featuredmedia":[{"embeddable":true,"href":"https:\/\/eu.tilta.com\/de\/wp-json\/wp\/v2\/media\/1967620"}],"wp:attachment":[{"href":"https:\/\/eu.tilta.com\/de\/wp-json\/wp\/v2\/media?parent=1972860"}],"wp:term":[{"taxonomy":"product_cat","embeddable":true,"href":"https:\/\/eu.tilta.com\/de\/wp-json\/wp\/v2\/product_cat?post=1972860"},{"taxonomy":"product_tag","embeddable":true,"href":"https:\/\/eu.tilta.com\/de\/wp-json\/wp\/v2\/product_tag?post=1972860"}],"curies":[{"name":"wp","href":"https:\/\/api.w.org\/{rel}","templated":true}]}}