{"id":1972861,"date":"2022-05-23T10:55:37","date_gmt":"2022-05-23T08:55:37","guid":{"rendered":"https:\/\/de.tilta.com\/shop\/tilta-float-schulterstuetze\/"},"modified":"2025-12-05T12:06:36","modified_gmt":"2025-12-05T11:06:36","slug":"tilta-float-shoulder-support","status":"publish","type":"product","link":"https:\/\/eu.tilta.com\/de\/shop\/tilta-float-shoulder-support\/","title":{"rendered":"Tilta Float Schulterst\u00fctze"},"content":{"rendered":"<p>Diese Schulterst\u00fctze f\u00fcr das <a href=\"https:\/\/de.tilta.com\/de\/shop\/tilta-float-handgetragenes-kardanisches-stuetzsystem\/\">Tilta Float System<\/a> erweitert die St\u00fctzweste, die in allen Versionen des Float Kits enthalten ist.<\/p>\n<p>Die zus\u00e4tzliche Schulterst\u00fctze erm\u00f6glicht es Benutzern, Rigs jeder Gr\u00f6\u00dfe bequemer zu bedienen, indem das Gewicht von der Taille auf die Schultern verlagert wird.<\/p>\n<p>Dadurch wird auch verhindert, dass die St\u00fctzweste durchh\u00e4ngt, wenn sie mit einem schwereren System verwendet wird.<\/p>\n<p>Die Schulterst\u00fctze ist die perfekte L\u00f6sung f\u00fcr alle, die gr\u00f6\u00dfere Kameras auf ihrem Float fliegen wollen oder den Float \u00fcber l\u00e4ngere Zeitr\u00e4ume hinweg bedienen m\u00fcssen.<\/p>\n","protected":false},"excerpt":{"rendered":"<p>Diese Schulterst\u00fctze f\u00fcr das Tilta Float System erweitert die St\u00fctzweste, die in allen Versionen des Float Kits enthalten ist. Die zus\u00e4tzliche Schulterst\u00fctze erm\u00f6glicht es Benutzern, Rigs jeder Gr\u00f6\u00dfe bequemer zu bedienen, indem das Gewicht von der Taille auf die Schultern [&hellip;]<\/p>\n","protected":false},"featured_media":1967852,"comment_status":"closed","ping_status":"closed","template":"","meta":[],"product_cat":[1050,1049],"product_tag":[],"acf":[],"gallery_images":[1967853,1967854,1967855,1967856],"_links":{"self":[{"href":"https:\/\/eu.tilta.com\/de\/wp-json\/wp\/v2\/product\/1972861"}],"collection":[{"href":"https:\/\/eu.tilta.com\/de\/wp-json\/wp\/v2\/product"}],"about":[{"href":"https:\/\/eu.tilta.com\/de\/wp-json\/wp\/v2\/types\/product"}],"replies":[{"embeddable":true,"href":"https:\/\/eu.tilta.com\/de\/wp-json\/wp\/v2\/comments?post=1972861"}],"wp:featuredmedia":[{"embeddable":true,"href":"https:\/\/eu.tilta.com\/de\/wp-json\/wp\/v2\/media\/1967852"}],"wp:attachment":[{"href":"https:\/\/eu.tilta.com\/de\/wp-json\/wp\/v2\/media?parent=1972861"}],"wp:term":[{"taxonomy":"product_cat","embeddable":true,"href":"https:\/\/eu.tilta.com\/de\/wp-json\/wp\/v2\/product_cat?post=1972861"},{"taxonomy":"product_tag","embeddable":true,"href":"https:\/\/eu.tilta.com\/de\/wp-json\/wp\/v2\/product_tag?post=1972861"}],"curies":[{"name":"wp","href":"https:\/\/api.w.org\/{rel}","templated":true}]}}