{"id":1972862,"date":"2022-03-04T10:07:58","date_gmt":"2022-03-04T09:07:58","guid":{"rendered":"https:\/\/de.tilta.com\/shop\/speed-rail-car-mounting-kit\/"},"modified":"2025-12-05T12:06:36","modified_gmt":"2025-12-05T11:06:36","slug":"speed-rail-car-mounting-kit","status":"publish","type":"product","link":"https:\/\/eu.tilta.com\/de\/shop\/speed-rail-car-mounting-kit\/","title":{"rendered":"Speed Rail Auto-Montagesatz"},"content":{"rendered":"<p>Statten Sie Ihr Fahrzeug mit dem Speed Rail Car Mounting Kit aus, das f\u00fcr den Hydra Predator und andere im Auto montierte Sto\u00dfd\u00e4mpferarme entwickelt wurde!<\/p>\n<p>Mit diesem Kit k\u00f6nnen Sie individuelle Speed Rail Rigs bauen, die verschiedene sto\u00dfd\u00e4mpfende Arme in unterschiedlichen Konfigurationen unterst\u00fctzen.<\/p>\n<p>Der Bausatz besteht aus 6 St\u00fccken Speed Rail in zwei verschiedenen Gr\u00f6\u00dfen, die einzeln verwendet oder miteinander verbunden werden k\u00f6nnen, um l\u00e4ngere St\u00fccke f\u00fcr spezielle Takelageanforderungen zu erstellen.<\/p>\n<p>Die 4 verstellbaren Montageklammern erm\u00f6glichen es Ihnen, die Speed Rail in fast jeder beliebigen Konfiguration anzuschlie\u00dfen.<\/p>\n<p>Das Set enth\u00e4lt 4 Hochleistungssaugn\u00e4pfe, von denen jeder einzelne f\u00fcr 50 kg oder etwa 110 lbs ausgelegt ist.<\/p>\n<p>Diese Saugn\u00e4pfe werden mit verstellbaren Klammern an der Geschwindigkeitsschiene befestigt, so dass sie in fast jeder Position angebracht werden k\u00f6nnen, um die meisten Fahrzeuge problemlos zu versorgen.<\/p>\n<p>Mit Hilfe von 4 Saugn\u00e4pfen k\u00f6nnen Sie eine unglaublich stabile Basis schaffen, auf der Sie sto\u00dfd\u00e4mpfende Arme oder andere Ger\u00e4te befestigen k\u00f6nnen.<\/p>\n<p>Mit dem im Lieferumfang enthaltenen Adapter f\u00fcr die vordere Anh\u00e4ngerkupplung k\u00f6nnen Sie das System an jedes Fahrzeug anschlie\u00dfen, das bereits \u00fcber diesen Befestigungspunkt verf\u00fcgt. die dazu beitr\u00e4gt, eine sichere Verbindung herzustellen, die auf mehr als nur Saugkraft beruht.<\/p>\n<p>Abmessungen: (Au\u00dfendurchmesser x Innendurchmesser x L\u00e4nge)<\/p>\n<p>Lange Speed Rail &#8211; 50 x 46 x 730mm<\/p>\n<p>Short Speed Rail &#8211; 50 x 46 x 355mm<\/p>\n<p>&nbsp;<\/p>\n","protected":false},"excerpt":{"rendered":"<p>Statten Sie Ihr Fahrzeug mit dem Speed Rail Car Mounting Kit aus, das f\u00fcr den Hydra Predator und andere im Auto montierte Sto\u00dfd\u00e4mpferarme entwickelt wurde! Mit diesem Kit k\u00f6nnen Sie individuelle Speed Rail Rigs bauen, die verschiedene sto\u00dfd\u00e4mpfende Arme in [&hellip;]<\/p>\n","protected":false},"featured_media":1967649,"comment_status":"closed","ping_status":"closed","template":"","meta":[],"product_cat":[3234,1063,1062,1064],"product_tag":[],"acf":[],"gallery_images":[1967650,1967667,1967664],"_links":{"self":[{"href":"https:\/\/eu.tilta.com\/de\/wp-json\/wp\/v2\/product\/1972862"}],"collection":[{"href":"https:\/\/eu.tilta.com\/de\/wp-json\/wp\/v2\/product"}],"about":[{"href":"https:\/\/eu.tilta.com\/de\/wp-json\/wp\/v2\/types\/product"}],"replies":[{"embeddable":true,"href":"https:\/\/eu.tilta.com\/de\/wp-json\/wp\/v2\/comments?post=1972862"}],"wp:featuredmedia":[{"embeddable":true,"href":"https:\/\/eu.tilta.com\/de\/wp-json\/wp\/v2\/media\/1967649"}],"wp:attachment":[{"href":"https:\/\/eu.tilta.com\/de\/wp-json\/wp\/v2\/media?parent=1972862"}],"wp:term":[{"taxonomy":"product_cat","embeddable":true,"href":"https:\/\/eu.tilta.com\/de\/wp-json\/wp\/v2\/product_cat?post=1972862"},{"taxonomy":"product_tag","embeddable":true,"href":"https:\/\/eu.tilta.com\/de\/wp-json\/wp\/v2\/product_tag?post=1972862"}],"curies":[{"name":"wp","href":"https:\/\/api.w.org\/{rel}","templated":true}]}}