{"id":1972863,"date":"2022-03-02T15:33:06","date_gmt":"2022-03-02T14:33:06","guid":{"rendered":"https:\/\/de.tilta.com\/shop\/vorderer-abschlepphakenadapter-fuer-speed-rail-car-mounting-kit\/"},"modified":"2025-12-13T22:55:12","modified_gmt":"2025-12-13T21:55:12","slug":"front-tow-hook-adapter-for-speed-rail-car-mounting-kit","status":"publish","type":"product","link":"https:\/\/eu.tilta.com\/de\/shop\/front-tow-hook-adapter-for-speed-rail-car-mounting-kit\/","title":{"rendered":"Vorderer Abschlepphakenadapter f\u00fcr Speed Rail Car Mounting Kit"},"content":{"rendered":"<p>Mit diesem Adapter f\u00fcr den vorderen Abschlepphaken k\u00f6nnen Sie die 50mm Speed Rail an jedes Fahrzeug mit einem Abschlepphaken anschlie\u00dfen.<\/p>\n<p>So entsteht eine sichere Verbindung, die auf mehr als nur Saugkraft beruht.<\/p>\n<p>Dieser Adapter dient als Ersatz f\u00fcr den im <a href=\"https:\/\/de.tilta.com\/de\/shop\/speed-rail-car-mounting-kit\/\">Speed Rail Car Mounting Kit<\/a> enthaltenen Adapter und kann auch f\u00fcr Fahrzeuge mit mehreren Anh\u00e4ngerkupplungen verwendet werden.<\/p>\n<p><strong>HINWEIS<\/strong>: F\u00fcr diesen Adapter ben\u00f6tigen Sie eine Speed Rail Montageklemme, um andere Teile der Speed Rail zu verbinden.<\/p>\n","protected":false},"excerpt":{"rendered":"<p>Mit diesem Adapter f\u00fcr den vorderen Abschlepphaken k\u00f6nnen Sie die 50mm Speed Rail an jedes Fahrzeug mit einem Abschlepphaken anschlie\u00dfen. So entsteht eine sichere Verbindung, die auf mehr als nur Saugkraft beruht. Dieser Adapter dient als Ersatz f\u00fcr den im [&hellip;]<\/p>\n","protected":false},"featured_media":1967630,"comment_status":"closed","ping_status":"closed","template":"","meta":[],"product_cat":[1063],"product_tag":[],"acf":[],"gallery_images":[1967670,1967671],"_links":{"self":[{"href":"https:\/\/eu.tilta.com\/de\/wp-json\/wp\/v2\/product\/1972863"}],"collection":[{"href":"https:\/\/eu.tilta.com\/de\/wp-json\/wp\/v2\/product"}],"about":[{"href":"https:\/\/eu.tilta.com\/de\/wp-json\/wp\/v2\/types\/product"}],"replies":[{"embeddable":true,"href":"https:\/\/eu.tilta.com\/de\/wp-json\/wp\/v2\/comments?post=1972863"}],"wp:featuredmedia":[{"embeddable":true,"href":"https:\/\/eu.tilta.com\/de\/wp-json\/wp\/v2\/media\/1967630"}],"wp:attachment":[{"href":"https:\/\/eu.tilta.com\/de\/wp-json\/wp\/v2\/media?parent=1972863"}],"wp:term":[{"taxonomy":"product_cat","embeddable":true,"href":"https:\/\/eu.tilta.com\/de\/wp-json\/wp\/v2\/product_cat?post=1972863"},{"taxonomy":"product_tag","embeddable":true,"href":"https:\/\/eu.tilta.com\/de\/wp-json\/wp\/v2\/product_tag?post=1972863"}],"curies":[{"name":"wp","href":"https:\/\/api.w.org\/{rel}","templated":true}]}}