{"id":1972867,"date":"2024-01-17T11:00:19","date_gmt":"2024-01-17T10:00:19","guid":{"rendered":"https:\/\/de.tilta.com\/shop\/tilta-15mm-rod-holder-to-nato-rail-attachment-black\/"},"modified":"2026-03-18T11:29:38","modified_gmt":"2026-03-18T10:29:38","slug":"tilta-15mm-rod-holder-to-nato-rail-attachment-black","status":"publish","type":"product","link":"https:\/\/eu.tilta.com\/de\/shop\/tilta-15mm-rod-holder-to-nato-rail-attachment-black\/","title":{"rendered":"Tilta 15mm Rod Holder to NATO Rail Attachment &#8211; Black"},"content":{"rendered":"<p>Dieser 15-mm-Rutenhalter auf NATO-Schienenadapter ist die perfekte Option f\u00fcr die Montage von NATO-basiertem Zubeh\u00f6r auf 15-mm-Ruten.<\/p>\n<p>Dieser Adapter verf\u00fcgt \u00fcber eine integrierte unidirektionale NATO-Schiene mit einem Sicherheitsstift auf einer Seite f\u00fcr zus\u00e4tzliche Sicherheit.<\/p>\n<p>Damit kann das Nucleus Nano II Handrad auf einer 15mm Stange montiert werden, was die Position eines mechanischen Follow Focus nachahmt.<\/p>\n<p>Die 1\/4&#8243;-20-Gewinde mit Fixierpunkten an dieser Befestigung k\u00f6nnen auch zur Montage von Gelenkarmen und anderem Zubeh\u00f6r verwendet werden.<\/p>\n<p>Die Knebelschraube kann um 360\u00b0 gedreht und schnell nachjustiert werden, um eine sichere Installation und eine schnelle Montage oder Demontage zu gew\u00e4hrleisten.<\/p>\n","protected":false},"excerpt":{"rendered":"<p>Dieser 15-mm-Rutenhalter auf NATO-Schienenadapter ist die perfekte Option f\u00fcr die Montage von NATO-basiertem Zubeh\u00f6r auf 15-mm-Ruten. Dieser Adapter verf\u00fcgt \u00fcber eine integrierte unidirektionale NATO-Schiene mit einem Sicherheitsstift auf einer Seite f\u00fcr zus\u00e4tzliche Sicherheit. Damit kann das Nucleus Nano II Handrad [&hellip;]<\/p>\n","protected":false},"featured_media":1972712,"comment_status":"closed","ping_status":"closed","template":"","meta":[],"product_cat":[1066,1067,1065],"product_tag":[],"acf":[],"gallery_images":[1957228,1957239,1957373,1957374,1957375],"_links":{"self":[{"href":"https:\/\/eu.tilta.com\/de\/wp-json\/wp\/v2\/product\/1972867"}],"collection":[{"href":"https:\/\/eu.tilta.com\/de\/wp-json\/wp\/v2\/product"}],"about":[{"href":"https:\/\/eu.tilta.com\/de\/wp-json\/wp\/v2\/types\/product"}],"replies":[{"embeddable":true,"href":"https:\/\/eu.tilta.com\/de\/wp-json\/wp\/v2\/comments?post=1972867"}],"wp:featuredmedia":[{"embeddable":true,"href":"https:\/\/eu.tilta.com\/de\/wp-json\/wp\/v2\/media\/1972712"}],"wp:attachment":[{"href":"https:\/\/eu.tilta.com\/de\/wp-json\/wp\/v2\/media?parent=1972867"}],"wp:term":[{"taxonomy":"product_cat","embeddable":true,"href":"https:\/\/eu.tilta.com\/de\/wp-json\/wp\/v2\/product_cat?post=1972867"},{"taxonomy":"product_tag","embeddable":true,"href":"https:\/\/eu.tilta.com\/de\/wp-json\/wp\/v2\/product_tag?post=1972867"}],"curies":[{"name":"wp","href":"https:\/\/api.w.org\/{rel}","templated":true}]}}