{"id":1972868,"date":"2024-01-16T15:11:08","date_gmt":"2024-01-16T14:11:08","guid":{"rendered":"https:\/\/de.tilta.com\/shop\/pl-mount-lens-support-for-sony-fx3-fx30-v2\/"},"modified":"2026-02-16T09:02:28","modified_gmt":"2026-02-16T08:02:28","slug":"pl-mount-lens-support-for-sony-fx3-fx30-v2","status":"publish","type":"product","link":"https:\/\/eu.tilta.com\/de\/shop\/pl-mount-lens-support-for-sony-fx3-fx30-v2\/","title":{"rendered":"PL-Mount-Objektivhalterung f\u00fcr Sony FX3\/FX30 V2"},"content":{"rendered":"<p>Diese PL-Mount-Objektivhalterung f\u00fcr Sony FX3\/FX30 V2 ist die perfekte Option, um verschiedene Marken von E-Mount- auf PL-Objektivadaptern zu unterst\u00fctzen, wenn Sie unseren vollst\u00e4ndigen Kamerak\u00e4fig verwenden.<\/p>\n<p>Dieser Adapter wird sowohl am K\u00e4fig als auch an kompatiblen Objektivadaptern mit zwei Schrauben befestigt, wodurch eine unglaublich sichere Verbindung entsteht und die M\u00f6glichkeit einer unbeabsichtigten Drehung stark eingeschr\u00e4nkt wird.<\/p>\n<p>Mit einem Gewicht von nur 17,5 Gramm bringt dieses Zubeh\u00f6rteil praktisch kein zus\u00e4tzliches Gewicht auf die Kameraausr\u00fcstung der Benutzer.<\/p>\n<p>Dieser Adapter ist mit den folgenden Adaptern kompatibel:<\/p>\n<p>Metabones PL-E Mount Objektiv Adapter<br \/>\nDZO Film Octopus Objektiv Adapter PL auf E<br \/>\nMeike Objektivadapter f\u00fcr PL-Mount-Objektive auf Sony E-Mount<br \/>\nMOFAGE POCO Drop-In Filter Adapter E-Mount f\u00fcr PL-Objektive<\/p>\n<p><strong>Dieser Adapter ist mit Objektivadaptern anderer Marken kompatibel, aber die Kompatibilit\u00e4t mit anderen als den aufgef\u00fchrten Adaptern kann nicht garantiert werden.  <\/strong><\/p>\n","protected":false},"excerpt":{"rendered":"<p>Diese PL-Mount-Objektivhalterung f\u00fcr Sony FX3\/FX30 V2 ist die perfekte Option, um verschiedene Marken von E-Mount- auf PL-Objektivadaptern zu unterst\u00fctzen, wenn Sie unseren vollst\u00e4ndigen Kamerak\u00e4fig verwenden. Dieser Adapter wird sowohl am K\u00e4fig als auch an kompatiblen Objektivadaptern mit zwei Schrauben befestigt, [&hellip;]<\/p>\n","protected":false},"featured_media":1972735,"comment_status":"closed","ping_status":"closed","template":"","meta":[],"product_cat":[4448,1071,1070],"product_tag":[],"acf":[],"gallery_images":[1972739,1972741,1972743],"_links":{"self":[{"href":"https:\/\/eu.tilta.com\/de\/wp-json\/wp\/v2\/product\/1972868"}],"collection":[{"href":"https:\/\/eu.tilta.com\/de\/wp-json\/wp\/v2\/product"}],"about":[{"href":"https:\/\/eu.tilta.com\/de\/wp-json\/wp\/v2\/types\/product"}],"replies":[{"embeddable":true,"href":"https:\/\/eu.tilta.com\/de\/wp-json\/wp\/v2\/comments?post=1972868"}],"wp:featuredmedia":[{"embeddable":true,"href":"https:\/\/eu.tilta.com\/de\/wp-json\/wp\/v2\/media\/1972735"}],"wp:attachment":[{"href":"https:\/\/eu.tilta.com\/de\/wp-json\/wp\/v2\/media?parent=1972868"}],"wp:term":[{"taxonomy":"product_cat","embeddable":true,"href":"https:\/\/eu.tilta.com\/de\/wp-json\/wp\/v2\/product_cat?post=1972868"},{"taxonomy":"product_tag","embeddable":true,"href":"https:\/\/eu.tilta.com\/de\/wp-json\/wp\/v2\/product_tag?post=1972868"}],"curies":[{"name":"wp","href":"https:\/\/api.w.org\/{rel}","templated":true}]}}