{"id":1972873,"date":"2024-01-10T15:26:12","date_gmt":"2024-01-10T14:26:12","guid":{"rendered":"https:\/\/de.tilta.com\/shop\/camera-cage-for-bmcc-6k-basic-kit-black\/"},"modified":"2025-12-05T12:06:39","modified_gmt":"2025-12-05T11:06:39","slug":"camera-cage-for-bmcc-6k-basic-kit-black","status":"publish","type":"product","link":"https:\/\/eu.tilta.com\/de\/shop\/camera-cage-for-bmcc-6k-basic-kit-black\/","title":{"rendered":"Kamerak\u00e4fig f\u00fcr BMCC 6K Basis-Kit &#8211; Schwarz"},"content":{"rendered":"<p><em>Wir stellen Ihnen das neu gestaltete Basis-Kamerak\u00e4fig-Kit f\u00fcr die Blackmagic Filmkamera 6K vor!<\/em><\/p>\n<p>Die Basis dieses Kamerak\u00e4figs f\u00fcr die BMCC 6K (Full Frame) bietet eine sch\u00fctzende Panzerung f\u00fcr das Kamerageh\u00e4use und erm\u00f6glicht die Befestigung von verschiedenem Zubeh\u00f6r, um die Funktionalit\u00e4t der Kamera zu verbessern.<\/p>\n<p>Diese aktualisierte Version verf\u00fcgt \u00fcber eine obere Platte, die perfekt auf das 1\/4\u2033-20-Gewinde an der Oberseite des Vollformat-Kamerageh\u00e4uses abgestimmt ist, das derzeit nicht mit unserer vorherigen Version dieses K\u00e4figs kompatibel ist.<\/p>\n<p>Das neue Design verf\u00fcgt au\u00dferdem \u00fcber zwei Schrauben, mit denen der K\u00e4fig an der Unterseite der Kamera befestigt wird, wodurch ein unglaublich sicherer Dreipunktkontakt entsteht.<\/p>\n<p>Der Full Cage bietet mehrere 1\/4&#8243;-20 Gewinde mit Fixierpunkten, Kaltschuhaufnahmen, eine Arri kompatible Rosette und eine NATO-Schiene f\u00fcr NATO-basierte Seitengriffe und Zubeh\u00f6r.<\/p>\n<p>Das rechte Armmodul kann entfernt werden, um diesen Full Cage in einen Half Cage zu verwandeln, der mehr Flexibilit\u00e4t in Situationen bietet, in denen leichtere Konstruktionen erforderlich sind, z.B. bei der Verwendung eines Gimbals.<\/p>\n<p>Die Bodenplatte bietet mehrere 1\/4\u2033-20 Befestigungspunkte f\u00fcr die Befestigung Ihrer Kamera an verschiedenen Schnellwechselplatten und ist mit dem ARCA-Empf\u00e4nger des DJI RS3 Pro kompatibel.<\/p>\n<p>Wenn Sie den Halbk\u00e4fig verwenden, kann die Bodenplatte erweitert werden, um den Black Magic Design Battery Grip zu tragen. Au\u00dferdem ist ein 15-mm-Rutenhalter enthalten, mit dem Sie rutenbasiertes Zubeh\u00f6r in der richtigen LWS-Ausrichtung mit dem Battery Grip verwenden k\u00f6nnen.<\/p>\n<p>Im Basis-Kit ist der Xeno Top Handle enthalten, der mit einer 1\/4\u2033-20 Schraube mit Fixierstiften am K\u00e4fig befestigt wird.<\/p>\n<p>Der Griff verf\u00fcgt \u00fcber einen silikongepolsterten Griff, der die Handhabung komfortabler macht, und bietet zahlreiche Befestigungspunkte f\u00fcr zus\u00e4tzliches Zubeh\u00f6r wie z.B. einen Kaltakku-Empf\u00e4nger, 1\/4\u2033-20 und 3\/8\u2033-16 Gewinde.<\/p>\n<p>Der mitgelieferte 90-Grad-HDMI-Adapter wird am K\u00e4fig in der N\u00e4he des HDMI-Anschlusses angebracht und bietet eine sichere Verbindung, die den Verschlei\u00df des Anschlusses begrenzt.<\/p>\n<p>Das Kit enth\u00e4lt auch eine SSD-Laufwerkshalterung, die \u00fcber eine 1\/4\u2033-20-Schraube mit einem Fixierstift befestigt wird und es Benutzern erm\u00f6glicht, ein Samsung T5 SSD-Laufwerk f\u00fcr externe Aufnahmen festzuklemmen.<\/p>\n<p><b>Der BMD EVF ragt NICHT vollst\u00e4ndig durch die obere Platte des K\u00e4figs. Seien Sie bitte vorsichtig, um Sch\u00e4den am EVF zu vermeiden.  <\/b><\/p>\n","protected":false},"excerpt":{"rendered":"<p>Wir stellen Ihnen das neu gestaltete Basis-Kamerak\u00e4fig-Kit f\u00fcr die Blackmagic Filmkamera 6K vor! Die Basis dieses Kamerak\u00e4figs f\u00fcr die BMCC 6K (Full Frame) bietet eine sch\u00fctzende Panzerung f\u00fcr das Kamerageh\u00e4use und erm\u00f6glicht die Befestigung von verschiedenem Zubeh\u00f6r, um die Funktionalit\u00e4t [&hellip;]<\/p>\n","protected":false},"featured_media":1972610,"comment_status":"closed","ping_status":"closed","template":"","meta":[],"product_cat":[1073],"product_tag":[],"acf":[],"gallery_images":[1956566,1956565,1956568,1956569,1956567],"_links":{"self":[{"href":"https:\/\/eu.tilta.com\/de\/wp-json\/wp\/v2\/product\/1972873"}],"collection":[{"href":"https:\/\/eu.tilta.com\/de\/wp-json\/wp\/v2\/product"}],"about":[{"href":"https:\/\/eu.tilta.com\/de\/wp-json\/wp\/v2\/types\/product"}],"replies":[{"embeddable":true,"href":"https:\/\/eu.tilta.com\/de\/wp-json\/wp\/v2\/comments?post=1972873"}],"wp:featuredmedia":[{"embeddable":true,"href":"https:\/\/eu.tilta.com\/de\/wp-json\/wp\/v2\/media\/1972610"}],"wp:attachment":[{"href":"https:\/\/eu.tilta.com\/de\/wp-json\/wp\/v2\/media?parent=1972873"}],"wp:term":[{"taxonomy":"product_cat","embeddable":true,"href":"https:\/\/eu.tilta.com\/de\/wp-json\/wp\/v2\/product_cat?post=1972873"},{"taxonomy":"product_tag","embeddable":true,"href":"https:\/\/eu.tilta.com\/de\/wp-json\/wp\/v2\/product_tag?post=1972873"}],"curies":[{"name":"wp","href":"https:\/\/api.w.org\/{rel}","templated":true}]}}