{"id":1972874,"date":"2024-01-10T15:15:47","date_gmt":"2024-01-10T14:15:47","guid":{"rendered":"https:\/\/de.tilta.com\/shop\/camera-cage-for-bmcc-6k-advanced-kit-black\/"},"modified":"2025-12-05T12:06:40","modified_gmt":"2025-12-05T11:06:40","slug":"camera-cage-for-bmcc-6k-advanced-kit-black","status":"publish","type":"product","link":"https:\/\/eu.tilta.com\/de\/shop\/camera-cage-for-bmcc-6k-advanced-kit-black\/","title":{"rendered":"Kamerak\u00e4fig f\u00fcr BMCC 6K Fortgeschrittenen-Kit &#8211; Schwarz"},"content":{"rendered":"<p><em>Wir stellen Ihnen das neu gestaltete Fortgeschrittene Kamerak\u00e4fig-Kit f\u00fcr die Blackmagic Filmkamera 6K vor!<\/em><\/p>\n<p>Die Basis dieses Kamerak\u00e4figs f\u00fcr die BMCC 6K (Full Frame) bietet eine sch\u00fctzende Panzerung f\u00fcr das Kamerageh\u00e4use und erm\u00f6glicht die Befestigung von verschiedenem Zubeh\u00f6r, um die Funktionalit\u00e4t der Kamera zu verbessern.<\/p>\n<p>Diese aktualisierte Version verf\u00fcgt \u00fcber eine obere Platte, die perfekt auf das 1\/4\u2033-20-Gewinde an der Oberseite des Vollformat-Kamerageh\u00e4uses abgestimmt ist, w\u00e4hrend sie an der Unterseite mit zwei Schrauben verbunden ist, wodurch ein unglaublich sicherer Dreipunktkontakt entsteht.<\/p>\n<p>Der Full Cage bietet mehrere 1\/4&#8243;-20 Gewinde mit Fixierstiften, Kaltschuhaufnahmen, eine Arri kompatible Rosette und eine NATO-Schiene und ist gleichzeitig beeindruckend modular, da das rechte Armmodul entfernt werden kann, um zu einem Half Cage oder L-Bracket zu werden.<\/p>\n<p>Die Bodenplatte bietet mehrere 1\/4\u2033-20 Befestigungspunkte f\u00fcr die Befestigung Ihrer Kamera an verschiedenen Schnellwechselplatten und ist mit dem ARCA-Empf\u00e4nger des DJI RS3 Pro kompatibel.<\/p>\n<p>Wenn Sie den Halbk\u00e4fig verwenden, kann die Bodenplatte erweitert werden, um den Black Magic Design Battery Grip zu tragen. Au\u00dferdem ist ein 15-mm-Rutenhalter enthalten, mit dem Sie rutenbasiertes Zubeh\u00f6r in der richtigen LWS-Ausrichtung mit dem Battery Grip verwenden k\u00f6nnen.<\/p>\n<p>Wenn Sie den Batteriegriff nicht verwenden, k\u00f6nnen Sie die mitgelieferte 15 m lange LWS Grundplatte Typ VI am K\u00e4fig befestigen. Sie bietet eine zus\u00e4tzliche 15-mm-Stangenhalterung und erm\u00f6glicht die Montage von Zubeh\u00f6r, das auf Stangen basiert, wie z.B. Matteboxen und Follow Focus Systeme.<\/p>\n<p>Die Unterseite dieser Grundplatte wird mit unseren Tilta-Schwalbenschw\u00e4nzen verbunden und nimmt verschiedene Schnellwechselplatten \u00fcber 1\/4\u2033-20 und 3\/8\u2033-16 Gewinde auf.<\/p>\n<p>Das Advanced Kit umfasst einen Advanced Power Handle<strong>(Akku nicht im Lieferumfang enthalten<\/strong>), der \u00fcber eine NATO-Schiene an der linken Seite des K\u00e4figs befestigt wird und einen 12-V-Micro-DC-Anschluss (3,5\/1,35 mm) sowie einen 8-V-USB-C-Anschluss f\u00fcr die Stromversorgung der Kamera oder anderen Zubeh\u00f6rs bietet.<\/p>\n<p>Der Griff kann auch den Run Stop der BMCC 6K \u00fcber ein mitgeliefertes Run Stop-Kabel steuern, w\u00e4hrend die Drehung des Griffs eine flexible Bedienung bei Handheld-Aufnahmen erm\u00f6glicht.<\/p>\n<p>In diesem Kit ist der Xeno Top Handle enthalten, der \u00fcber eine 1\/4\u2033-20 Schraube mit Fixierstiften am K\u00e4fig befestigt wird und \u00fcber einen silikongepolsterten Griff verf\u00fcgt, der die Handhabung komfortabler macht. Gleichzeitig bietet er zahlreiche Befestigungspunkte f\u00fcr zus\u00e4tzliches Zubeh\u00f6r, wie z.B. einen Kaltstartempf\u00e4nger, 1\/4\u2033-20 und 3\/8\u2033-16 Gewinde.<\/p>\n<p>Der mitgelieferte 90-Grad-HDMI-Adapter wird am K\u00e4fig in der N\u00e4he des HDMI-Anschlusses angebracht und bietet eine sichere Verbindung, die den Verschlei\u00df des Anschlusses begrenzt.<\/p>\n<p>Das Kit enth\u00e4lt auch eine SSD-Laufwerkshalterung, die \u00fcber eine 1\/4\u2033-20-Schraube mit einem Fixierstift befestigt wird und es Benutzern erm\u00f6glicht, ein Samsung T5 SSD-Laufwerk f\u00fcr externe Aufnahmen festzuklemmen.<\/p>\n<p><b>Der BMD EVF ragt NICHT vollst\u00e4ndig durch die obere Platte des K\u00e4figs. Seien Sie bitte vorsichtig, um Sch\u00e4den am EVF zu vermeiden.  <\/b><\/p>\n","protected":false},"excerpt":{"rendered":"<p>Wir stellen Ihnen das neu gestaltete Fortgeschrittene Kamerak\u00e4fig-Kit f\u00fcr die Blackmagic Filmkamera 6K vor! Die Basis dieses Kamerak\u00e4figs f\u00fcr die BMCC 6K (Full Frame) bietet eine sch\u00fctzende Panzerung f\u00fcr das Kamerageh\u00e4use und erm\u00f6glicht die Befestigung von verschiedenem Zubeh\u00f6r, um die [&hellip;]<\/p>\n","protected":false},"featured_media":1972607,"comment_status":"closed","ping_status":"closed","template":"","meta":[],"product_cat":[1073],"product_tag":[],"acf":[],"gallery_images":[1956563,1956562,1956568,1956569,1956567],"_links":{"self":[{"href":"https:\/\/eu.tilta.com\/de\/wp-json\/wp\/v2\/product\/1972874"}],"collection":[{"href":"https:\/\/eu.tilta.com\/de\/wp-json\/wp\/v2\/product"}],"about":[{"href":"https:\/\/eu.tilta.com\/de\/wp-json\/wp\/v2\/types\/product"}],"replies":[{"embeddable":true,"href":"https:\/\/eu.tilta.com\/de\/wp-json\/wp\/v2\/comments?post=1972874"}],"wp:featuredmedia":[{"embeddable":true,"href":"https:\/\/eu.tilta.com\/de\/wp-json\/wp\/v2\/media\/1972607"}],"wp:attachment":[{"href":"https:\/\/eu.tilta.com\/de\/wp-json\/wp\/v2\/media?parent=1972874"}],"wp:term":[{"taxonomy":"product_cat","embeddable":true,"href":"https:\/\/eu.tilta.com\/de\/wp-json\/wp\/v2\/product_cat?post=1972874"},{"taxonomy":"product_tag","embeddable":true,"href":"https:\/\/eu.tilta.com\/de\/wp-json\/wp\/v2\/product_tag?post=1972874"}],"curies":[{"name":"wp","href":"https:\/\/api.w.org\/{rel}","templated":true}]}}