{"id":1972878,"date":"2020-11-25T17:29:21","date_gmt":"2020-11-25T16:29:21","guid":{"rendered":"https:\/\/de.tilta.com\/shop\/dual-handle-power-supply-halterung-fuer-dji-ronin\/"},"modified":"2025-12-22T03:45:52","modified_gmt":"2025-12-22T02:45:52","slug":"dual-handle-power-supply-bracket-for-dji-ronin","status":"publish","type":"product","link":"https:\/\/eu.tilta.com\/de\/shop\/dual-handle-power-supply-bracket-for-dji-ronin\/","title":{"rendered":"Dual Handle Power Supply Halterung f\u00fcr DJI Ronin"},"content":{"rendered":"<p>Die Dual Handle Power Supply Bracket f\u00fcr DJI Ronin erm\u00f6glicht es Ihnen, Ihre DJI RS2, RSC2, RS 3\/3 Pro und RS 4\/4 Pro \u00fcber einen Gold- oder V-Mount-Akku mit Strom zu versorgen, bietet zus\u00e4tzliche Stabilit\u00e4t w\u00e4hrend des Betriebs und verf\u00fcgt \u00fcber mehrere Befestigungspunkte zur Anbringung von Zubeh\u00f6r.<\/p>\n<p>Mit der Stromversorgungshalterung k\u00f6nnen Sie den Batteriegriff des Ronin auf der linken Seite montieren, um die Lebensdauer der Batterie zu verl\u00e4ngern. Die Gewinde auf der rechten Seite erm\u00f6glichen die Montage des mitgelieferten mechanischen Griffs in verschiedenen Positionen und Abst\u00e4nden zum Gimbalgeh\u00e4use.<\/p>\n<p>Die Stromversorgungshalterung unterst\u00fctzt auch den Fernbedienungsgriff des Advanced Ring Grip und den kabellosen Zweikanal-Objektivsteuerungsgriff, der die volle Kontrolle \u00fcber die DJI RS2, RSC2, RS 3 Pro und RS 4\/4 Pro sowie kabellose Follow-Focus-Systeme wie Nucleus M oder Nano erm\u00f6glicht.<\/p>\n<p>Die NATO-Schiene und das \u00bc&#8221;-20-Gewinde erm\u00f6glichen die Montage von vielf\u00e4ltigem Zubeh\u00f6r, einschlie\u00dflich des DJI Ronin Stativs\/verl\u00e4ngerten Griffs.<\/p>\n","protected":false},"excerpt":{"rendered":"<p>Die Dual Handle Power Supply Bracket f\u00fcr DJI Ronin erm\u00f6glicht es Ihnen, Ihre DJI RS2, RSC2, RS 3\/3 Pro und RS 4\/4 Pro \u00fcber einen Gold- oder V-Mount-Akku mit Strom zu versorgen, bietet zus\u00e4tzliche Stabilit\u00e4t w\u00e4hrend des Betriebs und verf\u00fcgt [&hellip;]<\/p>\n","protected":false},"featured_media":1962945,"comment_status":"closed","ping_status":"closed","template":"","meta":[],"product_cat":[1077],"product_tag":[],"acf":[],"gallery_images":[886470,886472,886474],"_links":{"self":[{"href":"https:\/\/eu.tilta.com\/de\/wp-json\/wp\/v2\/product\/1972878"}],"collection":[{"href":"https:\/\/eu.tilta.com\/de\/wp-json\/wp\/v2\/product"}],"about":[{"href":"https:\/\/eu.tilta.com\/de\/wp-json\/wp\/v2\/types\/product"}],"replies":[{"embeddable":true,"href":"https:\/\/eu.tilta.com\/de\/wp-json\/wp\/v2\/comments?post=1972878"}],"wp:featuredmedia":[{"embeddable":true,"href":"https:\/\/eu.tilta.com\/de\/wp-json\/wp\/v2\/media\/1962945"}],"wp:attachment":[{"href":"https:\/\/eu.tilta.com\/de\/wp-json\/wp\/v2\/media?parent=1972878"}],"wp:term":[{"taxonomy":"product_cat","embeddable":true,"href":"https:\/\/eu.tilta.com\/de\/wp-json\/wp\/v2\/product_cat?post=1972878"},{"taxonomy":"product_tag","embeddable":true,"href":"https:\/\/eu.tilta.com\/de\/wp-json\/wp\/v2\/product_tag?post=1972878"}],"curies":[{"name":"wp","href":"https:\/\/api.w.org\/{rel}","templated":true}]}}