{"id":1972882,"date":"2020-12-07T10:16:14","date_gmt":"2020-12-07T09:16:14","guid":{"rendered":"https:\/\/de.tilta.com\/shop\/power-supply-base-plate-for-dji-ronin\/"},"modified":"2026-03-30T14:16:07","modified_gmt":"2026-03-30T12:16:07","slug":"power-supply-base-plate-for-dji-ronin","status":"publish","type":"product","link":"https:\/\/eu.tilta.com\/de\/shop\/power-supply-base-plate-for-dji-ronin\/","title":{"rendered":"Netzteil-Grundplatte f\u00fcr DJI Ronin"},"content":{"rendered":"<p>Die Stromversorgungs-Basisplatte f\u00fcr DJI Ronin wird direkt an der Basis des DJI RS2 oder RS3\/4 Pro befestigt und erm\u00f6glicht es Ihnen, den Gimbal \u00fcber Gold- oder V-Mount-Batterien \u00fcber das mitgelieferte P-Tap-auf-2-Pin-Kabel zu betreiben.<\/p>\n<p>Mit den 1\/4&#8243;-20 und 3\/8&#8243;-16 Gewinden an der Unterseite der Grundplatte k\u00f6nnen Sie den DJI Ronin an vielen verschiedenen Systemen wie Stativen, Auslegern, Gleitern, Autohalterungen, Stabilisierungssystemen und anderen Produkten aus unserem \u00d6kosystem wie dem Hydra Alien und dem Float System befestigen.<\/p>\n<p>Die seitliche Halterung wird von der Grundplatte aus am Geh\u00e4use des DJI Ronin befestigt und bietet einen zus\u00e4tzlichen Kontaktpunkt und zus\u00e4tzliche Sicherheit. Diese kann mit unserer optionalen <a href=\"https:\/\/de.tilta.com\/de\/shop\/security-bracket-for-dji-rs-3\/\">Sicherheitshalterung f\u00fcr<\/a> DJI RS3 an die DJI <a href=\"https:\/\/de.tilta.com\/de\/shop\/security-bracket-for-dji-rs-3\/\">RS3<\/a> angepasst werden.<\/p>\n","protected":false},"excerpt":{"rendered":"<p>Die Stromversorgungs-Basisplatte f\u00fcr DJI Ronin wird direkt an der Basis des DJI RS2 oder RS3\/4 Pro befestigt und erm\u00f6glicht es Ihnen, den Gimbal \u00fcber Gold- oder V-Mount-Batterien \u00fcber das mitgelieferte P-Tap-auf-2-Pin-Kabel zu betreiben. Mit den 1\/4&#8243;-20 und 3\/8&#8243;-16 Gewinden an [&hellip;]<\/p>\n","protected":false},"featured_media":1964976,"comment_status":"closed","ping_status":"closed","template":"","meta":[],"product_cat":[1049,1050,1138,1139,1062,1140],"product_tag":[],"acf":[],"gallery_images":[1024575,1024577],"_links":{"self":[{"href":"https:\/\/eu.tilta.com\/de\/wp-json\/wp\/v2\/product\/1972882"}],"collection":[{"href":"https:\/\/eu.tilta.com\/de\/wp-json\/wp\/v2\/product"}],"about":[{"href":"https:\/\/eu.tilta.com\/de\/wp-json\/wp\/v2\/types\/product"}],"replies":[{"embeddable":true,"href":"https:\/\/eu.tilta.com\/de\/wp-json\/wp\/v2\/comments?post=1972882"}],"wp:featuredmedia":[{"embeddable":true,"href":"https:\/\/eu.tilta.com\/de\/wp-json\/wp\/v2\/media\/1964976"}],"wp:attachment":[{"href":"https:\/\/eu.tilta.com\/de\/wp-json\/wp\/v2\/media?parent=1972882"}],"wp:term":[{"taxonomy":"product_cat","embeddable":true,"href":"https:\/\/eu.tilta.com\/de\/wp-json\/wp\/v2\/product_cat?post=1972882"},{"taxonomy":"product_tag","embeddable":true,"href":"https:\/\/eu.tilta.com\/de\/wp-json\/wp\/v2\/product_tag?post=1972882"}],"curies":[{"name":"wp","href":"https:\/\/api.w.org\/{rel}","templated":true}]}}