{"id":1972883,"date":"2022-03-01T14:35:51","date_gmt":"2022-03-01T13:35:51","guid":{"rendered":"https:\/\/de.tilta.com\/shop\/tilta-float-dual-handle-support-system\/"},"modified":"2026-02-17T13:49:12","modified_gmt":"2026-02-17T12:49:12","slug":"tilta-float-dual-handle-support-system","status":"publish","type":"product","link":"https:\/\/eu.tilta.com\/de\/shop\/tilta-float-dual-handle-support-system\/","title":{"rendered":"Tilta Float Dual Handle Support System"},"content":{"rendered":"<p><strong>BITTE BEACHTEN SIE: Der Float Post ist NICHT separat erh\u00e4ltlich. Die EINZIGE M\u00f6glichkeit, den Pfosten f\u00fcr den Float zu erwerben, ist das vollst\u00e4ndige <a href=\"https:\/\/de.tilta.com\/de\/shop\/tilta-float-handgetragenes-kardanisches-stuetzsystem\/\">Handheld Gimbal Support System<\/a><\/strong><\/p>\n<p>Diese Variante des originalen Tilta Float Kits wurde speziell entwickelt, um das Dual Handle Power Supply Bracket f\u00fcr RS2 zu unterst\u00fctzen und gleichzeitig mehr Stabilit\u00e4t und Komfort bei der Bedienung zu bieten.<\/p>\n<p>Dieses Kit enth\u00e4lt die St\u00fctzweste, den Stabilisierungsarm und die Tragetasche aus dem Original-Kit. Neu hinzugekommen sind die Halterung f\u00fcr die Stromversorgung mit zwei Griffen, der RS2-Fernbedienungsgriff und der Manfrotto-Adapter.<\/p>\n<p>Mit diesem Adapter k\u00f6nnen Sie Ihr Dual Handle System direkt an den Tilta Float Stabilisierungsarm montieren, was eine kontrolliertere und komfortablere Gimbal-Aufnahmeerfahrung erm\u00f6glicht.<\/p>\n<p>Dieser Adapter wurde in Zusammenarbeit mit dem Modifikationsexperten unserer <a href=\"https:\/\/www.facebook.com\/groups\/1398011240547585\/\">DJI Ecosystem User Group<\/a>, Vaho Mat, entwickelt, der den Nutzern unserer schnell wachsenden Community hilft, die Funktionalit\u00e4t ihrer RS2-Rigs zu erweitern.<\/p>\n<p>Mit der Dual Handle Power Supply Bracket k\u00f6nnen Sie Ihre RS2 \u00fcber einen Gold- oder V-Mount-Akku mit Strom versorgen und gleichzeitig f\u00fcr zus\u00e4tzliche Stabilit\u00e4t sorgen. Die Halterung verf\u00fcgt \u00fcber mehrere Befestigungspunkte zur Anbringung von Zubeh\u00f6r.<\/p>\n<p>Mit der Stromversorgungshalterung k\u00f6nnen Sie den Batteriegriff des RS2 f\u00fcr zus\u00e4tzliche Batterielebensdauer auf der linken Seite der Halterung befestigen, w\u00e4hrend die Gewinde und der NATO-Adapter auf der rechten Seite die Befestigung des mitgelieferten Fernbedienungsgriffs erm\u00f6glichen.<\/p>\n<p>Mit diesem Griff k\u00f6nnen Sie das Schwenken und Neigen Ihrer RS2 sowie zus\u00e4tzliche Einstellungen wie den Laufstopp und die Fotofunktionen Ihrer Kamera steuern.<\/p>\n<p>Mit dem Focus Wheel des Griffs k\u00f6nnen Sie entweder einen DJI- oder einen Nucleus Series Lens Control Motor drahtlos steuern.<\/p>\n<p>Der gefederte Stabilisierungsarm und die St\u00fctzweste des Float sind so konzipiert, dass sie das Gewicht n\u00e4her an Ihrem K\u00f6rper halten, so dass Sie das Rig l\u00e4nger als herk\u00f6mmliche Gimbal-Konfigurationen verwenden k\u00f6nnen.<\/p>\n<p>Der neue Manfrotto Adapter verwendet eine Manfrotto Platte in Standardgr\u00f6\u00dfe, mit der Sie schnell zwischen kompatiblen Manfrotto Stativk\u00f6pfen und dem Tilta Float Arm wechseln k\u00f6nnen.<\/p>\n<p>Dieser Adapter kann auch direkt mit der Kamera verwendet werden, wenn Sie den Dual Handle Bracket nicht benutzen. Er bietet zus\u00e4tzlichen Komfort bei der Bedienung und erh\u00f6hte Stabilit\u00e4t, w\u00e4hrend er einen organischen Handheld-Look erzeugt.<\/p>\n<p>&nbsp;<\/p>\n","protected":false},"excerpt":{"rendered":"<p>BITTE BEACHTEN SIE: Der Float Post ist NICHT separat erh\u00e4ltlich. Die EINZIGE M\u00f6glichkeit, den Pfosten f\u00fcr den Float zu erwerben, ist das vollst\u00e4ndige Handheld Gimbal Support System Diese Variante des originalen Tilta Float Kits wurde speziell entwickelt, um das Dual [&hellip;]<\/p>\n","protected":false},"featured_media":1967621,"comment_status":"closed","ping_status":"closed","template":"","meta":[],"product_cat":[1049,1050],"product_tag":[],"acf":[],"gallery_images":[1967693,1967694,1967692],"_links":{"self":[{"href":"https:\/\/eu.tilta.com\/de\/wp-json\/wp\/v2\/product\/1972883"}],"collection":[{"href":"https:\/\/eu.tilta.com\/de\/wp-json\/wp\/v2\/product"}],"about":[{"href":"https:\/\/eu.tilta.com\/de\/wp-json\/wp\/v2\/types\/product"}],"replies":[{"embeddable":true,"href":"https:\/\/eu.tilta.com\/de\/wp-json\/wp\/v2\/comments?post=1972883"}],"wp:featuredmedia":[{"embeddable":true,"href":"https:\/\/eu.tilta.com\/de\/wp-json\/wp\/v2\/media\/1967621"}],"wp:attachment":[{"href":"https:\/\/eu.tilta.com\/de\/wp-json\/wp\/v2\/media?parent=1972883"}],"wp:term":[{"taxonomy":"product_cat","embeddable":true,"href":"https:\/\/eu.tilta.com\/de\/wp-json\/wp\/v2\/product_cat?post=1972883"},{"taxonomy":"product_tag","embeddable":true,"href":"https:\/\/eu.tilta.com\/de\/wp-json\/wp\/v2\/product_tag?post=1972883"}],"curies":[{"name":"wp","href":"https:\/\/api.w.org\/{rel}","templated":true}]}}