{"id":1972884,"date":"2023-07-20T14:43:23","date_gmt":"2023-07-20T12:43:23","guid":{"rendered":"https:\/\/de.tilta.com\/shop\/tilta-l-series-battery-plate-black\/"},"modified":"2026-03-28T13:49:55","modified_gmt":"2026-03-28T12:49:55","slug":"tilta-l-series-battery-plate-black","status":"publish","type":"product","link":"https:\/\/eu.tilta.com\/de\/shop\/tilta-l-series-battery-plate-black\/","title":{"rendered":"Tilta L-Serie Batterieplatte &#8211; Schwarz"},"content":{"rendered":"<p>Die Tilta Akkuplatte der L-Serie ist eine fantastische, leichte Option f\u00fcr die Stromversorgung Ihrer Kamera oder Ihres Zubeh\u00f6rs \u00fcber Akkus der Sony L-Serie.<\/p>\n<p>Die Akkuplatte l\u00e4sst sich mit einer 1\/4&#8243;-20 Schraube mit Passstiften, die mit einem Schlitzschraubendreher oder von Hand befestigt werden kann, bequem an Ihrem Kamerak\u00e4fig anbringen.<\/p>\n<p>Gepaart mit einem Silikonpolster auf der R\u00fcckseite hat diese Platte eine unglaublich sichere Verbindung, die verhindert, dass sich die Platte dreht.<\/p>\n<p>Die Plate verf\u00fcgt \u00fcber mehrere Stromausgangsoptionen wie USB-A (5V\/2.1A), DC Out (8V\/3A), USB-C In\/Out (18W PD) und DC Out (12V\/2A).<\/p>\n<p>Der USB-C-Anschluss ist besonders n\u00fctzlich, da er eine bidirektionale Stromversorgung f\u00fcr Eingang und Ausgang unterst\u00fctzt.<\/p>\n<p>Damit k\u00f6nnen Sie Zubeh\u00f6r \u00fcber USB-C PD mit Strom versorgen und Sony Akkus der L-Serie aufladen, w\u00e4hrend sie an die Platte angeschlossen sind.<\/p>\n<p>Das Design schr\u00e4nkt weder die Gr\u00f6\u00dfe noch die Marke des Akkus ein, so dass diese Platte mit einer Vielzahl von Gr\u00f6\u00dfen und Marken der L-Serie kompatibel ist.<\/p>\n<p>Die Akkuanzeige auf dem Ger\u00e4t informiert Sie \u00fcber die Akkulaufzeit und den Ladestatus, wenn Sie den Akku \u00fcber den USB-C-Anschluss aufladen.<\/p>\n<p>&nbsp;<\/p>\n","protected":false},"excerpt":{"rendered":"<p>Die Tilta Akkuplatte der L-Serie ist eine fantastische, leichte Option f\u00fcr die Stromversorgung Ihrer Kamera oder Ihres Zubeh\u00f6rs \u00fcber Akkus der Sony L-Serie. Die Akkuplatte l\u00e4sst sich mit einer 1\/4&#8243;-20 Schraube mit Passstiften, die mit einem Schlitzschraubendreher oder von Hand [&hellip;]<\/p>\n","protected":false},"featured_media":1970687,"comment_status":"closed","ping_status":"closed","template":"","meta":[],"product_cat":[1073,1082,1083,1084,1085,1094,1104,1066,1142,1143],"product_tag":[],"acf":[],"gallery_images":[1970693,1970692,1970713,1970691,1970712],"_links":{"self":[{"href":"https:\/\/eu.tilta.com\/de\/wp-json\/wp\/v2\/product\/1972884"}],"collection":[{"href":"https:\/\/eu.tilta.com\/de\/wp-json\/wp\/v2\/product"}],"about":[{"href":"https:\/\/eu.tilta.com\/de\/wp-json\/wp\/v2\/types\/product"}],"replies":[{"embeddable":true,"href":"https:\/\/eu.tilta.com\/de\/wp-json\/wp\/v2\/comments?post=1972884"}],"wp:featuredmedia":[{"embeddable":true,"href":"https:\/\/eu.tilta.com\/de\/wp-json\/wp\/v2\/media\/1970687"}],"wp:attachment":[{"href":"https:\/\/eu.tilta.com\/de\/wp-json\/wp\/v2\/media?parent=1972884"}],"wp:term":[{"taxonomy":"product_cat","embeddable":true,"href":"https:\/\/eu.tilta.com\/de\/wp-json\/wp\/v2\/product_cat?post=1972884"},{"taxonomy":"product_tag","embeddable":true,"href":"https:\/\/eu.tilta.com\/de\/wp-json\/wp\/v2\/product_tag?post=1972884"}],"curies":[{"name":"wp","href":"https:\/\/api.w.org\/{rel}","templated":true}]}}