{"id":1972886,"date":"2024-01-10T15:00:09","date_gmt":"2024-01-10T14:00:09","guid":{"rendered":"https:\/\/de.tilta.com\/shop\/nucleus-nano-ii-handrad-auf-dji-ronin-steuerungsadapter\/"},"modified":"2026-01-15T05:04:15","modified_gmt":"2026-01-15T04:04:15","slug":"nucleus-nano-ii-hand-wheel-to-dji-ronin-control-adapter","status":"publish","type":"product","link":"https:\/\/eu.tilta.com\/de\/shop\/nucleus-nano-ii-hand-wheel-to-dji-ronin-control-adapter\/","title":{"rendered":"Nucleus Nano II Handrad auf DJI Ronin Steuerungsadapter"},"content":{"rendered":"<div class=\"overview-text\">\n<p>Der Nucleus Nano II Handrad zu DJI Ronin Control Adapter ist die perfekte Option f\u00fcr die Steuerung des DJI Focus Motors \u00fcber das Nano II Handrad.<\/p>\n<p>Dieser Adapter wird an beiden Seiten der NATO-Schienenbefestigungspunkte des RS2 oder RS3 Pro angebracht und mit zwei Schrauben sicher befestigt.<\/p>\n<p>Der Adapter verf\u00fcgt \u00fcber zwei S\u00e4tze von Kontaktstiften f\u00fcr das Nano II Handrad, so dass Sie das Ger\u00e4t je nach Vorliebe oder aufgrund von Platzproblemen mit dem Schwenkmotor in verschiedenen H\u00f6hen montieren k\u00f6nnen.<\/p>\n<p>Das Handrad wird \u00fcber die interne NATO-Klemme am Adapter befestigt und kann neben der Steuerung des Motors auch Strom vom Gimbal-Geh\u00e4use beziehen.<\/p>\n<\/div>\n","protected":false},"excerpt":{"rendered":"<p>Der Nucleus Nano II Handrad zu DJI Ronin Control Adapter ist die perfekte Option f\u00fcr die Steuerung des DJI Focus Motors \u00fcber das Nano II Handrad. Dieser Adapter wird an beiden Seiten der NATO-Schienenbefestigungspunkte des RS2 oder RS3 Pro angebracht [&hellip;]<\/p>\n","protected":false},"featured_media":1972669,"comment_status":"closed","ping_status":"closed","template":"","meta":[],"product_cat":[1066],"product_tag":[],"acf":[],"gallery_images":[1972668,1972666,1972667],"_links":{"self":[{"href":"https:\/\/eu.tilta.com\/de\/wp-json\/wp\/v2\/product\/1972886"}],"collection":[{"href":"https:\/\/eu.tilta.com\/de\/wp-json\/wp\/v2\/product"}],"about":[{"href":"https:\/\/eu.tilta.com\/de\/wp-json\/wp\/v2\/types\/product"}],"replies":[{"embeddable":true,"href":"https:\/\/eu.tilta.com\/de\/wp-json\/wp\/v2\/comments?post=1972886"}],"wp:featuredmedia":[{"embeddable":true,"href":"https:\/\/eu.tilta.com\/de\/wp-json\/wp\/v2\/media\/1972669"}],"wp:attachment":[{"href":"https:\/\/eu.tilta.com\/de\/wp-json\/wp\/v2\/media?parent=1972886"}],"wp:term":[{"taxonomy":"product_cat","embeddable":true,"href":"https:\/\/eu.tilta.com\/de\/wp-json\/wp\/v2\/product_cat?post=1972886"},{"taxonomy":"product_tag","embeddable":true,"href":"https:\/\/eu.tilta.com\/de\/wp-json\/wp\/v2\/product_tag?post=1972886"}],"curies":[{"name":"wp","href":"https:\/\/api.w.org\/{rel}","templated":true}]}}