{"id":1972892,"date":"2022-03-01T09:10:24","date_gmt":"2022-03-01T08:10:24","guid":{"rendered":"https:\/\/de.tilta.com\/shop\/manfrotto-quick-release-plate-adapter-for-tilta-float-stabilizing-arm\/"},"modified":"2025-12-09T17:25:00","modified_gmt":"2025-12-09T16:25:00","slug":"manfrotto-quick-release-plate-adapter-for-tilta-float-stabilizing-arm","status":"publish","type":"product","link":"https:\/\/eu.tilta.com\/de\/shop\/manfrotto-quick-release-plate-adapter-for-tilta-float-stabilizing-arm\/","title":{"rendered":"Manfrotto Schnellwechselplatten-Adapter f\u00fcr Tilta Float Stabilisierungsarm"},"content":{"rendered":"<p>Mit diesem Schnellwechseladapter k\u00f6nnen Sie die meisten Kamerageh\u00e4use direkt am Tilta Float Stabilisierungsarm befestigen, was eine kontrolliertere und komfortablere Handheld-Aufnahme erm\u00f6glicht.<\/p>\n<p>Dieser Adapter verwendet eine Manfrotto Platte in Standardgr\u00f6\u00dfe, mit der Sie schnell zwischen kompatiblen Manfrotto Stativk\u00f6pfen und dem Tilta Float Arm wechseln k\u00f6nnen.<\/p>\n<p>Dieser Adapter ist die perfekte L\u00f6sung f\u00fcr die DJI Ronin 4D. Er erm\u00f6glicht es Ihnen, die Kamera besser zu stabilisieren und zu st\u00fctzen, w\u00e4hrend Sie die Vorteile der integrierten Stabilisierung des Systems voll aussch\u00f6pfen.<\/p>\n<p>Dieser Adapter kann auch f\u00fcr andere Kamerasysteme verwendet werden, da er komfortable Aufnahmen aus der Hand \u00fcber l\u00e4ngere Zeitr\u00e4ume erm\u00f6glicht.<\/p>\n<p>Mit diesem Adapter k\u00f6nnen Sie auch den Float Arm nutzen, um die vertikale Bewegung zu stabilisieren und trotzdem einen handgef\u00fchrten Look zu erhalten.<\/p>\n<p><img loading=\"lazy\" decoding=\"async\" class=\"wp-image-1919005 alignleft\" src=\"https:\/\/tilta.com\/wp-content\/uploads\/2022\/03\/vaho2-e1647302332430-300x282.jpg\" alt=\"\" width=\"158\" height=\"149\" srcset=\"https:\/\/static.tilta.com\/wp-content\/uploads\/2022\/03\/22125908\/vaho2-e1647302332430-300x282.jpg 300w, https:\/\/static.tilta.com\/wp-content\/uploads\/2022\/03\/22125908\/vaho2-e1647302332430-64x60.jpg 64w, https:\/\/static.tilta.com\/wp-content\/uploads\/2022\/03\/22125908\/vaho2-e1647302332430-1024x963.jpg 1024w, https:\/\/static.tilta.com\/wp-content\/uploads\/2022\/03\/22125908\/vaho2-e1647302332430.jpg 1039w\" sizes=\"(max-width: 158px) 100vw, 158px\" \/>Dieses Design wurde in Zusammenarbeit mit dem Modifikationsexperten unseres \u00d6kosystems, <strong>Vaho Mat<\/strong>, entwickelt, der den Benutzern unserer schnell wachsenden Community hilft, die Funktionalit\u00e4t ihrer RS2-Rigs zu erweitern.<\/p>\n<p>Weitere Informationen zu den Modifikationen von Vaho und allgemeine Hilfe zur Fehlerbehebung finden Sie in unserer <a href=\"https:\/\/www.facebook.com\/groups\/1398011240547585\/\">Tilta DJI Ecosystem Users<\/a> Group auf Facebook.<\/p>\n","protected":false},"excerpt":{"rendered":"<p>Mit diesem Schnellwechseladapter k\u00f6nnen Sie die meisten Kamerageh\u00e4use direkt am Tilta Float Stabilisierungsarm befestigen, was eine kontrolliertere und komfortablere Handheld-Aufnahme erm\u00f6glicht. Dieser Adapter verwendet eine Manfrotto Platte in Standardgr\u00f6\u00dfe, mit der Sie schnell zwischen kompatiblen Manfrotto Stativk\u00f6pfen und dem Tilta [&hellip;]<\/p>\n","protected":false},"featured_media":1967619,"comment_status":"closed","ping_status":"closed","template":"","meta":[],"product_cat":[1050,1049],"product_tag":[],"acf":[],"gallery_images":[1967656,1967657,1967669,1967659,1967658],"_links":{"self":[{"href":"https:\/\/eu.tilta.com\/de\/wp-json\/wp\/v2\/product\/1972892"}],"collection":[{"href":"https:\/\/eu.tilta.com\/de\/wp-json\/wp\/v2\/product"}],"about":[{"href":"https:\/\/eu.tilta.com\/de\/wp-json\/wp\/v2\/types\/product"}],"replies":[{"embeddable":true,"href":"https:\/\/eu.tilta.com\/de\/wp-json\/wp\/v2\/comments?post=1972892"}],"wp:featuredmedia":[{"embeddable":true,"href":"https:\/\/eu.tilta.com\/de\/wp-json\/wp\/v2\/media\/1967619"}],"wp:attachment":[{"href":"https:\/\/eu.tilta.com\/de\/wp-json\/wp\/v2\/media?parent=1972892"}],"wp:term":[{"taxonomy":"product_cat","embeddable":true,"href":"https:\/\/eu.tilta.com\/de\/wp-json\/wp\/v2\/product_cat?post=1972892"},{"taxonomy":"product_tag","embeddable":true,"href":"https:\/\/eu.tilta.com\/de\/wp-json\/wp\/v2\/product_tag?post=1972892"}],"curies":[{"name":"wp","href":"https:\/\/api.w.org\/{rel}","templated":true}]}}