{"id":1972897,"date":"2023-12-19T09:46:12","date_gmt":"2023-12-19T08:46:12","guid":{"rendered":"https:\/\/de.tilta.com\/shop\/tilta-universal-focus-gear-ring\/"},"modified":"2025-12-05T12:07:15","modified_gmt":"2025-12-05T11:07:15","slug":"tilta-universal-focus-gear-ring","status":"publish","type":"product","link":"https:\/\/eu.tilta.com\/de\/shop\/tilta-universal-focus-gear-ring\/","title":{"rendered":"Tilta Universal-Fokus-Zahnradring"},"content":{"rendered":"<div class=\"overview-text\">\n<p>Der Universal Focus Gear Ring ist die perfekte universelle Option f\u00fcr die Verwendung von kabellosen oder mechanischen Follow Focus Systemen mit Fotoobjektiven.<\/p>\n<p>Diese Ringe verf\u00fcgen \u00fcber einen strukturierten Innenring, der den Zahnkranz sicher an seinem Platz h\u00e4lt und leicht angepasst werden kann.<\/p>\n<p>Der integrierte Verschluss wurde entwickelt, um den Zahnkranz fest an einem Objektiv zu befestigen, w\u00e4hrend das 0,8 Standardzahnrad eine pr\u00e4zise Drehung und ein geringes Ger\u00e4usch erm\u00f6glicht.<\/p>\n<p>Mit den verschiedenen Farboptionen k\u00f6nnen Sie Ihre Konstruktionen aufpeppen und Optionen f\u00fcr die farbliche Kennzeichnung von Kamerapositionen oder Objektivfunktionen schaffen.<\/p>\n<\/div>\n","protected":false},"excerpt":{"rendered":"<p>Der Universal Focus Gear Ring ist die perfekte universelle Option f\u00fcr die Verwendung von kabellosen oder mechanischen Follow Focus Systemen mit Fotoobjektiven. Diese Ringe verf\u00fcgen \u00fcber einen strukturierten Innenring, der den Zahnkranz sicher an seinem Platz h\u00e4lt und leicht angepasst [&hellip;]<\/p>\n","protected":false},"featured_media":1972517,"comment_status":"closed","ping_status":"closed","template":"","meta":[],"product_cat":[1166],"product_tag":[],"acf":[],"gallery_images":[1972516,1972544,1972546],"_links":{"self":[{"href":"https:\/\/eu.tilta.com\/de\/wp-json\/wp\/v2\/product\/1972897"}],"collection":[{"href":"https:\/\/eu.tilta.com\/de\/wp-json\/wp\/v2\/product"}],"about":[{"href":"https:\/\/eu.tilta.com\/de\/wp-json\/wp\/v2\/types\/product"}],"replies":[{"embeddable":true,"href":"https:\/\/eu.tilta.com\/de\/wp-json\/wp\/v2\/comments?post=1972897"}],"wp:featuredmedia":[{"embeddable":true,"href":"https:\/\/eu.tilta.com\/de\/wp-json\/wp\/v2\/media\/1972517"}],"wp:attachment":[{"href":"https:\/\/eu.tilta.com\/de\/wp-json\/wp\/v2\/media?parent=1972897"}],"wp:term":[{"taxonomy":"product_cat","embeddable":true,"href":"https:\/\/eu.tilta.com\/de\/wp-json\/wp\/v2\/product_cat?post=1972897"},{"taxonomy":"product_tag","embeddable":true,"href":"https:\/\/eu.tilta.com\/de\/wp-json\/wp\/v2\/product_tag?post=1972897"}],"curies":[{"name":"wp","href":"https:\/\/api.w.org\/{rel}","templated":true}]}}