{"id":1972981,"date":"2015-09-21T06:24:23","date_gmt":"2015-09-21T04:24:23","guid":{"rendered":"https:\/\/de.tilta.com\/shop\/4x5-65-kohlefaser-mattbox-zum-anklemmen\/"},"modified":"2026-04-27T15:24:19","modified_gmt":"2026-04-27T13:24:19","slug":"4x5-65-carbon-fiber-matte-box-clamp-on-mb-t12","status":"publish","type":"product","link":"https:\/\/eu.tilta.com\/de\/shop\/4x5-65-carbon-fiber-matte-box-clamp-on-mb-t12\/","title":{"rendered":"4&#215;5.65 Kohlefaser-Mattbox (zum Anklemmen)"},"content":{"rendered":"<p>Diese 4\u00d75,65 Karbonfaser-Mattbox ist so konzipiert, dass sie direkt auf Standard-Kinoobjektive geklemmt werden kann, um so leicht und unauff\u00e4llig wie m\u00f6glich zu sein.<\/p>\n<p>Es enth\u00e4lt mehrere Objektivadapterringe f\u00fcr die meisten Standard-Frontdurchmessergr\u00f6\u00dfen.<\/p>\n<p>Zus\u00e4tzliche <a href=\"https:\/\/de.tilta.com\/de\/shop\/backing-for-mb-t12-clamp-on-matte-box\/\">R\u00fcckw\u00e4nde<\/a> k\u00f6nnen separat erworben werden.<\/p>\n<p>Diese Adapterringe erm\u00f6glichen es nicht nur, die Matte Box direkt am Objektiv zu befestigen, sondern sie machen auch den Einsatz von Objektiv-Donuts \u00fcberfl\u00fcssig.<\/p>\n<p>Im Paket enthalten ist eine franz\u00f6sische Flagge, die als Fackelschutz dient.<\/p>\n<p>Sie enth\u00e4lt auch eine 15-mm-Stabbefestigung, wenn Sie die Matte Box mit LWS-St\u00e4ben montieren m\u00f6chten.<\/p>\n","protected":false},"excerpt":{"rendered":"<p>Diese 4\u00d75,65 Karbonfaser-Mattbox ist so konzipiert, dass sie direkt auf Standard-Kinoobjektive geklemmt werden kann, um so leicht und unauff\u00e4llig wie m\u00f6glich zu sein. Es enth\u00e4lt mehrere Objektivadapterringe f\u00fcr die meisten Standard-Frontdurchmessergr\u00f6\u00dfen. Zus\u00e4tzliche R\u00fcckw\u00e4nde k\u00f6nnen separat erworben werden. Diese Adapterringe erm\u00f6glichen [&hellip;]<\/p>\n","protected":false},"featured_media":1965887,"comment_status":"closed","ping_status":"closed","template":"","meta":[],"product_cat":[3232,1434,1078,1081,1092,1093,1111,1115,1127,1131,1132,1133,1134,1174],"product_tag":[],"acf":[],"gallery_images":[1294761,1294760,1294506],"_links":{"self":[{"href":"https:\/\/eu.tilta.com\/de\/wp-json\/wp\/v2\/product\/1972981"}],"collection":[{"href":"https:\/\/eu.tilta.com\/de\/wp-json\/wp\/v2\/product"}],"about":[{"href":"https:\/\/eu.tilta.com\/de\/wp-json\/wp\/v2\/types\/product"}],"replies":[{"embeddable":true,"href":"https:\/\/eu.tilta.com\/de\/wp-json\/wp\/v2\/comments?post=1972981"}],"wp:featuredmedia":[{"embeddable":true,"href":"https:\/\/eu.tilta.com\/de\/wp-json\/wp\/v2\/media\/1965887"}],"wp:attachment":[{"href":"https:\/\/eu.tilta.com\/de\/wp-json\/wp\/v2\/media?parent=1972981"}],"wp:term":[{"taxonomy":"product_cat","embeddable":true,"href":"https:\/\/eu.tilta.com\/de\/wp-json\/wp\/v2\/product_cat?post=1972981"},{"taxonomy":"product_tag","embeddable":true,"href":"https:\/\/eu.tilta.com\/de\/wp-json\/wp\/v2\/product_tag?post=1972981"}],"curies":[{"name":"wp","href":"https:\/\/api.w.org\/{rel}","templated":true}]}}