{"id":1972983,"date":"2015-10-12T05:28:26","date_gmt":"2015-10-12T03:28:26","guid":{"rendered":"https:\/\/de.tilta.com\/shop\/19mm-pro-objektiv-unterstuetzung\/"},"modified":"2025-12-05T12:07:00","modified_gmt":"2025-12-05T11:07:00","slug":"19mm-lens-supporter-19mm-rod-adaptor-ls-t04","status":"publish","type":"product","link":"https:\/\/eu.tilta.com\/de\/shop\/19mm-lens-supporter-19mm-rod-adaptor-ls-t04\/","title":{"rendered":"19mm Pro Objektiv Unterst\u00fctzung"},"content":{"rendered":"<p>Diese 19-mm-Studio-kompatible Objektivhalterung verhindert das Durchh\u00e4ngen schwerer Objektive &#8211; was zu einer falschen Ausrichtung des Bildes auf dem Sensor f\u00fchren kann &#8211; und das Verdrehen von Objektiven bei Verwendung eines starken Follow-Focus-Motors.<\/p>\n<p>Montieren Sie die 19mm Pro Lens Support einfach auf 19mm Studiostangen unter dem 16&#8243;-Schraubenloch des Objektivs und befestigen Sie die St\u00fctzschraube am Objektiv.<\/p>\n","protected":false},"excerpt":{"rendered":"<p>Diese 19-mm-Studio-kompatible Objektivhalterung verhindert das Durchh\u00e4ngen schwerer Objektive &#8211; was zu einer falschen Ausrichtung des Bildes auf dem Sensor f\u00fchren kann &#8211; und das Verdrehen von Objektiven bei Verwendung eines starken Follow-Focus-Motors. Montieren Sie die 19mm Pro Lens Support einfach [&hellip;]<\/p>\n","protected":false},"featured_media":1959309,"comment_status":"closed","ping_status":"closed","template":"","meta":[],"product_cat":[1179,1177],"product_tag":[],"acf":[],"gallery_images":[],"_links":{"self":[{"href":"https:\/\/eu.tilta.com\/de\/wp-json\/wp\/v2\/product\/1972983"}],"collection":[{"href":"https:\/\/eu.tilta.com\/de\/wp-json\/wp\/v2\/product"}],"about":[{"href":"https:\/\/eu.tilta.com\/de\/wp-json\/wp\/v2\/types\/product"}],"replies":[{"embeddable":true,"href":"https:\/\/eu.tilta.com\/de\/wp-json\/wp\/v2\/comments?post=1972983"}],"wp:featuredmedia":[{"embeddable":true,"href":"https:\/\/eu.tilta.com\/de\/wp-json\/wp\/v2\/media\/1959309"}],"wp:attachment":[{"href":"https:\/\/eu.tilta.com\/de\/wp-json\/wp\/v2\/media?parent=1972983"}],"wp:term":[{"taxonomy":"product_cat","embeddable":true,"href":"https:\/\/eu.tilta.com\/de\/wp-json\/wp\/v2\/product_cat?post=1972983"},{"taxonomy":"product_tag","embeddable":true,"href":"https:\/\/eu.tilta.com\/de\/wp-json\/wp\/v2\/product_tag?post=1972983"}],"curies":[{"name":"wp","href":"https:\/\/api.w.org\/{rel}","templated":true}]}}