{"id":1972984,"date":"2015-10-12T06:38:53","date_gmt":"2015-10-12T04:38:53","guid":{"rendered":"https:\/\/de.tilta.com\/shop\/15mm-lws-lens-support-pro\/"},"modified":"2026-01-16T02:45:46","modified_gmt":"2026-01-16T01:45:46","slug":"15mm-lens-supporter-pro-ls-t05","status":"publish","type":"product","link":"https:\/\/eu.tilta.com\/de\/shop\/15mm-lens-supporter-pro-ls-t05\/","title":{"rendered":"15mm LWS Lens Support Pro"},"content":{"rendered":"<p>Diese Objektivst\u00fctze bietet Ihnen Stabilit\u00e4t f\u00fcr Ihr Objektiv und ist gleichzeitig mit 15mm LWS-St\u00e4ben kompatibel.<\/p>\n<p>Die Schraube in der Mitte der Halterung kann mit den Fingern an der &#8220;Y&#8221;-Halterung festgezogen und dann angehoben und abgesenkt werden, damit Sie Ihr Objektiv sicher befestigen k\u00f6nnen.<\/p>\n<p>Die mittlere 3\/8&#8243;-16 Schraube kann auch direkt an Ihr Objektiv angeschlossen werden und \u00fcber den 3\/8&#8243;-16 auf 1\/4&#8243;-20 Adapter auf 1\/4&#8243;-20 umgestellt werden.<\/p>\n<p>Au\u00dferdem verf\u00fcgt er \u00fcber ein offenes Design, mit dem er an die Stangen geklemmt wird, so dass Sie ihn leicht anbringen und abnehmen k\u00f6nnen, ohne anderes Zubeh\u00f6r entfernen zu m\u00fcssen.<\/p>\n","protected":false},"excerpt":{"rendered":"<p>Diese Objektivst\u00fctze bietet Ihnen Stabilit\u00e4t f\u00fcr Ihr Objektiv und ist gleichzeitig mit 15mm LWS-St\u00e4ben kompatibel. Die Schraube in der Mitte der Halterung kann mit den Fingern an der &#8220;Y&#8221;-Halterung festgezogen und dann angehoben und abgesenkt werden, damit Sie Ihr Objektiv [&hellip;]<\/p>\n","protected":false},"featured_media":1971274,"comment_status":"closed","ping_status":"closed","template":"","meta":[],"product_cat":[1434,1179,1177],"product_tag":[],"acf":[],"gallery_images":[1971277,1971276,1971275,1971563],"_links":{"self":[{"href":"https:\/\/eu.tilta.com\/de\/wp-json\/wp\/v2\/product\/1972984"}],"collection":[{"href":"https:\/\/eu.tilta.com\/de\/wp-json\/wp\/v2\/product"}],"about":[{"href":"https:\/\/eu.tilta.com\/de\/wp-json\/wp\/v2\/types\/product"}],"replies":[{"embeddable":true,"href":"https:\/\/eu.tilta.com\/de\/wp-json\/wp\/v2\/comments?post=1972984"}],"wp:featuredmedia":[{"embeddable":true,"href":"https:\/\/eu.tilta.com\/de\/wp-json\/wp\/v2\/media\/1971274"}],"wp:attachment":[{"href":"https:\/\/eu.tilta.com\/de\/wp-json\/wp\/v2\/media?parent=1972984"}],"wp:term":[{"taxonomy":"product_cat","embeddable":true,"href":"https:\/\/eu.tilta.com\/de\/wp-json\/wp\/v2\/product_cat?post=1972984"},{"taxonomy":"product_tag","embeddable":true,"href":"https:\/\/eu.tilta.com\/de\/wp-json\/wp\/v2\/product_tag?post=1972984"}],"curies":[{"name":"wp","href":"https:\/\/api.w.org\/{rel}","templated":true}]}}