{"id":1972985,"date":"2015-10-12T02:20:56","date_gmt":"2015-10-12T00:20:56","guid":{"rendered":"https:\/\/de.tilta.com\/shop\/12-arri-standard-schwalbenschwanzplatte\/"},"modified":"2025-12-05T12:07:01","modified_gmt":"2025-12-05T11:07:01","slug":"12-dovetail-plate-tt-c07","status":"publish","type":"product","link":"https:\/\/eu.tilta.com\/de\/shop\/12-dovetail-plate-tt-c07\/","title":{"rendered":"12&#8243; Arri Standard Schwalbenschwanzplatte"},"content":{"rendered":"<p>Dieser schlanke, robuste Arri-Standardschwalbenschwanz erm\u00f6glicht es Ihnen, Ihr Kamera-Rig einfach und bequem mit jeder kompatiblen Arri-Standardgrundplatte zu montieren. An beiden Enden der Grundplatte befinden sich Anschl\u00e4ge, so dass Sie Ihre Kamera auf die Platte schieben k\u00f6nnen, wie Sie m\u00f6chten.<\/p>\n","protected":false},"excerpt":{"rendered":"<p>Dieser schlanke, robuste Arri-Standardschwalbenschwanz erm\u00f6glicht es Ihnen, Ihr Kamera-Rig einfach und bequem mit jeder kompatiblen Arri-Standardgrundplatte zu montieren. An beiden Enden der Grundplatte befinden sich Anschl\u00e4ge, so dass Sie Ihre Kamera auf die Platte schieben k\u00f6nnen, wie Sie m\u00f6chten.<\/p>\n","protected":false},"featured_media":1959071,"comment_status":"closed","ping_status":"closed","template":"","meta":[],"product_cat":[1434,1078,1081,1092,1093,1102,1111,1115,1127,1131,1132,1133,1134,1185],"product_tag":[1186,1181],"acf":[],"gallery_images":[],"_links":{"self":[{"href":"https:\/\/eu.tilta.com\/de\/wp-json\/wp\/v2\/product\/1972985"}],"collection":[{"href":"https:\/\/eu.tilta.com\/de\/wp-json\/wp\/v2\/product"}],"about":[{"href":"https:\/\/eu.tilta.com\/de\/wp-json\/wp\/v2\/types\/product"}],"replies":[{"embeddable":true,"href":"https:\/\/eu.tilta.com\/de\/wp-json\/wp\/v2\/comments?post=1972985"}],"wp:featuredmedia":[{"embeddable":true,"href":"https:\/\/eu.tilta.com\/de\/wp-json\/wp\/v2\/media\/1959071"}],"wp:attachment":[{"href":"https:\/\/eu.tilta.com\/de\/wp-json\/wp\/v2\/media?parent=1972985"}],"wp:term":[{"taxonomy":"product_cat","embeddable":true,"href":"https:\/\/eu.tilta.com\/de\/wp-json\/wp\/v2\/product_cat?post=1972985"},{"taxonomy":"product_tag","embeddable":true,"href":"https:\/\/eu.tilta.com\/de\/wp-json\/wp\/v2\/product_tag?post=1972985"}],"curies":[{"name":"wp","href":"https:\/\/api.w.org\/{rel}","templated":true}]}}