{"id":1972987,"date":"2015-10-10T01:58:12","date_gmt":"2015-10-09T23:58:12","guid":{"rendered":"https:\/\/de.tilta.com\/shop\/6x6-kohlefaser-matte-box\/"},"modified":"2025-12-05T12:07:02","modified_gmt":"2025-12-05T11:07:02","slug":"6x6-carbon-fiber-matte-box-mb-t06","status":"publish","type":"product","link":"https:\/\/eu.tilta.com\/de\/shop\/6x6-carbon-fiber-matte-box-mb-t06\/","title":{"rendered":"6&#215;6 Kohlefaser Matte Box"},"content":{"rendered":"<p>Diese 6,6 x 6,6 gro\u00dfe, matte Box aus Kohlefaser verf\u00fcgt \u00fcber ein schwenkbares Design f\u00fcr einen einfachen Objektivwechsel. Es ist f\u00fcr die Verwendung mit 19mm Studiostangensystemen konzipiert. Die drei 6,6 x 6,6 gro\u00dfen Filterstufen erm\u00f6glichen die gleichzeitige Verwendung mehrerer Filter, von denen zwei um 360 Grad drehbar sind. Im Paket enthalten sind mehrere Hartmatten, die Streulicht f\u00fcr alle Brennweiten zwischen 16 mm und 180 mm abdecken. Zusammen mit den drei franz\u00f6sischen Flaggen, die ebenfalls enthalten sind, ergibt sich eine fast unendliche Menge an Fackeln.<\/p>\n","protected":false},"excerpt":{"rendered":"<p>Diese 6,6 x 6,6 gro\u00dfe, matte Box aus Kohlefaser verf\u00fcgt \u00fcber ein schwenkbares Design f\u00fcr einen einfachen Objektivwechsel. Es ist f\u00fcr die Verwendung mit 19mm Studiostangensystemen konzipiert. Die drei 6,6 x 6,6 gro\u00dfen Filterstufen erm\u00f6glichen die gleichzeitige Verwendung mehrerer Filter, [&hellip;]<\/p>\n","protected":false},"featured_media":1957667,"comment_status":"closed","ping_status":"closed","template":"","meta":[],"product_cat":[1187],"product_tag":[],"acf":[],"gallery_images":[394,392,393],"_links":{"self":[{"href":"https:\/\/eu.tilta.com\/de\/wp-json\/wp\/v2\/product\/1972987"}],"collection":[{"href":"https:\/\/eu.tilta.com\/de\/wp-json\/wp\/v2\/product"}],"about":[{"href":"https:\/\/eu.tilta.com\/de\/wp-json\/wp\/v2\/types\/product"}],"replies":[{"embeddable":true,"href":"https:\/\/eu.tilta.com\/de\/wp-json\/wp\/v2\/comments?post=1972987"}],"wp:featuredmedia":[{"embeddable":true,"href":"https:\/\/eu.tilta.com\/de\/wp-json\/wp\/v2\/media\/1957667"}],"wp:attachment":[{"href":"https:\/\/eu.tilta.com\/de\/wp-json\/wp\/v2\/media?parent=1972987"}],"wp:term":[{"taxonomy":"product_cat","embeddable":true,"href":"https:\/\/eu.tilta.com\/de\/wp-json\/wp\/v2\/product_cat?post=1972987"},{"taxonomy":"product_tag","embeddable":true,"href":"https:\/\/eu.tilta.com\/de\/wp-json\/wp\/v2\/product_tag?post=1972987"}],"curies":[{"name":"wp","href":"https:\/\/api.w.org\/{rel}","templated":true}]}}