{"id":1972994,"date":"2015-10-12T07:02:49","date_gmt":"2015-10-12T05:02:49","guid":{"rendered":"https:\/\/de.tilta.com\/shop\/19mm-lange-stangenhalterung\/"},"modified":"2025-12-05T12:07:05","modified_gmt":"2025-12-05T11:07:05","slug":"19mm-long-rail-supporter-ls-t07","status":"publish","type":"product","link":"https:\/\/eu.tilta.com\/de\/shop\/19mm-long-rail-supporter-ls-t07\/","title":{"rendered":"19mm lange Stangenhalterung"},"content":{"rendered":"<p>Diese Halterung passt direkt auf eine Arri Standard Schwalbenschwanzplatte und bietet Unterst\u00fctzung f\u00fcr l\u00e4ngere 19mm Stangensysteme, um die Stangen parallel zu halten.<\/p>\n","protected":false},"excerpt":{"rendered":"<p>Diese Halterung passt direkt auf eine Arri Standard Schwalbenschwanzplatte und bietet Unterst\u00fctzung f\u00fcr l\u00e4ngere 19mm Stangensysteme, um die Stangen parallel zu halten.<\/p>\n","protected":false},"featured_media":1959846,"comment_status":"closed","ping_status":"closed","template":"","meta":[],"product_cat":[1179,1065],"product_tag":[],"acf":[],"gallery_images":[],"_links":{"self":[{"href":"https:\/\/eu.tilta.com\/de\/wp-json\/wp\/v2\/product\/1972994"}],"collection":[{"href":"https:\/\/eu.tilta.com\/de\/wp-json\/wp\/v2\/product"}],"about":[{"href":"https:\/\/eu.tilta.com\/de\/wp-json\/wp\/v2\/types\/product"}],"replies":[{"embeddable":true,"href":"https:\/\/eu.tilta.com\/de\/wp-json\/wp\/v2\/comments?post=1972994"}],"wp:featuredmedia":[{"embeddable":true,"href":"https:\/\/eu.tilta.com\/de\/wp-json\/wp\/v2\/media\/1959846"}],"wp:attachment":[{"href":"https:\/\/eu.tilta.com\/de\/wp-json\/wp\/v2\/media?parent=1972994"}],"wp:term":[{"taxonomy":"product_cat","embeddable":true,"href":"https:\/\/eu.tilta.com\/de\/wp-json\/wp\/v2\/product_cat?post=1972994"},{"taxonomy":"product_tag","embeddable":true,"href":"https:\/\/eu.tilta.com\/de\/wp-json\/wp\/v2\/product_tag?post=1972994"}],"curies":[{"name":"wp","href":"https:\/\/api.w.org\/{rel}","templated":true}]}}