{"id":1972995,"date":"2024-01-05T09:20:53","date_gmt":"2024-01-05T08:20:53","guid":{"rendered":"https:\/\/de.tilta.com\/shop\/hydra-arm-mini-modifikationskit-fuer-dji-ronin-2\/"},"modified":"2025-12-05T12:07:05","modified_gmt":"2025-12-05T11:07:05","slug":"hydra-arm-mini-modification-kit-for-dji-ronin-2","status":"publish","type":"product","link":"https:\/\/eu.tilta.com\/de\/shop\/hydra-arm-mini-modification-kit-for-dji-ronin-2\/","title":{"rendered":"Hydra Arm Mini Modifikationskit f\u00fcr DJI Ronin 2"},"content":{"rendered":"<p><em>Wir stellen Ihnen das erste gro\u00dfe Upgrade f\u00fcr den Hydra Arm Mini vor.  <\/em><\/p>\n<p>Dieses Modifikationskit aktualisiert das System, um mit dem DJI Ronin 2 Gimbal Body kompatibel zu sein.<\/p>\n<p>Durch die Installation einiger neuer Komponenten k\u00f6nnen Benutzer die Nutzlastkapazit\u00e4t ihres Systems erh\u00f6hen, so dass es bei Verwendung einer Zwei-Arm-Konfiguration Nutzlasten zwischen 8kg-13kg oder 17.6lb-28.6lbs unterst\u00fctzt.<\/p>\n<p>Dies er\u00f6ffnet mehr kreative M\u00f6glichkeiten f\u00fcr schwerere Kamera- und Objektivkombinationen und hilft, fl\u00fcssigere Aufnahmen zu erstellen, indem die st\u00e4rkeren Motoren gr\u00f6\u00dferer Gimbals wie des Ronin 2 genutzt werden, was besonders bei h\u00f6heren Geschwindigkeiten n\u00fctzlich ist.<\/p>\n<p>Die erste Komponente des Bausatzes sind verk\u00fcrzte St\u00fctzkabel, die es dem Benutzer erm\u00f6glichen, den Arm mit nur zwei Teilen zu bauen.<\/p>\n<p>Dies schr\u00e4nkt zwar die Reichweite des Arms ein, hat aber den Vorteil, dass er in engen R\u00e4umen oder bei der Navigation in der Umgebung eingesetzt werden kann.<\/p>\n<p><b>Diese Zwei-Arm-Konfiguration ist erforderlich, um die h\u00f6here Nutzlastkapazit\u00e4t zu nutzen, die erforderlich ist, um den Ronin 2 richtig zu unterst\u00fctzen.  <\/b><\/p>\n<p>Die n\u00e4chste Komponente des Kits ist der Heavy Duty Shock Absorbing Kopf, der jetzt Stahldraht zur Absorption von Vibrationen verwendet, im Gegensatz zu dem Polyurethan-Material des Originals.<\/p>\n<p>Das bedeutet, dass der Shock Absorbing Head besser f\u00fcr schwerere Nutzlasten geeignet ist und \u00fcber eine Schnellwechselplatte leicht gegen das Original ausgetauscht werden kann.<\/p>\n<p>Eine der wichtigsten Komponenten dieses Kits ist die hochbelastbare Feder f\u00fcr den Sto\u00dfd\u00e4mpferarm. Diese Feder ersetzt die urspr\u00fcngliche, mit dem Arm mitgelieferte Feder und kann die h\u00f6here Nutzlast tragen.<\/p>\n<p>Schlie\u00dflich enth\u00e4lt das Kit eine speziell entwickelte Ronin 2 Halterung f\u00fcr das Gimbal-Geh\u00e4use, mit der Sie den Gimbal schnell und sicher am Kopf befestigen k\u00f6nnen, ohne einen zus\u00e4tzlichen Adapter zu ben\u00f6tigen.<\/p>\n","protected":false},"excerpt":{"rendered":"<p>Wir stellen Ihnen das erste gro\u00dfe Upgrade f\u00fcr den Hydra Arm Mini vor. Dieses Modifikationskit aktualisiert das System, um mit dem DJI Ronin 2 Gimbal Body kompatibel zu sein. Durch die Installation einiger neuer Komponenten k\u00f6nnen Benutzer die Nutzlastkapazit\u00e4t ihres [&hellip;]<\/p>\n","protected":false},"featured_media":1972660,"comment_status":"closed","ping_status":"closed","template":"","meta":[],"product_cat":[1194],"product_tag":[],"acf":[],"gallery_images":[1972633,1972632,1972637,1972635,1972634,1972656,1972651,1972652],"_links":{"self":[{"href":"https:\/\/eu.tilta.com\/de\/wp-json\/wp\/v2\/product\/1972995"}],"collection":[{"href":"https:\/\/eu.tilta.com\/de\/wp-json\/wp\/v2\/product"}],"about":[{"href":"https:\/\/eu.tilta.com\/de\/wp-json\/wp\/v2\/types\/product"}],"replies":[{"embeddable":true,"href":"https:\/\/eu.tilta.com\/de\/wp-json\/wp\/v2\/comments?post=1972995"}],"wp:featuredmedia":[{"embeddable":true,"href":"https:\/\/eu.tilta.com\/de\/wp-json\/wp\/v2\/media\/1972660"}],"wp:attachment":[{"href":"https:\/\/eu.tilta.com\/de\/wp-json\/wp\/v2\/media?parent=1972995"}],"wp:term":[{"taxonomy":"product_cat","embeddable":true,"href":"https:\/\/eu.tilta.com\/de\/wp-json\/wp\/v2\/product_cat?post=1972995"},{"taxonomy":"product_tag","embeddable":true,"href":"https:\/\/eu.tilta.com\/de\/wp-json\/wp\/v2\/product_tag?post=1972995"}],"curies":[{"name":"wp","href":"https:\/\/api.w.org\/{rel}","templated":true}]}}