{"id":1972997,"date":"2023-11-30T17:54:37","date_gmt":"2023-11-30T16:54:37","guid":{"rendered":"https:\/\/de.tilta.com\/shop\/tilta-illusion-95mm-l41-uv-filter\/"},"modified":"2025-12-05T12:07:06","modified_gmt":"2025-12-05T11:07:06","slug":"tilta-illusion-95mm-l41-uv-filter","status":"publish","type":"product","link":"https:\/\/eu.tilta.com\/de\/shop\/tilta-illusion-95mm-l41-uv-filter\/","title":{"rendered":"Tilta Illusion 95mm L41 UV-Filter"},"content":{"rendered":"<div class=\"overview-text\">\n<p><em>Wir stellen die n\u00e4chste Generation von 95mm Filtern f\u00fcr die Mirage Matte Box vor &#8211; TILTA ILLUSION<\/em><\/p>\n<p>Die Illusionsfilter sind das neue, im eigenen Haus hergestellte Set von Filtern, die speziell f\u00fcr den Circular 95mm Standard der Mirage Matte Box entwickelt wurden.<\/p>\n<p>Dieser Filter kann vor UV-Strahlen der Sonne sch\u00fctzen und Linsenreflexe durch direkte Lichtquellen begrenzen.<\/p>\n<p>Dieser Filter kann auch verwendet werden, um das Glas des Objektivs vor Flecken, Kratzern und Verschmutzungen bei extremer Nutzung zu sch\u00fctzen.<\/p>\n<p>Dieser Filter ist ideal f\u00fcr Benutzer, die ihre Objektive sch\u00fctzen m\u00f6chten, insbesondere in Situationen, in denen es um Stunts oder sich bewegende Fahrzeuge geht.<\/p>\n<\/div>\n","protected":false},"excerpt":{"rendered":"<p>Wir stellen die n\u00e4chste Generation von 95mm Filtern f\u00fcr die Mirage Matte Box vor &#8211; TILTA ILLUSION Die Illusionsfilter sind das neue, im eigenen Haus hergestellte Set von Filtern, die speziell f\u00fcr den Circular 95mm Standard der Mirage Matte Box [&hellip;]<\/p>\n","protected":false},"featured_media":1972245,"comment_status":"closed","ping_status":"closed","template":"","meta":[],"product_cat":[1195,1196],"product_tag":[],"acf":[],"gallery_images":[1972262,1972263,1972264],"_links":{"self":[{"href":"https:\/\/eu.tilta.com\/de\/wp-json\/wp\/v2\/product\/1972997"}],"collection":[{"href":"https:\/\/eu.tilta.com\/de\/wp-json\/wp\/v2\/product"}],"about":[{"href":"https:\/\/eu.tilta.com\/de\/wp-json\/wp\/v2\/types\/product"}],"replies":[{"embeddable":true,"href":"https:\/\/eu.tilta.com\/de\/wp-json\/wp\/v2\/comments?post=1972997"}],"wp:featuredmedia":[{"embeddable":true,"href":"https:\/\/eu.tilta.com\/de\/wp-json\/wp\/v2\/media\/1972245"}],"wp:attachment":[{"href":"https:\/\/eu.tilta.com\/de\/wp-json\/wp\/v2\/media?parent=1972997"}],"wp:term":[{"taxonomy":"product_cat","embeddable":true,"href":"https:\/\/eu.tilta.com\/de\/wp-json\/wp\/v2\/product_cat?post=1972997"},{"taxonomy":"product_tag","embeddable":true,"href":"https:\/\/eu.tilta.com\/de\/wp-json\/wp\/v2\/product_tag?post=1972997"}],"curies":[{"name":"wp","href":"https:\/\/api.w.org\/{rel}","templated":true}]}}