{"id":1972998,"date":"2023-12-18T12:08:25","date_gmt":"2023-12-18T11:08:25","guid":{"rendered":"https:\/\/de.tilta.com\/shop\/50mm-speed-rail-clamp-to-nato-adapter-black\/"},"modified":"2025-12-05T12:07:06","modified_gmt":"2025-12-05T11:07:06","slug":"50mm-speed-rail-clamp-to-nato-adapter-black","status":"publish","type":"product","link":"https:\/\/eu.tilta.com\/de\/shop\/50mm-speed-rail-clamp-to-nato-adapter-black\/","title":{"rendered":"50mm Speed Rail Klemme auf NATO Adapter &#8211; Schwarz"},"content":{"rendered":"<div class=\"overview-text\">\n<p>Mit diesem 50mm Speed Rail Clamp to NATO Adapter k\u00f6nnen Sie schnell und sicher zus\u00e4tzliches Zubeh\u00f6r an Ihrer Speed Rail befestigen.<\/p>\n<p>Dies ist eine ideale M\u00f6glichkeit, um Zubeh\u00f6r wie drahtlose Videosender oder kleinere Kamerageh\u00e4use an Ihrer bestehenden Speed Rail Installation zu befestigen.<\/p>\n<p>Die Sicherungsscheibe kann von Hand ge\u00f6ffnet oder angezogen werden, verf\u00fcgt aber auch \u00fcber spezielle Schlitze zum weiteren Anziehen mit einem Inbusschl\u00fcssel oder einem \u00e4hnlichen Werkzeug.<\/p>\n<p>Am anderen Ende der Klemme befindet sich eine NATO-Schienenhalterung mit zwei Sicherheitsstiften, die verhindern, dass das Zubeh\u00f6r versehentlich getrennt wird.<\/p>\n<p>Die NATO-Schiene verf\u00fcgt au\u00dferdem \u00fcber mehrere Befestigungspunkte wie 1\/4\u2033-20 Gewinde mit Fixierpunkten und ein 3\/8\u2033-16 Gewinde mit Fixierpunkten.<\/p>\n<p>Dieses Zubeh\u00f6r ist \u00e4u\u00dferst strapazierf\u00e4hig und tr\u00e4gt Zubeh\u00f6r bis zu 8kg\/17lbs.<\/p>\n<\/div>\n","protected":false},"excerpt":{"rendered":"<p>Mit diesem 50mm Speed Rail Clamp to NATO Adapter k\u00f6nnen Sie schnell und sicher zus\u00e4tzliches Zubeh\u00f6r an Ihrer Speed Rail befestigen. Dies ist eine ideale M\u00f6glichkeit, um Zubeh\u00f6r wie drahtlose Videosender oder kleinere Kamerageh\u00e4use an Ihrer bestehenden Speed Rail Installation [&hellip;]<\/p>\n","protected":false},"featured_media":1972497,"comment_status":"closed","ping_status":"closed","template":"","meta":[],"product_cat":[1063,1194,1064,1197],"product_tag":[],"acf":[],"gallery_images":[1955151,1955150,1955149,1955148,1955248],"_links":{"self":[{"href":"https:\/\/eu.tilta.com\/de\/wp-json\/wp\/v2\/product\/1972998"}],"collection":[{"href":"https:\/\/eu.tilta.com\/de\/wp-json\/wp\/v2\/product"}],"about":[{"href":"https:\/\/eu.tilta.com\/de\/wp-json\/wp\/v2\/types\/product"}],"replies":[{"embeddable":true,"href":"https:\/\/eu.tilta.com\/de\/wp-json\/wp\/v2\/comments?post=1972998"}],"wp:featuredmedia":[{"embeddable":true,"href":"https:\/\/eu.tilta.com\/de\/wp-json\/wp\/v2\/media\/1972497"}],"wp:attachment":[{"href":"https:\/\/eu.tilta.com\/de\/wp-json\/wp\/v2\/media?parent=1972998"}],"wp:term":[{"taxonomy":"product_cat","embeddable":true,"href":"https:\/\/eu.tilta.com\/de\/wp-json\/wp\/v2\/product_cat?post=1972998"},{"taxonomy":"product_tag","embeddable":true,"href":"https:\/\/eu.tilta.com\/de\/wp-json\/wp\/v2\/product_tag?post=1972998"}],"curies":[{"name":"wp","href":"https:\/\/api.w.org\/{rel}","templated":true}]}}