{"id":1972999,"date":"2023-11-30T17:42:34","date_gmt":"2023-11-30T16:42:34","guid":{"rendered":"https:\/\/de.tilta.com\/shop\/tilta-illusion-95mm-pearlaura-mist-filter\/"},"modified":"2025-12-05T12:07:15","modified_gmt":"2025-12-05T11:07:15","slug":"tilta-illusion-95mm-pearlaura-mist-filter","status":"publish","type":"product","link":"https:\/\/eu.tilta.com\/de\/shop\/tilta-illusion-95mm-pearlaura-mist-filter\/","title":{"rendered":"Tilta Illusion 95mm Pearlaura Nebel-Filter"},"content":{"rendered":"<div class=\"overview-text\">\n<p><em>Wir stellen die n\u00e4chste Generation von 95mm Filtern f\u00fcr die Mirage Matte Box vor &#8211; TILTA ILLUSION<\/em><\/p>\n<p>Die Illusionsfilter sind das neue, im eigenen Haus hergestellte Set von Filtern, die speziell f\u00fcr den Circular 95mm Standard der Mirage Matte Box entwickelt wurden.<\/p>\n<p>Bei diesem Filter handelt es sich um eine Art Diffusionsfilter, der den Kontrast reduziert und einen perlmuttartigen Lichthof um Lichtquellen herum erzeugt und Hautunreinheiten gl\u00e4ttet.<\/p>\n<p>Dadurch entsteht eine weiche visuelle Atmosph\u00e4re, w\u00e4hrend gleichzeitig die Sch\u00e4rfe und m\u00f6glichst viele Details in den Schatten erhalten bleiben.<\/p>\n<p>Dieser Filter ist ideal f\u00fcr Benutzer, die sich mehr traumhafte, perlmuttartige Glanzlichter und glattere Hautt\u00f6ne w\u00fcnschen.<\/p>\n<\/div>\n","protected":false},"excerpt":{"rendered":"<p>Wir stellen die n\u00e4chste Generation von 95mm Filtern f\u00fcr die Mirage Matte Box vor &#8211; TILTA ILLUSION Die Illusionsfilter sind das neue, im eigenen Haus hergestellte Set von Filtern, die speziell f\u00fcr den Circular 95mm Standard der Mirage Matte Box [&hellip;]<\/p>\n","protected":false},"featured_media":1972237,"comment_status":"closed","ping_status":"closed","template":"","meta":[],"product_cat":[1195,1196],"product_tag":[],"acf":[],"gallery_images":[1972262,1972263,1972264],"_links":{"self":[{"href":"https:\/\/eu.tilta.com\/de\/wp-json\/wp\/v2\/product\/1972999"}],"collection":[{"href":"https:\/\/eu.tilta.com\/de\/wp-json\/wp\/v2\/product"}],"about":[{"href":"https:\/\/eu.tilta.com\/de\/wp-json\/wp\/v2\/types\/product"}],"replies":[{"embeddable":true,"href":"https:\/\/eu.tilta.com\/de\/wp-json\/wp\/v2\/comments?post=1972999"}],"wp:featuredmedia":[{"embeddable":true,"href":"https:\/\/eu.tilta.com\/de\/wp-json\/wp\/v2\/media\/1972237"}],"wp:attachment":[{"href":"https:\/\/eu.tilta.com\/de\/wp-json\/wp\/v2\/media?parent=1972999"}],"wp:term":[{"taxonomy":"product_cat","embeddable":true,"href":"https:\/\/eu.tilta.com\/de\/wp-json\/wp\/v2\/product_cat?post=1972999"},{"taxonomy":"product_tag","embeddable":true,"href":"https:\/\/eu.tilta.com\/de\/wp-json\/wp\/v2\/product_tag?post=1972999"}],"curies":[{"name":"wp","href":"https:\/\/api.w.org\/{rel}","templated":true}]}}