{"id":1973008,"date":"2023-11-30T17:40:08","date_gmt":"2023-11-30T16:40:08","guid":{"rendered":"https:\/\/de.tilta.com\/shop\/tilta-illusion-95mm-digital-dynamic-diffusion-filter\/"},"modified":"2025-12-05T12:07:40","modified_gmt":"2025-12-05T11:07:40","slug":"illusion-95mm-digital-dynamic-diffusion","status":"publish","type":"product","link":"https:\/\/eu.tilta.com\/de\/shop\/illusion-95mm-digital-dynamic-diffusion\/","title":{"rendered":"Tilta Illusion 95mm Digitaler dynamischer Diffusionsfilter"},"content":{"rendered":"<p><em>Wir stellen die n\u00e4chste Generation von 95mm Filtern f\u00fcr die Mirage Matte Box vor &#8211; TILTA ILLUSION<\/em><\/p>\n<p>Die Illusionsfilter sind das neue, im eigenen Haus hergestellte Set von Filtern, die speziell f\u00fcr den Circular 95mm Standard der Mirage Matte Box entwickelt wurden.<\/p>\n<p>Bei diesem Filter handelt es sich um eine Art Diffusionsfilter, der den Kontrast subtil reduziert und dazu beitr\u00e4gt, die mit modernen Digitalkameras verbundene Ultra-Sch\u00e4rfe abzuschw\u00e4chen, w\u00e4hrend gleichzeitig so viele Details wie m\u00f6glich erhalten bleiben.<\/p>\n<p>Dieser Filter sorgt f\u00fcr eine film\u00e4hnliche Atmosph\u00e4re und schmeichelhaftere Hautt\u00f6ne, ohne \u00fcberm\u00e4\u00dfige \u00dcberstrahlungen zu verursachen.<\/p>\n<p>Im Vergleich zum Standard-Digital-Diffusionsfilter gibt dieser Filter mehr Sch\u00e4rfe wieder, w\u00e4hrend er einige subtile Elemente der ausgepr\u00e4gteren Diffusionsfilter beibeh\u00e4lt.<\/p>\n","protected":false},"excerpt":{"rendered":"<p>Wir stellen die n\u00e4chste Generation von 95mm Filtern f\u00fcr die Mirage Matte Box vor &#8211; TILTA ILLUSION Die Illusionsfilter sind das neue, im eigenen Haus hergestellte Set von Filtern, die speziell f\u00fcr den Circular 95mm Standard der Mirage Matte Box [&hellip;]<\/p>\n","protected":false},"featured_media":1972234,"comment_status":"closed","ping_status":"closed","template":"","meta":[],"product_cat":[1195,1196],"product_tag":[],"acf":[],"gallery_images":[1972262,1972263,1972264],"_links":{"self":[{"href":"https:\/\/eu.tilta.com\/de\/wp-json\/wp\/v2\/product\/1973008"}],"collection":[{"href":"https:\/\/eu.tilta.com\/de\/wp-json\/wp\/v2\/product"}],"about":[{"href":"https:\/\/eu.tilta.com\/de\/wp-json\/wp\/v2\/types\/product"}],"replies":[{"embeddable":true,"href":"https:\/\/eu.tilta.com\/de\/wp-json\/wp\/v2\/comments?post=1973008"}],"wp:featuredmedia":[{"embeddable":true,"href":"https:\/\/eu.tilta.com\/de\/wp-json\/wp\/v2\/media\/1972234"}],"wp:attachment":[{"href":"https:\/\/eu.tilta.com\/de\/wp-json\/wp\/v2\/media?parent=1973008"}],"wp:term":[{"taxonomy":"product_cat","embeddable":true,"href":"https:\/\/eu.tilta.com\/de\/wp-json\/wp\/v2\/product_cat?post=1973008"},{"taxonomy":"product_tag","embeddable":true,"href":"https:\/\/eu.tilta.com\/de\/wp-json\/wp\/v2\/product_tag?post=1973008"}],"curies":[{"name":"wp","href":"https:\/\/api.w.org\/{rel}","templated":true}]}}