{"id":1973016,"date":"2023-12-04T16:30:50","date_gmt":"2023-12-04T15:30:50","guid":{"rendered":"https:\/\/de.tilta.com\/shop\/tilta-illusion-4x5-65-full-spectrum-nd-filter\/"},"modified":"2025-12-05T12:07:40","modified_gmt":"2025-12-05T11:07:40","slug":"illusion-4x5-65-full-spectrum-nd-filter","status":"publish","type":"product","link":"https:\/\/eu.tilta.com\/de\/shop\/illusion-4x5-65-full-spectrum-nd-filter\/","title":{"rendered":"Tilta Illusion 4&#215;5,65\u201c Vollspektrum ND-Filter"},"content":{"rendered":"<div class=\"overview-text\">\n<p><em>Einf\u00fchrung der n\u00e4chsten Generation von Filtern f\u00fcr die 4\u00d75,65 Matte Boxen &#8211; TILTA ILLUSION<\/em><\/p>\n<p>Dieser Filter ist der neue, im eigenen Haus hergestellte 4\u00d75,65-Filter, der f\u00fcr alle Matte Boxen mit einem 4\u00d75,65-Filtereinsatz einschlie\u00dflich der Mirage Matte Box entwickelt wurde.<\/p>\n<p>Dieser Filter ist in verschiedenen Stufen der Neutralen Dichte erh\u00e4ltlich und bietet dem Benutzer eine bessere Kontrolle \u00fcber seine Belichtung.<\/p>\n<p>So k\u00f6nnen Sie das f\u00fcr den Sensor sichtbare Licht reduzieren und die Blende \u00f6ffnen, wenn Sie in helleren Lichtverh\u00e4ltnissen wie Tageslicht fotografieren.<\/p>\n<p>Vollspektrum-ND-Filter reduzieren gleichm\u00e4\u00dfig alle Wellenl\u00e4ngen des Lichts, einschlie\u00dflich des sichtbaren Lichts, des Ultraviolett und des Infrarots.<\/p>\n<\/div>\n","protected":false},"excerpt":{"rendered":"<p>Einf\u00fchrung der n\u00e4chsten Generation von Filtern f\u00fcr die 4\u00d75,65 Matte Boxen &#8211; TILTA ILLUSION Dieser Filter ist der neue, im eigenen Haus hergestellte 4\u00d75,65-Filter, der f\u00fcr alle Matte Boxen mit einem 4\u00d75,65-Filtereinsatz einschlie\u00dflich der Mirage Matte Box entwickelt wurde. Dieser [&hellip;]<\/p>\n","protected":false},"featured_media":1972256,"comment_status":"closed","ping_status":"closed","template":"","meta":[],"product_cat":[3765,1195,1215,1196,1174,1217,1171],"product_tag":[],"acf":[],"gallery_images":[],"_links":{"self":[{"href":"https:\/\/eu.tilta.com\/de\/wp-json\/wp\/v2\/product\/1973016"}],"collection":[{"href":"https:\/\/eu.tilta.com\/de\/wp-json\/wp\/v2\/product"}],"about":[{"href":"https:\/\/eu.tilta.com\/de\/wp-json\/wp\/v2\/types\/product"}],"replies":[{"embeddable":true,"href":"https:\/\/eu.tilta.com\/de\/wp-json\/wp\/v2\/comments?post=1973016"}],"wp:featuredmedia":[{"embeddable":true,"href":"https:\/\/eu.tilta.com\/de\/wp-json\/wp\/v2\/media\/1972256"}],"wp:attachment":[{"href":"https:\/\/eu.tilta.com\/de\/wp-json\/wp\/v2\/media?parent=1973016"}],"wp:term":[{"taxonomy":"product_cat","embeddable":true,"href":"https:\/\/eu.tilta.com\/de\/wp-json\/wp\/v2\/product_cat?post=1973016"},{"taxonomy":"product_tag","embeddable":true,"href":"https:\/\/eu.tilta.com\/de\/wp-json\/wp\/v2\/product_tag?post=1973016"}],"curies":[{"name":"wp","href":"https:\/\/api.w.org\/{rel}","templated":true}]}}