{"id":1973017,"date":"2023-11-21T15:50:14","date_gmt":"2023-11-21T14:50:14","guid":{"rendered":"https:\/\/de.tilta.com\/shop\/tilta-accessory-mounting-bracket-black\/"},"modified":"2026-05-07T15:27:11","modified_gmt":"2026-05-07T13:27:11","slug":"tilta-accessory-mounting-bracket","status":"publish","type":"product","link":"https:\/\/eu.tilta.com\/de\/shop\/tilta-accessory-mounting-bracket\/","title":{"rendered":"Tilta-Zubeh\u00f6rhalterung &#8211; Schwarz"},"content":{"rendered":"<p>Diese Zubeh\u00f6rhalterung ist die ultimative, leichte Halterung f\u00fcr die Befestigung von Zubeh\u00f6r an Ihrem Kamerasystem.<\/p>\n<p>Diese verstellbare Halterung kann um 360 Grad gedreht und um 175 Grad geneigt werden, was ideal f\u00fcr den Anschluss von externen Monitoren oder drahtlosen Videosendern ist.<\/p>\n<p>Er kann bis zu 2 kg Gewicht tragen und verf\u00fcgt \u00fcber einen verstellbaren Verriegelungsknopf, um das Zubeh\u00f6r sicher zu fixieren, was besonders bei der Verwendung von schwerem Zubeh\u00f6r n\u00fctzlich ist.<\/p>\n<p>Dieses Zubeh\u00f6rteil bietet verschiedene Kombinationen f\u00fcr unterschiedliche Montagepunkte, darunter:<\/p>\n<p>-1\/4\u2033-20 mit Passstiften bis 1\/4\u2033-20 mit Passstiften<\/p>\n<p>-1\/4\u2033-20 mit Passstiften zur NATO-Klammer<\/p>\n<p>-1\/4\u2033-20 mit Passstiften zum K\u00e4lteschuh (m\u00e4nnlich)<\/p>\n<p>-NATO-Klemme an NATO-Klemme<\/p>\n","protected":false},"excerpt":{"rendered":"<p>Diese Zubeh\u00f6rhalterung ist die ultimative, leichte Halterung f\u00fcr die Befestigung von Zubeh\u00f6r an Ihrem Kamerasystem. Diese verstellbare Halterung kann um 360 Grad gedreht und um 175 Grad geneigt werden, was ideal f\u00fcr den Anschluss von externen Monitoren oder drahtlosen Videosendern [&hellip;]<\/p>\n","protected":false},"featured_media":1972211,"comment_status":"closed","ping_status":"closed","template":"","meta":[],"product_cat":[1073,1082,1083,1084,1104,1214,1218,1219,1216,1211],"product_tag":[],"acf":[],"gallery_images":[1972213,1972219,1972222,1972278,1972279],"_links":{"self":[{"href":"https:\/\/eu.tilta.com\/de\/wp-json\/wp\/v2\/product\/1973017"}],"collection":[{"href":"https:\/\/eu.tilta.com\/de\/wp-json\/wp\/v2\/product"}],"about":[{"href":"https:\/\/eu.tilta.com\/de\/wp-json\/wp\/v2\/types\/product"}],"replies":[{"embeddable":true,"href":"https:\/\/eu.tilta.com\/de\/wp-json\/wp\/v2\/comments?post=1973017"}],"wp:featuredmedia":[{"embeddable":true,"href":"https:\/\/eu.tilta.com\/de\/wp-json\/wp\/v2\/media\/1972211"}],"wp:attachment":[{"href":"https:\/\/eu.tilta.com\/de\/wp-json\/wp\/v2\/media?parent=1973017"}],"wp:term":[{"taxonomy":"product_cat","embeddable":true,"href":"https:\/\/eu.tilta.com\/de\/wp-json\/wp\/v2\/product_cat?post=1973017"},{"taxonomy":"product_tag","embeddable":true,"href":"https:\/\/eu.tilta.com\/de\/wp-json\/wp\/v2\/product_tag?post=1973017"}],"curies":[{"name":"wp","href":"https:\/\/api.w.org\/{rel}","templated":true}]}}