{"id":1973036,"date":"2023-12-04T16:30:27","date_gmt":"2023-12-04T15:30:27","guid":{"rendered":"https:\/\/de.tilta.com\/shop\/tilta-illusion-95mm-full-spectrum-nd-filter\/"},"modified":"2025-12-05T12:08:07","modified_gmt":"2025-12-05T11:08:07","slug":"tilta-illusion-95mm-full-spectrum-nd-filter","status":"publish","type":"product","link":"https:\/\/eu.tilta.com\/de\/shop\/tilta-illusion-95mm-full-spectrum-nd-filter\/","title":{"rendered":"Tilta Illusion 95mm Vollspektrum ND-Filter"},"content":{"rendered":"<p><em>Wir stellen die n\u00e4chste Generation von 95mm Filtern f\u00fcr die Mirage Matte Box vor &#8211; TILTA ILLUSION<\/em><\/p>\n<p>Die Illusionsfilter sind das neue, im eigenen Haus hergestellte Set von Filtern, die speziell f\u00fcr den Circular 95mm Standard der Mirage Matte Box entwickelt wurden.<\/p>\n<p><span style=\"font-weight: 400\">Dieser Filter ist in verschiedenen Stufen der Neutralen Dichte erh\u00e4ltlich und bietet dem Benutzer eine bessere Kontrolle \u00fcber seine Belichtung.<\/span><\/p>\n<p>So k\u00f6nnen Sie das f\u00fcr den Sensor sichtbare Licht reduzieren und die Blende \u00f6ffnen, wenn Sie in helleren Lichtverh\u00e4ltnissen wie Tageslicht fotografieren.<\/p>\n<p>Vollspektrum-ND-Filter reduzieren gleichm\u00e4\u00dfig alle Wellenl\u00e4ngen des Lichts, einschlie\u00dflich des sichtbaren Lichts, des Ultraviolett und des Infrarots.<\/p>\n","protected":false},"excerpt":{"rendered":"<p>Wir stellen die n\u00e4chste Generation von 95mm Filtern f\u00fcr die Mirage Matte Box vor &#8211; TILTA ILLUSION Die Illusionsfilter sind das neue, im eigenen Haus hergestellte Set von Filtern, die speziell f\u00fcr den Circular 95mm Standard der Mirage Matte Box [&hellip;]<\/p>\n","protected":false},"featured_media":1972247,"comment_status":"closed","ping_status":"closed","template":"","meta":[],"product_cat":[1195,1196],"product_tag":[],"acf":[],"gallery_images":[1972262,1972263,1972264],"_links":{"self":[{"href":"https:\/\/eu.tilta.com\/de\/wp-json\/wp\/v2\/product\/1973036"}],"collection":[{"href":"https:\/\/eu.tilta.com\/de\/wp-json\/wp\/v2\/product"}],"about":[{"href":"https:\/\/eu.tilta.com\/de\/wp-json\/wp\/v2\/types\/product"}],"replies":[{"embeddable":true,"href":"https:\/\/eu.tilta.com\/de\/wp-json\/wp\/v2\/comments?post=1973036"}],"wp:featuredmedia":[{"embeddable":true,"href":"https:\/\/eu.tilta.com\/de\/wp-json\/wp\/v2\/media\/1972247"}],"wp:attachment":[{"href":"https:\/\/eu.tilta.com\/de\/wp-json\/wp\/v2\/media?parent=1973036"}],"wp:term":[{"taxonomy":"product_cat","embeddable":true,"href":"https:\/\/eu.tilta.com\/de\/wp-json\/wp\/v2\/product_cat?post=1973036"},{"taxonomy":"product_tag","embeddable":true,"href":"https:\/\/eu.tilta.com\/de\/wp-json\/wp\/v2\/product_tag?post=1973036"}],"curies":[{"name":"wp","href":"https:\/\/api.w.org\/{rel}","templated":true}]}}