{"id":1973050,"date":"2023-11-14T11:41:00","date_gmt":"2023-11-14T10:41:00","guid":{"rendered":"https:\/\/de.tilta.com\/shop\/usb-c-lauf-stop-kabel\/"},"modified":"2026-02-16T09:02:28","modified_gmt":"2026-02-16T08:02:28","slug":"usb-c-run-stop-cables","status":"publish","type":"product","link":"https:\/\/eu.tilta.com\/de\/shop\/usb-c-run-stop-cables\/","title":{"rendered":"USB-C Lauf\/Stop Kabel"},"content":{"rendered":"<div class=\"overview-text\">\n<p>Dieses Kabel bietet Ihnen Run Stop-Funktionen f\u00fcr unterst\u00fctzte Kamerasysteme, die eine Fernsteuerung der Aufnahme erm\u00f6glichen, wenn Sie den Tiltaing Advanced Side Handle verwenden.<\/p>\n<p>Verbinden Sie einfach das Kabel des Advanced Side Handle mit dem Run Stop-Anschluss Ihrer Kamera, um den Start\/Stopp der Aufnahme mit einem Knopfdruck zu steuern.<\/p>\n<\/div>\n","protected":false},"excerpt":{"rendered":"<p>Dieses Kabel bietet Ihnen Run Stop-Funktionen f\u00fcr unterst\u00fctzte Kamerasysteme, die eine Fernsteuerung der Aufnahme erm\u00f6glichen, wenn Sie den Tiltaing Advanced Side Handle verwenden. Verbinden Sie einfach das Kabel des Advanced Side Handle mit dem Run Stop-Anschluss Ihrer Kamera, um den [&hellip;]<\/p>\n","protected":false},"featured_media":1966114,"comment_status":"closed","ping_status":"closed","template":"","meta":[],"product_cat":[4448,1066,1232],"product_tag":[],"acf":[],"gallery_images":[],"_links":{"self":[{"href":"https:\/\/eu.tilta.com\/de\/wp-json\/wp\/v2\/product\/1973050"}],"collection":[{"href":"https:\/\/eu.tilta.com\/de\/wp-json\/wp\/v2\/product"}],"about":[{"href":"https:\/\/eu.tilta.com\/de\/wp-json\/wp\/v2\/types\/product"}],"replies":[{"embeddable":true,"href":"https:\/\/eu.tilta.com\/de\/wp-json\/wp\/v2\/comments?post=1973050"}],"wp:featuredmedia":[{"embeddable":true,"href":"https:\/\/eu.tilta.com\/de\/wp-json\/wp\/v2\/media\/1966114"}],"wp:attachment":[{"href":"https:\/\/eu.tilta.com\/de\/wp-json\/wp\/v2\/media?parent=1973050"}],"wp:term":[{"taxonomy":"product_cat","embeddable":true,"href":"https:\/\/eu.tilta.com\/de\/wp-json\/wp\/v2\/product_cat?post=1973050"},{"taxonomy":"product_tag","embeddable":true,"href":"https:\/\/eu.tilta.com\/de\/wp-json\/wp\/v2\/product_tag?post=1973050"}],"curies":[{"name":"wp","href":"https:\/\/api.w.org\/{rel}","templated":true}]}}