{"id":1973064,"date":"2023-11-17T10:03:46","date_gmt":"2023-11-17T09:03:46","guid":{"rendered":"https:\/\/de.tilta.com\/shop\/magnetischer-flachkopfschraubendreher\/"},"modified":"2025-12-05T12:07:59","modified_gmt":"2025-12-05T11:07:59","slug":"magnetic-flat-head-screwdriver","status":"publish","type":"product","link":"https:\/\/eu.tilta.com\/de\/shop\/magnetic-flat-head-screwdriver\/","title":{"rendered":"Magnetischer Flachkopfschraubendreher"},"content":{"rendered":"<p>Dieser Schlitzschraubendreher dient als Ersatz f\u00fcr den Schraubendreher, der vielen unserer Kamerak\u00e4fige beiliegt.<\/p>\n<p>Dies ist eine bequeme M\u00f6glichkeit, den K\u00e4fig oder anderes Zubeh\u00f6r ohne zus\u00e4tzliches Werkzeug zu montieren.<\/p>\n<p>Bitte beachten Sie, dass dieses Zubeh\u00f6r selbst nicht magnetisch ist. Er ist so konzipiert, dass er an dem Magneten an der Unterseite vieler unserer Kamerak\u00e4fige befestigt werden kann.<\/p>\n","protected":false},"excerpt":{"rendered":"<p>Dieser Schlitzschraubendreher dient als Ersatz f\u00fcr den Schraubendreher, der vielen unserer Kamerak\u00e4fige beiliegt. Dies ist eine bequeme M\u00f6glichkeit, den K\u00e4fig oder anderes Zubeh\u00f6r ohne zus\u00e4tzliches Werkzeug zu montieren. Bitte beachten Sie, dass dieses Zubeh\u00f6r selbst nicht magnetisch ist. Er ist [&hellip;]<\/p>\n","protected":false},"featured_media":1972102,"comment_status":"closed","ping_status":"closed","template":"","meta":[],"product_cat":[1192],"product_tag":[],"acf":[],"gallery_images":[1972101,1972100,1972099],"_links":{"self":[{"href":"https:\/\/eu.tilta.com\/de\/wp-json\/wp\/v2\/product\/1973064"}],"collection":[{"href":"https:\/\/eu.tilta.com\/de\/wp-json\/wp\/v2\/product"}],"about":[{"href":"https:\/\/eu.tilta.com\/de\/wp-json\/wp\/v2\/types\/product"}],"replies":[{"embeddable":true,"href":"https:\/\/eu.tilta.com\/de\/wp-json\/wp\/v2\/comments?post=1973064"}],"wp:featuredmedia":[{"embeddable":true,"href":"https:\/\/eu.tilta.com\/de\/wp-json\/wp\/v2\/media\/1972102"}],"wp:attachment":[{"href":"https:\/\/eu.tilta.com\/de\/wp-json\/wp\/v2\/media?parent=1973064"}],"wp:term":[{"taxonomy":"product_cat","embeddable":true,"href":"https:\/\/eu.tilta.com\/de\/wp-json\/wp\/v2\/product_cat?post=1973064"},{"taxonomy":"product_tag","embeddable":true,"href":"https:\/\/eu.tilta.com\/de\/wp-json\/wp\/v2\/product_tag?post=1973064"}],"curies":[{"name":"wp","href":"https:\/\/api.w.org\/{rel}","templated":true}]}}