{"id":1973065,"date":"2023-11-13T16:17:43","date_gmt":"2023-11-13T15:17:43","guid":{"rendered":"https:\/\/de.tilta.com\/shop\/tilta-right-angle-rosette-adapter-to-1-4-20-with-locating-pins-black\/"},"modified":"2026-01-28T03:27:24","modified_gmt":"2026-01-28T02:27:24","slug":"tilta-right-angle-rosette-adapter-to-1-4-20-with-locating-pins-black","status":"publish","type":"product","link":"https:\/\/eu.tilta.com\/de\/shop\/tilta-right-angle-rosette-adapter-to-1-4-20-with-locating-pins-black\/","title":{"rendered":"Tilta rechtwinkliger Rosettenadapter auf 1\/4&#8243;-20 mit Passstiften &#8211; Schwarz"},"content":{"rendered":"<div class=\"overview-text\">\n<p>Der rechtwinklige Rosettenadapter auf 1\/4\u2033-20 mit Passstiften ist eine flexible Option f\u00fcr die Montage verschiedener Zubeh\u00f6rteile \u00fcber zwei universelle Standards.<\/p>\n<p>Dieses Zubeh\u00f6rteil besteht aus einer Arri Standard Rosette auf der einen Seite und einer 1\/4\u2033-20 Schraube mit Fixierstiften auf der anderen Seite eines 90 Grad Winkels.<\/p>\n<p>Dies ist die perfekte Option f\u00fcr die Befestigung unseres <a href=\"https:\/\/de.tilta.com\/de\/shop\/nucleus-nano-ii-control-handle\/\">Nucleus Nano II Steuergriffs<\/a> an den Rosettenarmen unseres <a href=\"https:\/\/de.tilta.com\/de\/shop\/tiltaing-lightweight-shoulder-rig-black\/\">Lightweight Shoulder Rig<\/a>.<\/p>\n<p>Das rechtwinklige Design dieses Adapters ist auch ideal f\u00fcr die Montage von anderem Zubeh\u00f6r in der N\u00e4he Ihres Kamerageh\u00e4uses, wie z.B. drahtlosen Videosendern.<\/p>\n<p>Dank der R\u00e4ndelschrauben ben\u00f6tigen Sie kein zus\u00e4tzliches Werkzeug, um dieses Zubeh\u00f6r zu installieren oder zu entfernen.<\/p>\n<\/div>\n","protected":false},"excerpt":{"rendered":"<p>Der rechtwinklige Rosettenadapter auf 1\/4\u2033-20 mit Passstiften ist eine flexible Option f\u00fcr die Montage verschiedener Zubeh\u00f6rteile \u00fcber zwei universelle Standards. Dieses Zubeh\u00f6rteil besteht aus einer Arri Standard Rosette auf der einen Seite und einer 1\/4\u2033-20 Schraube mit Fixierstiften auf der [&hellip;]<\/p>\n","protected":false},"featured_media":1972132,"comment_status":"closed","ping_status":"closed","template":"","meta":[],"product_cat":[1066,1233,1234],"product_tag":[],"acf":[],"gallery_images":[1972133,1972134,1971986,1971987,1971984],"_links":{"self":[{"href":"https:\/\/eu.tilta.com\/de\/wp-json\/wp\/v2\/product\/1973065"}],"collection":[{"href":"https:\/\/eu.tilta.com\/de\/wp-json\/wp\/v2\/product"}],"about":[{"href":"https:\/\/eu.tilta.com\/de\/wp-json\/wp\/v2\/types\/product"}],"replies":[{"embeddable":true,"href":"https:\/\/eu.tilta.com\/de\/wp-json\/wp\/v2\/comments?post=1973065"}],"wp:featuredmedia":[{"embeddable":true,"href":"https:\/\/eu.tilta.com\/de\/wp-json\/wp\/v2\/media\/1972132"}],"wp:attachment":[{"href":"https:\/\/eu.tilta.com\/de\/wp-json\/wp\/v2\/media?parent=1973065"}],"wp:term":[{"taxonomy":"product_cat","embeddable":true,"href":"https:\/\/eu.tilta.com\/de\/wp-json\/wp\/v2\/product_cat?post=1973065"},{"taxonomy":"product_tag","embeddable":true,"href":"https:\/\/eu.tilta.com\/de\/wp-json\/wp\/v2\/product_tag?post=1973065"}],"curies":[{"name":"wp","href":"https:\/\/api.w.org\/{rel}","templated":true}]}}