{"id":1973066,"date":"2023-11-14T12:02:52","date_gmt":"2023-11-14T11:02:52","guid":{"rendered":"https:\/\/de.tilta.com\/shop\/nucleus-nano-ii-steuergriff\/"},"modified":"2026-05-07T15:27:45","modified_gmt":"2026-05-07T13:27:45","slug":"nucleus-nano-ii-control-handle","status":"publish","type":"product","link":"https:\/\/eu.tilta.com\/de\/shop\/nucleus-nano-ii-control-handle\/","title":{"rendered":"Nucleus Nano II Steuergriff"},"content":{"rendered":"<p><em>Wir stellen den Nucleus Nano II Steuergriff vor!  <\/em><\/p>\n<p>Erleben Sie unvergleichliche Flexibilit\u00e4t mit der F\u00e4higkeit des Nano II, bis zu 4 Motoren f\u00fcr Fokus, Iris, Zoom und Mirage VND zu bedienen, wenn Sie diesen Steuergriff und das Handrad verwenden!<\/p>\n<p>Dieser Griff wird mit einem Akku der Sony L-Serie (F550\/570) betrieben und kann Strom an das Nucleus Nano II Handrad senden, um die Lebensdauer des Akkus zu verl\u00e4ngern.<\/p>\n<p>Der Steuergriff verf\u00fcgt \u00fcber ein Fokusrad auf der Vorderseite, mit dem Sie die Motoren der Nucleus Serie und sogar den DJI Fokusmotor steuern k\u00f6nnen (erfordert ein optionales <a href=\"https:\/\/de.tilta.com\/de\/shop\/wireless-control-receiver-module-for-rs-2\/\">drahtloses Empf\u00e4ngermodul<\/a>).<\/p>\n<p>Dieses <a href=\"https:\/\/de.tilta.com\/de\/shop\/wireless-control-receiver-module-for-rs-2\/\">drahtlose Empf\u00e4ngermodul<\/a> <strong>(nicht im Lieferumfang enthalten)<\/strong> kann auch verwendet werden, um diesen Griff mit dem DJI RS2 oder RS3 Pro zu verbinden, um ihn drahtlos zu bedienen.<\/p>\n<p>Der Griff kann unabh\u00e4ngig vom Nano II Handrad verwendet werden und kann zwei Motoren der Nucleus Serie \u00fcber das Fokusrad und den Joystick steuern, wenn kein Gimbal gesteuert wird.<\/p>\n<p>Der Griff verf\u00fcgt \u00fcber ein 1\/4\u2033-20 Gewinde mit Aufnahmepunkten, die sich perfekt f\u00fcr die Montage unseres <a href=\"https:\/\/de.tilta.com\/de\/shop\/tilta-right-angle-rosette-adapter-to-1-4-20-with-locating-pins-black\/\">rechtwinkligen Rosettenadapters<\/a> eignen, um diesen Griff einfach in ein Schulter-Rig-Setup zu integrieren.<\/p>\n<p>An der Oberseite des Griffs befindet sich au\u00dferdem ein Kaltschuh-Empf\u00e4nger, der mit unserer optionalen <a href=\"https:\/\/de.tilta.com\/de\/shop\/tiltaing-adjustable-cold-shoe-accessory-mounting-bracket\/\">Kaltschuhhalterung<\/a> f\u00fcr einen externen Monitor verwendet werden kann, um in Verbindung mit dem Handrad die perfekte Station zum Fokussieren zu schaffen.<\/p>\n<p><strong>HINWEIS: Die NATO-Halterung ist nur f\u00fcr das Nano II Handrad vorgesehen. Schlie\u00dfen Sie kein anderes Zubeh\u00f6r \u00fcber diese NATO-Halterung an, da Sie sonst Gefahr laufen, die Kontaktstifte zu besch\u00e4digen. <\/strong><\/p>\n<p><strong>Wir empfehlen, nur <span style=\"text-decoration: underline;\">Sony L-Series F550 Akkus<\/span> zu verwenden. Die Kompatibilit\u00e4t mit anderen Marken wird nicht garantiert.  <\/strong><\/p>\n","protected":false},"excerpt":{"rendered":"<p>Wir stellen den Nucleus Nano II Steuergriff vor! Erleben Sie unvergleichliche Flexibilit\u00e4t mit der F\u00e4higkeit des Nano II, bis zu 4 Motoren f\u00fcr Fokus, Iris, Zoom und Mirage VND zu bedienen, wenn Sie diesen Steuergriff und das Handrad verwenden! Dieser [&hellip;]<\/p>\n","protected":false},"featured_media":1972065,"comment_status":"closed","ping_status":"closed","template":"","meta":[],"product_cat":[1066],"product_tag":[],"acf":[],"gallery_images":[1972065,1972073,1972071,1972066,1972067,1972070,1972157,1970452,1970451,1970450],"_links":{"self":[{"href":"https:\/\/eu.tilta.com\/de\/wp-json\/wp\/v2\/product\/1973066"}],"collection":[{"href":"https:\/\/eu.tilta.com\/de\/wp-json\/wp\/v2\/product"}],"about":[{"href":"https:\/\/eu.tilta.com\/de\/wp-json\/wp\/v2\/types\/product"}],"replies":[{"embeddable":true,"href":"https:\/\/eu.tilta.com\/de\/wp-json\/wp\/v2\/comments?post=1973066"}],"wp:featuredmedia":[{"embeddable":true,"href":"https:\/\/eu.tilta.com\/de\/wp-json\/wp\/v2\/media\/1972065"}],"wp:attachment":[{"href":"https:\/\/eu.tilta.com\/de\/wp-json\/wp\/v2\/media?parent=1973066"}],"wp:term":[{"taxonomy":"product_cat","embeddable":true,"href":"https:\/\/eu.tilta.com\/de\/wp-json\/wp\/v2\/product_cat?post=1973066"},{"taxonomy":"product_tag","embeddable":true,"href":"https:\/\/eu.tilta.com\/de\/wp-json\/wp\/v2\/product_tag?post=1973066"}],"curies":[{"name":"wp","href":"https:\/\/api.w.org\/{rel}","templated":true}]}}