{"id":1973068,"date":"2023-10-26T11:11:46","date_gmt":"2023-10-26T09:11:46","guid":{"rendered":"https:\/\/de.tilta.com\/shop\/half-camera-cage-for-canon-r5c-lightweight-kit-black\/"},"modified":"2025-12-05T12:08:01","modified_gmt":"2025-12-05T11:08:01","slug":"half-camera-cage-for-canon-r5c-lightweight-kit-black","status":"publish","type":"product","link":"https:\/\/eu.tilta.com\/de\/shop\/half-camera-cage-for-canon-r5c-lightweight-kit-black\/","title":{"rendered":"Halber Kamerak\u00e4fig f\u00fcr Canon R5C Leichtbau-Kit &#8211; Schwarz"},"content":{"rendered":"<div class=\"overview-text\">\n<div class=\"overview-text\">\n<div class=\"overview-text\">\n<p>Die Grundlage des Leichtbau-Kit f\u00fcr Canon R5C ist der Halbk\u00e4fig, der Ihr Kamerageh\u00e4use teilweise sch\u00fctzt und \u00fcber Befestigungspunkte wie die NATO-Schiene, einen Cold Shoe Receiver, 1\/4\u2033-20 und 3\/8\u2033-16 Gewinde mit Fixierpunkten Unterst\u00fctzung f\u00fcr die Anbringung von verschiedenem Zubeh\u00f6r bietet.<\/p>\n<p>Der im Lieferumfang enthaltene <a href=\"https:\/\/de.tilta.com\/de\/shop\/xeno-top-handle-1-4-20-locating-pins\/\">XENO Top Handle wird \u00fcber ein 1\/4\u2033-20-Gewinde<\/a> an der Oberseite des K\u00e4figs <a href=\"https:\/\/de.tilta.com\/de\/shop\/xeno-top-handle-1-4-20-locating-pins\/\">befestigt<\/a> und mit Fixierstiften gesichert. Dieser Top Handle verbessert die Flexibilit\u00e4t bei der Aufnahme und Handhabung des Systems, was besonders bei niedrigeren Winkeln n\u00fctzlich ist.<\/p>\n<p>Der obere Handgriff erweitert au\u00dferdem die Befestigungsm\u00f6glichkeiten f\u00fcr Zubeh\u00f6r \u00fcber ein zus\u00e4tzliches 1\/4\u2033-20-Gewinde und einen Cold Shoe-Empf\u00e4nger, perfekt f\u00fcr einen externen Monitor \u00fcber unsere <a href=\"https:\/\/de.tilta.com\/de\/shop\/tiltaing-adjustable-cold-shoe-accessory-mounting-bracket\/\">Cold Shoe-Zubeh\u00f6rhalterung<\/a>. <strong>(nicht enthalten)<\/strong><\/p>\n<p>Die Dual Directional Arca-Swiss Bodenplatte erm\u00f6glicht den schnellen Wechsel zwischen kompatiblen Gimbals wie dem RS3 Pro und Arca basierten Stativen.<\/p>\n<p>Im Gegensatz zu einigen unserer anderen integrierten Arca-Bodenplatten kann das Kamerasystem bei dieser Platte von beiden Seiten in einen Arca-Empf\u00e4nger geschoben werden, was bedeutet, dass Benutzer noch schneller zwischen kompatiblen Tr\u00e4gersystemen wechseln k\u00f6nnen.<\/p>\n<p>Bitte beachten Sie, dass dieser K\u00e4fig den Standard von DJI f\u00fcr ARCA verwendet und nicht mit allen Empf\u00e4ngern kompatibel ist. Die Kompatibilit\u00e4t wird nicht garantiert.<\/p>\n<p>Dieser K\u00e4fig verf\u00fcgt \u00fcber mehrere Ber\u00fchrungspunkte mit dem Kamerageh\u00e4use, wodurch die Gefahr, dass sich die Kamera innerhalb des K\u00e4figs dreht, begrenzt wird.<br \/>\nDie integrierte Silikonpolsterung sorgt f\u00fcr einen sicheren Halt der Kamera im K\u00e4fig und sch\u00fctzt die Kontaktfl\u00e4chen vor Kratzern.<\/p>\n<p>Die im Lieferumfang enthaltene Kabelklemme bietet eine erh\u00f6hte Sicherheit f\u00fcr die Kabel und verf\u00fcgt \u00fcber R\u00e4ndelschrauben, mit denen die Kabel schnell und ohne Werkzeug befestigt oder entfernt werden k\u00f6nnen.<\/p>\n<p>Das Halbk\u00e4fig-Design erm\u00f6glicht die Bedienung \u00fcber den Original-Kameragriff und schr\u00e4nkt den Zugang zu den Benutzertasten und Kamerafunktionen nicht ein.<\/p>\n<p>Der mitgelieferte Multifunktionsschraubendreher kann zum Anbringen des K\u00e4figs am Kamerageh\u00e4use sowie zum Sichern der Sicherheitsschraube auf der linken Seite verwendet werden.<\/p>\n<\/div>\n<\/div>\n<\/div>\n","protected":false},"excerpt":{"rendered":"<p>Die Grundlage des Leichtbau-Kit f\u00fcr Canon R5C ist der Halbk\u00e4fig, der Ihr Kamerageh\u00e4use teilweise sch\u00fctzt und \u00fcber Befestigungspunkte wie die NATO-Schiene, einen Cold Shoe Receiver, 1\/4\u2033-20 und 3\/8\u2033-16 Gewinde mit Fixierpunkten Unterst\u00fctzung f\u00fcr die Anbringung von verschiedenem Zubeh\u00f6r bietet. Der [&hellip;]<\/p>\n","protected":false},"featured_media":1972430,"comment_status":"closed","ping_status":"closed","template":"","meta":[],"product_cat":[1088],"product_tag":[],"acf":[],"gallery_images":[1954730,1954731,1952492,1952493],"_links":{"self":[{"href":"https:\/\/eu.tilta.com\/de\/wp-json\/wp\/v2\/product\/1973068"}],"collection":[{"href":"https:\/\/eu.tilta.com\/de\/wp-json\/wp\/v2\/product"}],"about":[{"href":"https:\/\/eu.tilta.com\/de\/wp-json\/wp\/v2\/types\/product"}],"replies":[{"embeddable":true,"href":"https:\/\/eu.tilta.com\/de\/wp-json\/wp\/v2\/comments?post=1973068"}],"wp:featuredmedia":[{"embeddable":true,"href":"https:\/\/eu.tilta.com\/de\/wp-json\/wp\/v2\/media\/1972430"}],"wp:attachment":[{"href":"https:\/\/eu.tilta.com\/de\/wp-json\/wp\/v2\/media?parent=1973068"}],"wp:term":[{"taxonomy":"product_cat","embeddable":true,"href":"https:\/\/eu.tilta.com\/de\/wp-json\/wp\/v2\/product_cat?post=1973068"},{"taxonomy":"product_tag","embeddable":true,"href":"https:\/\/eu.tilta.com\/de\/wp-json\/wp\/v2\/product_tag?post=1973068"}],"curies":[{"name":"wp","href":"https:\/\/api.w.org\/{rel}","templated":true}]}}