{"id":1973069,"date":"2023-10-18T11:17:52","date_gmt":"2023-10-18T09:17:52","guid":{"rendered":"https:\/\/de.tilta.com\/shop\/expansion-baseplate-for-canon-r10-black\/"},"modified":"2025-12-12T12:40:10","modified_gmt":"2025-12-12T11:40:10","slug":"expansion-baseplate-for-canon-r10-black","status":"publish","type":"product","link":"https:\/\/eu.tilta.com\/de\/shop\/expansion-baseplate-for-canon-r10-black\/","title":{"rendered":"Erweiterungsgrundplatte f\u00fcr Canon R10 &#8211; Schwarz"},"content":{"rendered":"<p>Die Erweiterungsgrundplatte f\u00fcr die Canon R10 ist das perfekte kompakte Zubeh\u00f6r, um die Funktionalit\u00e4t Ihrer Kamera zu erweitern, ohne unn\u00f6tig viel Platz einzunehmen.<\/p>\n<p>Diese Erweiterungsgrundplatte wird an der Unterseite des Kamerageh\u00e4uses befestigt und bietet verschiedene Befestigungspunkte f\u00fcr Zubeh\u00f6r \u00fcber 1\/4\u2033-20-Gewinde, einen Cold Shoe-Empf\u00e4nger und eine Handgelenkriemenhalterung.<\/p>\n<p>So k\u00f6nnen Sie Zubeh\u00f6r wie LED-Leuchten und B\u00fcgelmikrofone anbringen und gleichzeitig das System sowohl horizontal als auch vertikal an einem Stativ befestigen.<\/p>\n<p>Die Grundplatte verf\u00fcgt \u00fcber einen dezent umlaufenden Rand mit einem 1\/4\u2033-20 Gewinde auf der rechten Seite, so dass Sie die Kamera bei Bedarf auch vertikal montieren k\u00f6nnen.<\/p>\n<p>Die Bodenplatte verf\u00fcgt \u00fcber einen ARCA Swiss-Anschluss, der sich perfekt f\u00fcr die Montage an kompatible Stativk\u00f6pfe und DJI Ronin Gimbals eignet.<\/p>\n<p>Bitte beachten Sie, dass diese Grundplatte den DJI-Standard f\u00fcr ARCA verwendet und m\u00f6glicherweise nicht mit allen ARCA-Empf\u00e4ngern von Drittanbietern kompatibel ist.<\/p>\n","protected":false},"excerpt":{"rendered":"<p>Die Erweiterungsgrundplatte f\u00fcr die Canon R10 ist das perfekte kompakte Zubeh\u00f6r, um die Funktionalit\u00e4t Ihrer Kamera zu erweitern, ohne unn\u00f6tig viel Platz einzunehmen. Diese Erweiterungsgrundplatte wird an der Unterseite des Kamerageh\u00e4uses befestigt und bietet verschiedene Befestigungspunkte f\u00fcr Zubeh\u00f6r \u00fcber 1\/4\u2033-20-Gewinde, [&hellip;]<\/p>\n","protected":false},"featured_media":1971929,"comment_status":"closed","ping_status":"closed","template":"","meta":[],"product_cat":[1082],"product_tag":[],"acf":[],"gallery_images":[1951377,1951375,1951376,1951441,1951442],"_links":{"self":[{"href":"https:\/\/eu.tilta.com\/de\/wp-json\/wp\/v2\/product\/1973069"}],"collection":[{"href":"https:\/\/eu.tilta.com\/de\/wp-json\/wp\/v2\/product"}],"about":[{"href":"https:\/\/eu.tilta.com\/de\/wp-json\/wp\/v2\/types\/product"}],"replies":[{"embeddable":true,"href":"https:\/\/eu.tilta.com\/de\/wp-json\/wp\/v2\/comments?post=1973069"}],"wp:featuredmedia":[{"embeddable":true,"href":"https:\/\/eu.tilta.com\/de\/wp-json\/wp\/v2\/media\/1971929"}],"wp:attachment":[{"href":"https:\/\/eu.tilta.com\/de\/wp-json\/wp\/v2\/media?parent=1973069"}],"wp:term":[{"taxonomy":"product_cat","embeddable":true,"href":"https:\/\/eu.tilta.com\/de\/wp-json\/wp\/v2\/product_cat?post=1973069"},{"taxonomy":"product_tag","embeddable":true,"href":"https:\/\/eu.tilta.com\/de\/wp-json\/wp\/v2\/product_tag?post=1973069"}],"curies":[{"name":"wp","href":"https:\/\/api.w.org\/{rel}","templated":true}]}}