{"id":1973071,"date":"2023-10-12T13:04:26","date_gmt":"2023-10-12T11:04:26","guid":{"rendered":"https:\/\/de.tilta.com\/shop\/lpl-mount-adapterhalterung-fuer-red-komodo-x-schwarz\/"},"modified":"2025-12-05T12:08:01","modified_gmt":"2025-12-05T11:08:01","slug":"lpl-mount-adapter-support-for-red-komodo-x-black","status":"publish","type":"product","link":"https:\/\/eu.tilta.com\/de\/shop\/lpl-mount-adapter-support-for-red-komodo-x-black\/","title":{"rendered":"LPL Mount Adapterhalterung f\u00fcr RED KOMODO-X &#8211; Schwarz"},"content":{"rendered":"<div class=\"overview-text\">\n<p>Die LPL Mount Adapterhalterung f\u00fcr RED KOMODO-X verf\u00fcgt \u00fcber ein ausgekl\u00fcgeltes Klemmdesign, das mehrere Kontaktpunkte f\u00fcr verbesserte Stabilit\u00e4t bietet.<\/p>\n<p>Dieser Ansatz erh\u00f6ht die Sicherheit und Stabilit\u00e4t eines Objektivadapters erheblich, insbesondere unseres Canon RF Mount to LPL Mount Adapters.<\/p>\n<p>Dies ist besonders n\u00fctzlich, wenn Sie gr\u00f6\u00dfere Objektive verwenden, da es hilft, das Gewicht vom Kamerageh\u00e4use umzuverteilen.<\/p>\n<p>Dieser Adapter ist f\u00fcr die Verwendung mit unserem Full Camera Cage f\u00fcr RED Komodo-X vorgesehen und ist nicht direkt mit dem Kamerageh\u00e4use kompatibel.<\/p>\n<\/div>\n","protected":false},"excerpt":{"rendered":"<p>Die LPL Mount Adapterhalterung f\u00fcr RED KOMODO-X verf\u00fcgt \u00fcber ein ausgekl\u00fcgeltes Klemmdesign, das mehrere Kontaktpunkte f\u00fcr verbesserte Stabilit\u00e4t bietet. Dieser Ansatz erh\u00f6ht die Sicherheit und Stabilit\u00e4t eines Objektivadapters erheblich, insbesondere unseres Canon RF Mount to LPL Mount Adapters. Dies ist [&hellip;]<\/p>\n","protected":false},"featured_media":1971918,"comment_status":"closed","ping_status":"closed","template":"","meta":[],"product_cat":[1112,1070],"product_tag":[],"acf":[],"gallery_images":[1951100,1951099,1951097],"_links":{"self":[{"href":"https:\/\/eu.tilta.com\/de\/wp-json\/wp\/v2\/product\/1973071"}],"collection":[{"href":"https:\/\/eu.tilta.com\/de\/wp-json\/wp\/v2\/product"}],"about":[{"href":"https:\/\/eu.tilta.com\/de\/wp-json\/wp\/v2\/types\/product"}],"replies":[{"embeddable":true,"href":"https:\/\/eu.tilta.com\/de\/wp-json\/wp\/v2\/comments?post=1973071"}],"wp:featuredmedia":[{"embeddable":true,"href":"https:\/\/eu.tilta.com\/de\/wp-json\/wp\/v2\/media\/1971918"}],"wp:attachment":[{"href":"https:\/\/eu.tilta.com\/de\/wp-json\/wp\/v2\/media?parent=1973071"}],"wp:term":[{"taxonomy":"product_cat","embeddable":true,"href":"https:\/\/eu.tilta.com\/de\/wp-json\/wp\/v2\/product_cat?post=1973071"},{"taxonomy":"product_tag","embeddable":true,"href":"https:\/\/eu.tilta.com\/de\/wp-json\/wp\/v2\/product_tag?post=1973071"}],"curies":[{"name":"wp","href":"https:\/\/api.w.org\/{rel}","templated":true}]}}