{"id":1973073,"date":"2023-10-09T11:05:24","date_gmt":"2023-10-09T09:05:24","guid":{"rendered":"https:\/\/de.tilta.com\/shop\/15mm-rod-holder-to-mounting-block-black\/"},"modified":"2025-12-05T12:08:02","modified_gmt":"2025-12-05T11:08:02","slug":"15mm-rod-holder-to-mounting-block-black","status":"publish","type":"product","link":"https:\/\/eu.tilta.com\/de\/shop\/15mm-rod-holder-to-mounting-block-black\/","title":{"rendered":"15mm Rutenhalter auf Montageblock &#8211; Schwarz"},"content":{"rendered":"<div class=\"overview-text\">\n<p>Wir stellen Ihnen den 15-mm-Rutenhalter f\u00fcr Montagebl\u00f6cke vor, die perfekte Option f\u00fcr die Montage von Zubeh\u00f6r mit 15-mm-Ruten.<\/p>\n<p>Dieses Zubeh\u00f6r verf\u00fcgt \u00fcber mehrere 1\/4\u2033-Gewinde mit Fixierpunkten und ein 3\/8\u2033-Gewinde, ebenfalls mit Fixierpunkten. Damit k\u00f6nnen Sie Zubeh\u00f6r montieren, das normalerweise nicht an 15-mm-Stangen befestigt werden kann.<\/p>\n<p>Dazu geh\u00f6ren Gelenkarme, Halterungen, NP-F-Akkuplatten, externe Monitore, On-Board-Lichter, Mikrofone, Batterien und mehr.<\/p>\n<p>Dieses Zubeh\u00f6r verf\u00fcgt au\u00dferdem \u00fcber eine Knebelschraube, mit der der Montageblock besser befestigt werden kann, was besonders bei der Montage von schwerem Zubeh\u00f6r hilfreich ist.<\/p>\n<p>Mit einem Gewicht von nur 28 g kann dieser Montageblock Zubeh\u00f6r bis zu 1 kg tragen.<\/p>\n<\/div>\n","protected":false},"excerpt":{"rendered":"<p>Wir stellen Ihnen den 15-mm-Rutenhalter f\u00fcr Montagebl\u00f6cke vor, die perfekte Option f\u00fcr die Montage von Zubeh\u00f6r mit 15-mm-Ruten. Dieses Zubeh\u00f6r verf\u00fcgt \u00fcber mehrere 1\/4\u2033-Gewinde mit Fixierpunkten und ein 3\/8\u2033-Gewinde, ebenfalls mit Fixierpunkten. Damit k\u00f6nnen Sie Zubeh\u00f6r montieren, das normalerweise nicht [&hellip;]<\/p>\n","protected":false},"featured_media":1971910,"comment_status":"closed","ping_status":"closed","template":"","meta":[],"product_cat":[1067,1065],"product_tag":[],"acf":[],"gallery_images":[1971911,1971909,1971873,1971874,1971875],"_links":{"self":[{"href":"https:\/\/eu.tilta.com\/de\/wp-json\/wp\/v2\/product\/1973073"}],"collection":[{"href":"https:\/\/eu.tilta.com\/de\/wp-json\/wp\/v2\/product"}],"about":[{"href":"https:\/\/eu.tilta.com\/de\/wp-json\/wp\/v2\/types\/product"}],"replies":[{"embeddable":true,"href":"https:\/\/eu.tilta.com\/de\/wp-json\/wp\/v2\/comments?post=1973073"}],"wp:featuredmedia":[{"embeddable":true,"href":"https:\/\/eu.tilta.com\/de\/wp-json\/wp\/v2\/media\/1971910"}],"wp:attachment":[{"href":"https:\/\/eu.tilta.com\/de\/wp-json\/wp\/v2\/media?parent=1973073"}],"wp:term":[{"taxonomy":"product_cat","embeddable":true,"href":"https:\/\/eu.tilta.com\/de\/wp-json\/wp\/v2\/product_cat?post=1973073"},{"taxonomy":"product_tag","embeddable":true,"href":"https:\/\/eu.tilta.com\/de\/wp-json\/wp\/v2\/product_tag?post=1973073"}],"curies":[{"name":"wp","href":"https:\/\/api.w.org\/{rel}","templated":true}]}}