{"id":1973074,"date":"2023-10-11T16:38:14","date_gmt":"2023-10-11T14:38:14","guid":{"rendered":"https:\/\/de.tilta.com\/shop\/nucleus-nano-ii-hand-wheel-controller\/"},"modified":"2026-04-27T13:16:44","modified_gmt":"2026-04-27T11:16:44","slug":"nucleus-nano-ii-hand-wheel-controller","status":"publish","type":"product","link":"https:\/\/eu.tilta.com\/de\/shop\/nucleus-nano-ii-hand-wheel-controller\/","title":{"rendered":"Nucleus Nano II Handradsteuerung"},"content":{"rendered":"<div class=\"overview-text\">\n<p><span style=\"text-decoration: underline;\"><strong>HINWEIS: BETREIBEN SIE DAS HANDRAD NICHT \u00dcBER P-TAP<\/strong><\/span><\/p>\n<p>Mit seinen fortschrittlichen Funktionen und seiner nahtlosen Kompatibilit\u00e4t revolutioniert der Nucleus Nano II Handrad-Controller die Art und Weise, wie Benutzer ihre Objektive, Kameras und Gimbals steuern k\u00f6nnen.<\/p>\n<p>Mit dem neuen und verbesserten Handrad haben Sie die Kontrolle in der Hand und k\u00f6nnen zwei Fokusmotoren \u00fcber den kompakten Controller steuern.<\/p>\n<p>Mit dem Hauptwahlrad k\u00f6nnen Sie den Fokus einstellen, w\u00e4hrend die neue Steuerwippe m\u00fchelos Zoom- oder Blendenfunktionen \u00fcber eine ged\u00e4mpfte Wippe steuert, die sich perfekt zum Ein- und Auszoomen eignet.<\/p>\n<p>Erleben Sie unvergleichliche Flexibilit\u00e4t mit der F\u00e4higkeit des Nano II, bis zu 4 Motoren f\u00fcr Fokus, Blende, Zoom und Mirage VND zu bedienen, wenn er mit dem optionalen Multifunktionsgriff f\u00fcr die Stromversorgung oder Steuerung verwendet wird.<\/p>\n<p>Die Navigation durch das System war noch nie so einfach wie mit dem neuen 1,6-Zoll-Touchscreen-Display und der benutzerfreundlichen Oberfl\u00e4che, die einen schnellen Zugriff auf eine Reihe fortschrittlicher Funktionen bietet, einschlie\u00dflich spezieller Seiten f\u00fcr die Objektivzuordnung und Kamerasteuerungsfunktionen.<\/p>\n<p>Mit dem Nano II k\u00f6nnen Sie die Kameraeinstellungen drahtlos \u00fcber WiFi, Bluetooth und den USB-C-Anschluss des Motors f\u00fcr kompatible Kamerasysteme wie Canon, Sony, Black Magic Design und andere anpassen.<\/p>\n<p><strong>Weitere Informationen zur Kamerasteuerung finden Sie in den Hinweisen am Ende der Seite.<\/strong><\/p>\n<p>Bitte beachten Sie, dass die aktuelle Firmware die meisten Steuerelemente f\u00fcr die Red Komodo, BMPCC 6K, 6K Pro und teilweise f\u00fcr die BMPCC 4K, Sony FX3, A7S3, A7R5, ZV-E1, ZV-E10 und Canon R7 f\u00fcr Einstellungen wie Run\/Stop, Shutter Speed, ISO und Iris unterst\u00fctzt.<\/p>\n<p>Run Stop wird derzeit f\u00fcr alle oben genannten Kamerasysteme sowie f\u00fcr Sony A7C, A7M4, A7R3, Canon R6M1, Panasonic S1H, GH6 und S5M2 \u00fcber ein optionales <a href=\"https:\/\/de.tilta.com\/shop\/usb-c-run-stop-cable\/\">Advanced Side Handle Run\/Stop Cable<\/a> unterst\u00fctzt.<\/p>\n<p>Weitere Kamerasysteme werden in zuk\u00fcnftigen Firmware-Updates kompatibel gemacht.<\/p>\n<p>Das macht den Nano II zur perfekten Wahl f\u00fcr Filmemacher, die regelm\u00e4\u00dfig Unterst\u00fctzungssysteme wie Drohnen, Autohalterungen, Kr\u00e4ne, Gimbals oder andere Rigs verwenden, die es schwierig machen, die Kameraeinstellungen schnell anzupassen.<\/p>\n<p>Der Kontrollbildschirm f\u00fcr die Objektivzuordnung bietet Informationen \u00fcber die Fokusentfernung in Echtzeit, so dass Sie \u00fcber jedes Bild informiert sind und die Kontrolle dar\u00fcber behalten, ohne eine Fokusscheibe markieren zu m\u00fcssen.<\/p>\n<p>Mit einem internen Akku, der \u00fcber USB-C mit Strom versorgt wird, bietet der Nano II je nach Nutzung bis zu 20 Stunden ununterbrochene Leistung.<\/p>\n<p>Der Nano II ist unser bisher kompatibelstes System mit Kompatibilit\u00e4t zu DJI RS2, RS3 Pro, DJI Focus Motors, Nucleus M und der vorherigen Generation des Nucleus Nano. Damit ist ein reibungsloser Arbeitsablauf f\u00fcr Benutzer gew\u00e4hrleistet, die bereits fr\u00fchere Versionen des Nucleus Ecosystems verwenden.<\/p>\n<p>Bitte beachten Sie, dass f\u00fcr die Integration mit den Advanced Side Focus Handles, dem DJI Ronin und den Ronin Focus Motoren zus\u00e4tzliche Hardware ben\u00f6tigt wird, die nicht im Kit enthalten ist.<\/p>\n<p><em>Erweitern Sie Ihr Filmerlebnis mit der Nucleus Nano II. Profitieren Sie von der pr\u00e4zisen Kontrolle \u00fcber Ihre Objektive, der intuitiven Benutzeroberfl\u00e4che und der un\u00fcbertroffenen Kompatibilit\u00e4t mit branchenf\u00fchrenden Ger\u00e4ten.<\/em><\/p>\n<p><b>BITTE BEACHTEN SIE: <\/b><strong>Die Funktion Camera Control ist derzeit nur mit ausgew\u00e4hlten Kameras kompatibel. <\/strong> <\/p>\n<p><strong><b>Canon und Sony Kameras sind derzeit nur \u00fcber USB-C PD-Kabel kompatibel und Black Magic Design Kameras sind nur \u00fcber Bluetooth kompatibel<\/b><\/strong><\/p>\n<p><b>Bei Verwendung von <\/b><b>Objektivanschluss-Adapter<\/b><b>: Die Nano II Bluetooth-Funktionalit\u00e4t ist nur m\u00f6glich, wenn Sie offiziell unterst\u00fctzte Objektive f\u00fcr den jeweiligen Adapter verwenden. <\/b> <\/p>\n<\/div>\n","protected":false},"excerpt":{"rendered":"<p>HINWEIS: BETREIBEN SIE DAS HANDRAD NICHT \u00dcBER P-TAP Mit seinen fortschrittlichen Funktionen und seiner nahtlosen Kompatibilit\u00e4t revolutioniert der Nucleus Nano II Handrad-Controller die Art und Weise, wie Benutzer ihre Objektive, Kameras und Gimbals steuern k\u00f6nnen. Mit dem neuen und verbesserten [&hellip;]<\/p>\n","protected":false},"featured_media":1972074,"comment_status":"closed","ping_status":"closed","template":"","meta":[],"product_cat":[1066],"product_tag":[],"acf":[],"gallery_images":[1972076,1972075,1970470,1970441,1972093,1970452,1970451,1970465],"_links":{"self":[{"href":"https:\/\/eu.tilta.com\/de\/wp-json\/wp\/v2\/product\/1973074"}],"collection":[{"href":"https:\/\/eu.tilta.com\/de\/wp-json\/wp\/v2\/product"}],"about":[{"href":"https:\/\/eu.tilta.com\/de\/wp-json\/wp\/v2\/types\/product"}],"replies":[{"embeddable":true,"href":"https:\/\/eu.tilta.com\/de\/wp-json\/wp\/v2\/comments?post=1973074"}],"wp:featuredmedia":[{"embeddable":true,"href":"https:\/\/eu.tilta.com\/de\/wp-json\/wp\/v2\/media\/1972074"}],"wp:attachment":[{"href":"https:\/\/eu.tilta.com\/de\/wp-json\/wp\/v2\/media?parent=1973074"}],"wp:term":[{"taxonomy":"product_cat","embeddable":true,"href":"https:\/\/eu.tilta.com\/de\/wp-json\/wp\/v2\/product_cat?post=1973074"},{"taxonomy":"product_tag","embeddable":true,"href":"https:\/\/eu.tilta.com\/de\/wp-json\/wp\/v2\/product_tag?post=1973074"}],"curies":[{"name":"wp","href":"https:\/\/api.w.org\/{rel}","templated":true}]}}