{"id":1973077,"date":"2023-10-05T09:52:54","date_gmt":"2023-10-05T07:52:54","guid":{"rendered":"https:\/\/de.tilta.com\/shop\/camera-cage-for-fujifilm-gfx100-ii-lightweight-kit-black\/"},"modified":"2025-12-05T12:08:03","modified_gmt":"2025-12-05T11:08:03","slug":"camera-cage-for-fujifilm-gfx100-ii-lightweight-kit-black","status":"publish","type":"product","link":"https:\/\/eu.tilta.com\/de\/shop\/camera-cage-for-fujifilm-gfx100-ii-lightweight-kit-black\/","title":{"rendered":"Kamerak\u00e4fig f\u00fcr Fujifilm GFX100 II Leichtbau-Kit &#8211; Schwarz"},"content":{"rendered":"<div class=\"overview-text\">\n<p><em>Wir stellen das leichte Kamerak\u00e4fig-Kit f\u00fcr die Fujifilm GFX100 II vor<\/em><\/p>\n<p>Der in diesem Kit enthaltene Kamerak\u00e4fig ist die perfekte Grundlage f\u00fcr die Erweiterung des Funktionsumfangs Ihrer Kamera durch die Montage von zus\u00e4tzlichem Zubeh\u00f6r, um den Arbeitsablauf zu verbessern und Zeit beim Fotografieren zu sparen.<\/p>\n<p>Der K\u00e4fig verf\u00fcgt \u00fcber mehrere Befestigungspunkte, darunter 1\/4\u2033-20-Gewinde mit Fixierpunkten, Kaltschuhaufnahmen und Gewinde f\u00fcr einen mitgelieferten 15-mm-Rutenhalter.<\/p>\n<p>In diesem Kit ist der ergonomische Xeno Top Handle enthalten, der \u00fcber eine 1\/4\u2033-20 Schraube mit Fixierstiften befestigt wird und durch sein neues Design mit gr\u00f6\u00dferem Spielraum eine verbesserte Handhabung und Bedienung bietet.<\/p>\n<p>Dieser Griff verf\u00fcgt \u00fcber eine Vielzahl von Befestigungspunkten wie 1\/4\u2033-20-Gewinde und einen Cold Shoe-Empf\u00e4nger, perfekt f\u00fcr die Montage eines externen Monitors \u00fcber unsere <a href=\"https:\/\/de.tilta.com\/de\/shop\/tiltaing-adjustable-cold-shoe-accessory-mounting-bracket\/\">Cold Shoe-Zubeh\u00f6rhalterung<\/a>. <strong>(Nicht im Lieferumfang enthalten)<\/strong><\/p>\n<p>Die Unterseite des K\u00e4figs verf\u00fcgt \u00fcber ein 1\/4\u2033-20 und 1\/8&#8243;-16 Gewinde f\u00fcr mehr Flexibilit\u00e4t bei der Montage sowie ein magnetisch befestigtes Multiwerkzeug mit einem M3 Inbusschl\u00fcssel und einem doppelseitigen Schlitzschraubendreher.<\/p>\n<p>Dieser K\u00e4fig ist kompatibel mit dem Kamerageh\u00e4use der Fujifilm GFX 100 II mit oder ohne EVF und ist auch mit dem originalen Fujifilm Batteriehandgriff kompatibel.<\/p>\n<p>Der K\u00e4fig enth\u00e4lt Komponenten zur Verl\u00e4ngerung der Bodenplatte, um diesen Batteriegriff zu tragen, und die mitgelieferte 15-mm-Stabhalterung erm\u00f6glicht es Ihnen, LWS-St\u00e4be genau in der optischen Mitte zu montieren, die f\u00fcr die korrekte Ausrichtung der Mattebox erforderlich ist.<\/p>\n<p>Der K\u00e4fig wird \u00fcber eine einzelne 1\/4\u2033-20 Schraube mit dem Kamerageh\u00e4use verbunden und verf\u00fcgt \u00fcber zwei Sicherheitshalterungen auf beiden Seiten, die die Kamera gegen den K\u00e4fig abst\u00fctzen, um die Drehung zu begrenzen.<\/p>\n<p>Mit den mitgelieferten Kabelklemmen k\u00f6nnen Sie HDMI- und USB-C-Kabel mit praktischen R\u00e4ndelschrauben schnell befestigen, um sowohl die Kabel als auch die Kameraanschl\u00fcsse zu sch\u00fctzen und eine stabile Daten\u00fcbertragung zu gew\u00e4hrleisten.<\/p>\n<p>In Verbindung mit unserem_Universal<a href=\"https:\/\/de.tilta.com\/de\/shop\/tilta-universal-ssd-drive-holder-type-i-black\/\">SSD Holder<\/a> k\u00f6nnen Sie Solid State Drives f\u00fcr externe Aufnahmen mit hoher Bitrate einfach an der Kamera befestigen.<\/p>\n<\/div>\n","protected":false},"excerpt":{"rendered":"<p>Wir stellen das leichte Kamerak\u00e4fig-Kit f\u00fcr die Fujifilm GFX100 II vor Der in diesem Kit enthaltene Kamerak\u00e4fig ist die perfekte Grundlage f\u00fcr die Erweiterung des Funktionsumfangs Ihrer Kamera durch die Montage von zus\u00e4tzlichem Zubeh\u00f6r, um den Arbeitsablauf zu verbessern und [&hellip;]<\/p>\n","protected":false},"featured_media":1971783,"comment_status":"closed","ping_status":"closed","template":"","meta":[],"product_cat":[1094],"product_tag":[],"acf":[],"gallery_images":[1950504,1950503,1952679,1950515,1950516],"_links":{"self":[{"href":"https:\/\/eu.tilta.com\/de\/wp-json\/wp\/v2\/product\/1973077"}],"collection":[{"href":"https:\/\/eu.tilta.com\/de\/wp-json\/wp\/v2\/product"}],"about":[{"href":"https:\/\/eu.tilta.com\/de\/wp-json\/wp\/v2\/types\/product"}],"replies":[{"embeddable":true,"href":"https:\/\/eu.tilta.com\/de\/wp-json\/wp\/v2\/comments?post=1973077"}],"wp:featuredmedia":[{"embeddable":true,"href":"https:\/\/eu.tilta.com\/de\/wp-json\/wp\/v2\/media\/1971783"}],"wp:attachment":[{"href":"https:\/\/eu.tilta.com\/de\/wp-json\/wp\/v2\/media?parent=1973077"}],"wp:term":[{"taxonomy":"product_cat","embeddable":true,"href":"https:\/\/eu.tilta.com\/de\/wp-json\/wp\/v2\/product_cat?post=1973077"},{"taxonomy":"product_tag","embeddable":true,"href":"https:\/\/eu.tilta.com\/de\/wp-json\/wp\/v2\/product_tag?post=1973077"}],"curies":[{"name":"wp","href":"https:\/\/api.w.org\/{rel}","templated":true}]}}