{"id":1973081,"date":"2023-10-05T09:50:53","date_gmt":"2023-10-05T07:50:53","guid":{"rendered":"https:\/\/de.tilta.com\/shop\/full-camera-cage-for-fujifilm-gfx100-ii-black\/"},"modified":"2025-12-29T20:36:08","modified_gmt":"2025-12-29T19:36:08","slug":"full-camera-cage-for-fujifilm-gfx100-ii-black","status":"publish","type":"product","link":"https:\/\/eu.tilta.com\/de\/shop\/full-camera-cage-for-fujifilm-gfx100-ii-black\/","title":{"rendered":"Voller Kamerak\u00e4fig f\u00fcr Fujifilm GFX100 II &#8211; Schwarz"},"content":{"rendered":"<div class=\"overview-text\">\n<p><em>Wir stellen vor: Das vollst\u00e4ndige Kamerageh\u00e4use f\u00fcr die Fujifilm GFX100 II<\/em><\/p>\n<p>Dieser Kamerak\u00e4fig ist die perfekte Grundlage f\u00fcr die Erweiterung des Funktionsumfangs Ihrer Kamera durch die Montage von zus\u00e4tzlichem Zubeh\u00f6r, um den Arbeitsablauf zu verbessern und beim Fotografieren Zeit zu sparen.<\/p>\n<p>Der K\u00e4fig verf\u00fcgt \u00fcber mehrere Befestigungspunkte, darunter \u00bc&#8221;-20-Gewinde mit Fixierpunkten, Kaltschuhaufnahmen und Gewinde f\u00fcr einen mitgelieferten 15-mm-Rutenhalter.<\/p>\n<p>Die Unterseite des K\u00e4figs verf\u00fcgt \u00fcber ein \u00bc&#8221;-20 und \u215c&#8221;-16 Gewinde f\u00fcr mehr Flexibilit\u00e4t bei der Montage sowie ein magnetisch befestigtes Multiwerkzeug mit einem M3 Inbusschl\u00fcssel und einem doppelseitigen Schlitzschraubendreher.<\/p>\n<p>Dieser K\u00e4fig ist kompatibel mit dem Kamerageh\u00e4use der Fujifilm GFX 100 II mit oder ohne EVF und ist auch mit dem originalen Fujifilm Batteriehandgriff kompatibel.<\/p>\n<p>Der K\u00e4fig enth\u00e4lt Komponenten zur Verl\u00e4ngerung der Bodenplatte, um diesen Batteriegriff zu tragen, und die mitgelieferte 15-mm-Stabhalterung erm\u00f6glicht es Ihnen, LWS-St\u00e4be genau in der optischen Mitte zu montieren, die f\u00fcr die korrekte Ausrichtung der Mattebox erforderlich ist.<\/p>\n<p>Der K\u00e4fig wird \u00fcber eine einzige \u00bc&#8221;-20-Schraube mit dem Kamerageh\u00e4use verbunden und verf\u00fcgt \u00fcber zwei Sicherheitshalterungen auf beiden Seiten, die die Kamera gegen den K\u00e4fig abst\u00fctzen, um die Drehung zu begrenzen.<\/p>\n<p>Mit den mitgelieferten Kabelklemmen k\u00f6nnen Sie HDMI- und USB-C-Kabel mit praktischen R\u00e4ndelschrauben schnell befestigen, um sowohl die Kabel als auch die Kameraanschl\u00fcsse zu sch\u00fctzen und eine stabile Daten\u00fcbertragung zu gew\u00e4hrleisten.<\/p>\n<p>In Verbindung mit unserer <a href=\"https:\/\/de.tilta.com\/de\/shop\/tilta-universal-ssd-drive-holder-type-i-black\/\">Universal-SSD-Halterung<\/a> k\u00f6nnen Sie ganz einfach Solid State Drives an der Kamera befestigen, um externe Aufnahmen mit hoher Bitrate zu machen.<\/p>\n<\/div>\n","protected":false},"excerpt":{"rendered":"<p>Wir stellen vor: Das vollst\u00e4ndige Kamerageh\u00e4use f\u00fcr die Fujifilm GFX100 II Dieser Kamerak\u00e4fig ist die perfekte Grundlage f\u00fcr die Erweiterung des Funktionsumfangs Ihrer Kamera durch die Montage von zus\u00e4tzlichem Zubeh\u00f6r, um den Arbeitsablauf zu verbessern und beim Fotografieren Zeit zu [&hellip;]<\/p>\n","protected":false},"featured_media":1971780,"comment_status":"closed","ping_status":"closed","template":"","meta":[],"product_cat":[1094],"product_tag":[],"acf":[],"gallery_images":[1971779,1971801,1971856,1971857,1971858,1972057,1971784,1971785],"_links":{"self":[{"href":"https:\/\/eu.tilta.com\/de\/wp-json\/wp\/v2\/product\/1973081"}],"collection":[{"href":"https:\/\/eu.tilta.com\/de\/wp-json\/wp\/v2\/product"}],"about":[{"href":"https:\/\/eu.tilta.com\/de\/wp-json\/wp\/v2\/types\/product"}],"replies":[{"embeddable":true,"href":"https:\/\/eu.tilta.com\/de\/wp-json\/wp\/v2\/comments?post=1973081"}],"wp:featuredmedia":[{"embeddable":true,"href":"https:\/\/eu.tilta.com\/de\/wp-json\/wp\/v2\/media\/1971780"}],"wp:attachment":[{"href":"https:\/\/eu.tilta.com\/de\/wp-json\/wp\/v2\/media?parent=1973081"}],"wp:term":[{"taxonomy":"product_cat","embeddable":true,"href":"https:\/\/eu.tilta.com\/de\/wp-json\/wp\/v2\/product_cat?post=1973081"},{"taxonomy":"product_tag","embeddable":true,"href":"https:\/\/eu.tilta.com\/de\/wp-json\/wp\/v2\/product_tag?post=1973081"}],"curies":[{"name":"wp","href":"https:\/\/api.w.org\/{rel}","templated":true}]}}