{"id":1973083,"date":"2023-10-11T16:23:18","date_gmt":"2023-10-11T14:23:18","guid":{"rendered":"https:\/\/de.tilta.com\/shop\/camera-cage-for-canon-r7-lightweight-kit-black\/"},"modified":"2025-12-05T12:08:04","modified_gmt":"2025-12-05T11:08:04","slug":"camera-cage-for-canon-r7-lightweight-kit-black","status":"publish","type":"product","link":"https:\/\/eu.tilta.com\/de\/shop\/camera-cage-for-canon-r7-lightweight-kit-black\/","title":{"rendered":"Kamerak\u00e4fig f\u00fcr Canon R7 Leichtgewicht-Kit &#8211; Schwarz"},"content":{"rendered":"<p><em>Wir stellen das leichte Kamerak\u00e4fig-Kit f\u00fcr die Canon R7 vor<\/em><\/p>\n<p>Der vollst\u00e4ndige Kamerak\u00e4fig ist die Grundlage dieses Kits und bietet mehrere Befestigungspunkte f\u00fcr Zubeh\u00f6r, darunter \u00bc&#8221;-20-Gewinde mit Fixierpunkten, eine Kaltschuhaufnahme, eine NATO-Schiene und ein Gewinde f\u00fcr 15-mm-Stabhalter.<\/p>\n<p>Die mitgelieferte NATO-Schiene und der NATO-Obergriff verbessern die Flexibilit\u00e4t beim Schie\u00dfen und bei der Handhabung, was besonders bei Sch\u00fcssen aus niedrigen Winkeln n\u00fctzlich ist.<\/p>\n<p>Der obere Handgriff erweitert au\u00dferdem die Befestigungsm\u00f6glichkeiten mit zus\u00e4tzlichen 1\/4\u2033-20-Gewinden und einem Cold Shoe-Empf\u00e4nger, perfekt f\u00fcr einen externen Monitor \u00fcber unsere <a href=\"https:\/\/de.tilta.com\/de\/shop\/tiltaing-adjustable-cold-shoe-accessory-mounting-bracket\/\">Cold Shoe-Zubeh\u00f6rhalterung<\/a>. <strong>(nicht enthalten<\/strong>)<\/p>\n<p>Der R7 Cage verf\u00fcgt \u00fcber eine in die Bodenplatte integrierte ARCA-Swiss, die einen schnellen Wechsel zwischen Gimbals wie dem RS3 Pro und anderen kompatiblen ARCA-St\u00fctzsystemen erm\u00f6glicht.<\/p>\n<p>Bitte beachten Sie: Dieser K\u00e4fig verwendet den DJI-Standard f\u00fcr ARCA und ist nicht mit allen Empf\u00e4ngern kompatibel. Die Kompatibilit\u00e4t wird nicht garantiert.<\/p>\n<p>Auf der Bodenplatte finden Sie ein \u00bc&#8221;-20 und \u215c&#8221;-16 Gewinde f\u00fcr mehr Flexibilit\u00e4t bei der Montage sowie ein magnetisch befestigtes Multitool mit einem M3 Inbusschl\u00fcssel und einem doppelseitigen Schlitzschraubendreher.<\/p>\n<p>Das Kamerageh\u00e4use wird \u00fcber einen einzigen \u00bc&#8221;-20-Anschluss mit dem K\u00e4fig verbunden und verf\u00fcgt au\u00dferdem \u00fcber zwei zus\u00e4tzliche Kontaktpunkte auf beiden Seiten, die die Drehung der Kamera im K\u00e4fig begrenzen.<\/p>\n<p>Die mitgelieferte Kabelklemme kann HDMI- und USB-C-Kabel mit einer schnellen und praktischen R\u00e4ndelschraube sichern, um sowohl die Kabel als auch die Kameraanschl\u00fcsse zu sch\u00fctzen und eine stabile Daten\u00fcbertragung zu gew\u00e4hrleisten.<\/p>\n<p>&nbsp;<\/p>\n","protected":false},"excerpt":{"rendered":"<p>Wir stellen das leichte Kamerak\u00e4fig-Kit f\u00fcr die Canon R7 vor Der vollst\u00e4ndige Kamerak\u00e4fig ist die Grundlage dieses Kits und bietet mehrere Befestigungspunkte f\u00fcr Zubeh\u00f6r, darunter \u00bc&#8221;-20-Gewinde mit Fixierpunkten, eine Kaltschuhaufnahme, eine NATO-Schiene und ein Gewinde f\u00fcr 15-mm-Stabhalter. Die mitgelieferte NATO-Schiene [&hellip;]<\/p>\n","protected":false},"featured_media":1971892,"comment_status":"closed","ping_status":"closed","template":"","meta":[],"product_cat":[1085],"product_tag":[],"acf":[],"gallery_images":[1950950,1950949,1951016],"_links":{"self":[{"href":"https:\/\/eu.tilta.com\/de\/wp-json\/wp\/v2\/product\/1973083"}],"collection":[{"href":"https:\/\/eu.tilta.com\/de\/wp-json\/wp\/v2\/product"}],"about":[{"href":"https:\/\/eu.tilta.com\/de\/wp-json\/wp\/v2\/types\/product"}],"replies":[{"embeddable":true,"href":"https:\/\/eu.tilta.com\/de\/wp-json\/wp\/v2\/comments?post=1973083"}],"wp:featuredmedia":[{"embeddable":true,"href":"https:\/\/eu.tilta.com\/de\/wp-json\/wp\/v2\/media\/1971892"}],"wp:attachment":[{"href":"https:\/\/eu.tilta.com\/de\/wp-json\/wp\/v2\/media?parent=1973083"}],"wp:term":[{"taxonomy":"product_cat","embeddable":true,"href":"https:\/\/eu.tilta.com\/de\/wp-json\/wp\/v2\/product_cat?post=1973083"},{"taxonomy":"product_tag","embeddable":true,"href":"https:\/\/eu.tilta.com\/de\/wp-json\/wp\/v2\/product_tag?post=1973083"}],"curies":[{"name":"wp","href":"https:\/\/api.w.org\/{rel}","templated":true}]}}