{"id":1973084,"date":"2023-09-29T15:23:38","date_gmt":"2023-09-29T13:23:38","guid":{"rendered":"https:\/\/de.tilta.com\/shop\/tilta-pro-articulating-arm-black\/"},"modified":"2026-05-07T15:26:46","modified_gmt":"2026-05-07T13:26:46","slug":"tilta-pro-articulating-arm-black","status":"publish","type":"product","link":"https:\/\/eu.tilta.com\/de\/shop\/tilta-pro-articulating-arm-black\/","title":{"rendered":"Tilta Pro-Gelenkarm &#8211; Schwarz"},"content":{"rendered":"<p>Wir stellen den Tilta Pro Gelenkarm vor, unseren bisher leistungsf\u00e4higsten Zubeh\u00f6rarm!<\/p>\n<p>Dieser Gelenkarm ist die perfekte Option, um Zubeh\u00f6r wie externe Monitore, drahtlose Videosender, elektronische Sucher und mehr an Ihrem Kamerak\u00e4fig zu befestigen.<\/p>\n<p>Dank der Gelenkigkeit dieses Arms und einer einzigen Verriegelung f\u00fcr alle Achsen k\u00f6nnen Sie das Zubeh\u00f6r ganz einfach w\u00e4hrend des Drehs neu positionieren, was besonders bei schnellen Dreharbeiten hilfreich ist.<\/p>\n<p>Mit einem Gewicht von nur 11 oz kann dieser Arm bis zu 11 lbs tragen, was ihn zum st\u00e4rksten Gelenkarm in unserem aktuellen Sortiment macht.<\/p>\n<p>Den Arm gibt es in zwei Varianten, eine mit zwei NATO-Aufnahmen an jedem Ende und eine mit zwei 1\/4\u2033-20 Schrauben mit Fixierstiften.<\/p>\n","protected":false},"excerpt":{"rendered":"<p>Wir stellen den Tilta Pro Gelenkarm vor, unseren bisher leistungsf\u00e4higsten Zubeh\u00f6rarm! Dieser Gelenkarm ist die perfekte Option, um Zubeh\u00f6r wie externe Monitore, drahtlose Videosender, elektronische Sucher und mehr an Ihrem Kamerak\u00e4fig zu befestigen. Dank der Gelenkigkeit dieses Arms und einer [&hellip;]<\/p>\n","protected":false},"featured_media":1971729,"comment_status":"closed","ping_status":"closed","template":"","meta":[],"product_cat":[3897,3255,1453,1434,1073,1082,1083,1084,1085,1094,1104,1239,1211],"product_tag":[],"acf":[],"gallery_images":[1950024,1950021,1950023,1950022,1950026,1950025],"_links":{"self":[{"href":"https:\/\/eu.tilta.com\/de\/wp-json\/wp\/v2\/product\/1973084"}],"collection":[{"href":"https:\/\/eu.tilta.com\/de\/wp-json\/wp\/v2\/product"}],"about":[{"href":"https:\/\/eu.tilta.com\/de\/wp-json\/wp\/v2\/types\/product"}],"replies":[{"embeddable":true,"href":"https:\/\/eu.tilta.com\/de\/wp-json\/wp\/v2\/comments?post=1973084"}],"wp:featuredmedia":[{"embeddable":true,"href":"https:\/\/eu.tilta.com\/de\/wp-json\/wp\/v2\/media\/1971729"}],"wp:attachment":[{"href":"https:\/\/eu.tilta.com\/de\/wp-json\/wp\/v2\/media?parent=1973084"}],"wp:term":[{"taxonomy":"product_cat","embeddable":true,"href":"https:\/\/eu.tilta.com\/de\/wp-json\/wp\/v2\/product_cat?post=1973084"},{"taxonomy":"product_tag","embeddable":true,"href":"https:\/\/eu.tilta.com\/de\/wp-json\/wp\/v2\/product_tag?post=1973084"}],"curies":[{"name":"wp","href":"https:\/\/api.w.org\/{rel}","templated":true}]}}