{"id":1973092,"date":"2023-09-28T13:56:02","date_gmt":"2023-09-28T11:56:02","guid":{"rendered":"https:\/\/de.tilta.com\/shop\/tilta-micro-articulating-arm-black\/"},"modified":"2025-12-05T12:08:23","modified_gmt":"2025-12-05T11:08:23","slug":"tilta-micro-articulating-arm-black","status":"publish","type":"product","link":"https:\/\/eu.tilta.com\/de\/shop\/tilta-micro-articulating-arm-black\/","title":{"rendered":"Tilta Micro-Gelenkarm &#8211; Schwarz"},"content":{"rendered":"<div class=\"overview-text\">\n<p>Dieser Mikro-Gelenkarm ist die perfekte Option, um verschiedenes Zubeh\u00f6r an Ihrem Kamera-Rig zu befestigen.<\/p>\n<p>Dieser verstellbare Arm verf\u00fcgt \u00fcber \u00bc&#8221;-20 Befestigungspunkte an beiden Enden.<\/p>\n<p>Damit k\u00f6nnen Sie externe Monitore, elektronische Sucher, Kameraleuchten oder Mikrofone und anderes zus\u00e4tzliches Zubeh\u00f6r befestigen und deren Position anpassen.<\/p>\n<\/div>\n","protected":false},"excerpt":{"rendered":"<p>Dieser Mikro-Gelenkarm ist die perfekte Option, um verschiedenes Zubeh\u00f6r an Ihrem Kamera-Rig zu befestigen. Dieser verstellbare Arm verf\u00fcgt \u00fcber \u00bc&#8221;-20 Befestigungspunkte an beiden Enden. Damit k\u00f6nnen Sie externe Monitore, elektronische Sucher, Kameraleuchten oder Mikrofone und anderes zus\u00e4tzliches Zubeh\u00f6r befestigen und [&hellip;]<\/p>\n","protected":false},"featured_media":1971652,"comment_status":"closed","ping_status":"closed","template":"","meta":[],"product_cat":[1453,1073,1082,1083,1084,1104,1239,1211],"product_tag":[],"acf":[],"gallery_images":[1971649,1971651,1971646,1971645],"_links":{"self":[{"href":"https:\/\/eu.tilta.com\/de\/wp-json\/wp\/v2\/product\/1973092"}],"collection":[{"href":"https:\/\/eu.tilta.com\/de\/wp-json\/wp\/v2\/product"}],"about":[{"href":"https:\/\/eu.tilta.com\/de\/wp-json\/wp\/v2\/types\/product"}],"replies":[{"embeddable":true,"href":"https:\/\/eu.tilta.com\/de\/wp-json\/wp\/v2\/comments?post=1973092"}],"wp:featuredmedia":[{"embeddable":true,"href":"https:\/\/eu.tilta.com\/de\/wp-json\/wp\/v2\/media\/1971652"}],"wp:attachment":[{"href":"https:\/\/eu.tilta.com\/de\/wp-json\/wp\/v2\/media?parent=1973092"}],"wp:term":[{"taxonomy":"product_cat","embeddable":true,"href":"https:\/\/eu.tilta.com\/de\/wp-json\/wp\/v2\/product_cat?post=1973092"},{"taxonomy":"product_tag","embeddable":true,"href":"https:\/\/eu.tilta.com\/de\/wp-json\/wp\/v2\/product_tag?post=1973092"}],"curies":[{"name":"wp","href":"https:\/\/api.w.org\/{rel}","templated":true}]}}